{"id":994,"date":"2017-05-03T08:42:35","date_gmt":"2017-05-03T07:42:35","guid":{"rendered":"https:\/\/siriri.org\/?page_id=994"},"modified":"2022-06-20T16:04:26","modified_gmt":"2022-06-20T15:04:26","slug":"podporte-skola-hrou","status":"publish","type":"page","link":"https:\/\/siriri.org\/sg\/mu-maboko-na-mandango-ye-na-sarango-ngya-na-beafrika\/","title":{"rendered":"M\u00fb mab\u00f4ko na M\u00e4nd\u00e4ng\u00f6-y\u00ea na s\u00e4r\u00e4ng\u00f6-ngy\u00e2 na B\u00eaafr\u00eeka"},"content":{"rendered":"<p><span style=\"font-weight: 400;\">\u00c2gb\u00e2k\u00fbr\u00fb t\u00ee f\u00e4ng\u00f6-mb\u00ebt\u00ef ayeke da\u00e4 ndur\u00fb, s\u00ef \u00e2waf\u00e4ng\u00f6-mb\u00ebt\u00ef n\u00ee ay\u00ea t\u00ebn\u00eb \u00a0n\u00ee m\u00eengi. \u00c2m\u00fcn\u00e4 t\u00ee f\u00e4ng\u00f6-y\u00ea n\u00ee ayeke ng\u00e2 ndur\u00fc awe. T\u00eetene \u00eb vunga pial\u00f6 t\u00ee \u00eb s\u00f4 ayeke kw\u00ea ndur\u00fc s\u00f4 na \u00e2mb\u00ean\u00ee damb\u00ebt\u00ee nd\u00ea na daw\u00e4a, \u00eb bez\u00f4a nginza t\u00ee s\u00e2ra n\u00ee.<\/span><\/p>\n<p><span style=\"font-weight: 400;\">\u00c2ng\u00ear\u00eb.<\/span><\/p>\n<table>\n<tbody>\n<tr>\n<td><strong>1. Mb\u00ebt\u00ef-ger\u00eapa<\/strong><\/td>\n<td><strong>\u2026\u2026<\/strong><\/td>\n<td><strong>\u20ac 25<\/strong><\/td>\n<\/tr>\n<tr>\n<td><strong>Gb\u00e2k\u00fbr\u00fb t\u00ee f\u00e4ng\u00f6 mb\u00ebt\u00ef na \u00e2m\u00f4leng\u00ea 50 t\u00ee kub\u00fblik\u00f4lo \u00f4ko :<\/strong><\/td>\n<td><strong>\u2026\u2026<\/strong><\/td>\n<td><strong>\u20ac 99 <\/strong><\/td>\n<\/tr>\n<tr>\n<td><strong>F\u00e4ng\u00f6-y\u00ea na \u00e2waf\u00e4ng\u00f6-mb\u00ebt\u00ef t\u00ee B\u00eafr\u00eeka 15 <\/strong><\/td>\n<td><strong>\u2026\u2026<\/strong><\/td>\n<td><strong>\u20ac 1 400<\/strong><\/td>\n<\/tr>\n<\/tbody>\n<\/table>\n<p><span style=\"font-weight: 400;\">\u00cb l\u00eengbi t\u00ee m\u00fb mab\u00f4ko na \u00e2damb\u00ebt\u00ef, \u00e2waf\u00e4ng\u00f6-mb\u00ebt\u00ee na \u00e2m\u00f4leng\u00ea t\u00ee lik\u00f4lo na B\u00eaafr\u00eeka al\u00eengbi g\u00ef na w\u00fcng\u00f6 t\u00ee nginza s\u00f4 \u00eb l\u00eengbi t\u00ee wara nd\u00e2li t\u00ee \u00e2la.<\/span><\/p>\n<p><span style=\"font-weight: 400;\">\u00cb yeke s\u00e2ra ngb\u00f4nga t\u00ee \u00e2gb\u00e2k\u00fbr\u00fb t\u00ee f\u00e4ng\u00f6-mb\u00ebt\u00ef n\u00ee kw\u00ea g\u00ef na B\u00eaafr\u00eeka wala na y\u00e2 t\u00ee \u00e2k\u00f6d\u00f6r\u00f6 t\u00ee ter\u00ea n\u00ee. Dap\u00ebt\u00eb Macacos na Kamer\u00fbne la\u00e2 apete \u00e2mb\u00ebt\u00ef-ger\u00e2pa n\u00ee na 2016. F\u00f4ko \u00eb y\u00f4o ng\u00e2 \u00e2gb\u00e2k\u00fbr\u00fb s\u00f4 a s\u00e2ra n\u00ee na Pr\u00e2ga.<\/span><\/p>\n<p>&nbsp;<\/p>\n<h2 style=\"text-align: center;\"><strong>K\u00f4nde t\u00ee pial\u00f6 M\u00e4nd\u00e4ng\u00f6-y\u00ea na s\u00e4r\u00e4ng\u00f6-ngy\u00e2 na B\u00eaafr\u00eeka: 636621\/5500.<\/strong><\/h2>\n<p><strong>\u00c2la y\u00ea t\u00ee wara \u00e2mb\u00ean\u00ee \u00e2sango da\u00e4?<\/strong><\/p>\n<p><span style=\"font-weight: 400;\">\u00c2la k\u00fc k\u00fcng\u00f6 p\u00ebpe t\u00ee t\u00e2ngbi na \u00e2wapial\u00f6 s\u00f4:<\/span><\/p>\n<p><strong>Estelle de Montard<\/strong><\/p>\n<p><a href=\"mailto:estelle.demontard@siriri.org\"><span style=\"font-weight: 400;\">estelle.demontard@siriri.org<\/span><\/a><\/p>\n<ul>\n<li style=\"font-weight: 400;\"><span style=\"font-weight: 400;\">Wad\u00f6ngb\u00efng\u00f6 \u00e2kua t\u00ee pial\u00f6 &#8220;M\u00e4nd\u00e4ng\u00f6-y\u00ea na s\u00e4r\u00e4ng\u00f6-ngy\u00e2 na B\u00eaafr\u00eeka&#8221;.<\/span><\/li>\n<\/ul>\n<p><strong>Ludmila B\u00f6hmov\u00e1<\/strong><\/p>\n<p><a href=\"mailto:ludmila.bohmova@siriri.org\"><span style=\"font-weight: 400;\">ludmila.bohmova@siriri.org<\/span><\/a><\/p>\n<ul>\n<li style=\"font-weight: 400;\"><span style=\"font-weight: 400;\">Wat\u00f6ng\u00f6 nd\u00e2 t\u00ee pial\u00f6 &#8220;M\u00e4nd\u00e4ng\u00f6-y\u00ea na s\u00e4r\u00e4ng\u00f6-ngy\u00e2 na B\u00eaafr\u00eeka&#8221;, waf\u00e4ng\u00f6-mb\u00ebt\u00ef, fomb\u00e2-was\u00ebk\u00e4ng\u00f6-SI\u00ceR\u00ceR\u00ce \u00a0o.p.s., waf\u00e4ng\u00f6-mb\u00ebt\u00ef na y\u00e2 t\u00ee pial\u00f6 t\u00ee f\u00e4ng\u00f6-y\u00ea na \u00e2waf\u00e4ng\u00f6-mb\u00ebt\u00ef t\u00ee B\u00eaafr\u00eeka. Ludmila ayeke gue ka na B\u00eaafr\u00eeka t\u00ee s\u00e2ra kua k\u00e2 ngb\u00earey\u00ea na 2011.<\/span><\/li>\n<\/ul>\n<p><\/p>","protected":false},"excerpt":{"rendered":"<p>\u00c2gb\u00e2k\u00fbr\u00fb t\u00ee f\u00e4ng\u00f6-mb\u00ebt\u00ef ayeke da\u00e4 ndur\u00fb, s\u00ef \u00e2waf\u00e4ng\u00f6-mb\u00ebt\u00ef n\u00ee ay\u00ea t\u00ebn\u00eb \u00a0n\u00ee m\u00eengi. \u00c2m\u00fcn\u00e4 t\u00ee f\u00e4ng\u00f6-y\u00ea n\u00ee ayeke ng\u00e2 ndur\u00fc awe. T\u00eetene \u00eb vunga pial\u00f6 t\u00ee \u00eb s\u00f4 ayeke kw\u00ea ndur\u00fc s\u00f4 na \u00e2mb\u00ean\u00ee damb\u00ebt\u00ee nd\u00ea na daw\u00e4a, \u00eb bez\u00f4a nginza t\u00ee s\u00e2ra n\u00ee. \u00c2ng\u00ear\u00eb. 1. Mb\u00ebt\u00ef-ger\u00eapa \u2026\u2026 \u20ac 25 Gb\u00e2k\u00fbr\u00fb t\u00ee f\u00e4ng\u00f6 mb\u00ebt\u00ef na [&hellip;]<\/p>\n","protected":false},"author":3,"featured_media":0,"parent":0,"menu_order":10,"comment_status":"closed","ping_status":"closed","template":"page_full_skolahrou.php","meta":[],"_links":{"self":[{"href":"https:\/\/siriri.org\/sg\/wp-json\/wp\/v2\/pages\/994"}],"collection":[{"href":"https:\/\/siriri.org\/sg\/wp-json\/wp\/v2\/pages"}],"about":[{"href":"https:\/\/siriri.org\/sg\/wp-json\/wp\/v2\/types\/page"}],"author":[{"embeddable":true,"href":"https:\/\/siriri.org\/sg\/wp-json\/wp\/v2\/users\/3"}],"replies":[{"embeddable":true,"href":"https:\/\/siriri.org\/sg\/wp-json\/wp\/v2\/comments?post=994"}],"version-history":[{"count":4,"href":"https:\/\/siriri.org\/sg\/wp-json\/wp\/v2\/pages\/994\/revisions"}],"predecessor-version":[{"id":2114,"href":"https:\/\/siriri.org\/sg\/wp-json\/wp\/v2\/pages\/994\/revisions\/2114"}],"wp:attachment":[{"href":"https:\/\/siriri.org\/sg\/wp-json\/wp\/v2\/media?parent=994"}],"curies":[{"name":"wp","href":"https:\/\/api.w.org\/{rel}","templated":true}]}}