{"id":5,"date":"2016-07-26T15:25:09","date_gmt":"2016-07-26T14:25:09","guid":{"rendered":"https:\/\/siriri.org\/?page_id=5"},"modified":"2020-12-01T13:25:19","modified_gmt":"2020-12-01T12:25:19","slug":"uvodni-stranka","status":"publish","type":"page","link":"https:\/\/siriri.org\/sg\/","title":{"rendered":"G\u00e4 nz\u00f6n\u00ee"},"content":{"rendered":"","protected":false},"excerpt":{"rendered":"","protected":false},"author":3,"featured_media":721,"parent":0,"menu_order":1,"comment_status":"closed","ping_status":"closed","template":"page_homepage.php","meta":[],"_links":{"self":[{"href":"https:\/\/siriri.org\/sg\/wp-json\/wp\/v2\/pages\/5"}],"collection":[{"href":"https:\/\/siriri.org\/sg\/wp-json\/wp\/v2\/pages"}],"about":[{"href":"https:\/\/siriri.org\/sg\/wp-json\/wp\/v2\/types\/page"}],"author":[{"embeddable":true,"href":"https:\/\/siriri.org\/sg\/wp-json\/wp\/v2\/users\/3"}],"replies":[{"embeddable":true,"href":"https:\/\/siriri.org\/sg\/wp-json\/wp\/v2\/comments?post=5"}],"version-history":[{"count":21,"href":"https:\/\/siriri.org\/sg\/wp-json\/wp\/v2\/pages\/5\/revisions"}],"predecessor-version":[{"id":1349,"href":"https:\/\/siriri.org\/sg\/wp-json\/wp\/v2\/pages\/5\/revisions\/1349"}],"wp:featuredmedia":[{"embeddable":true,"href":"https:\/\/siriri.org\/sg\/wp-json\/wp\/v2\/media\/721"}],"wp:attachment":[{"href":"https:\/\/siriri.org\/sg\/wp-json\/wp\/v2\/media?parent=5"}],"curies":[{"name":"wp","href":"https:\/\/api.w.org\/{rel}","templated":true}]}}