{"id":344,"date":"2016-09-01T09:47:11","date_gmt":"2016-09-01T08:47:11","guid":{"rendered":"https:\/\/siriri.org\/?page_id=344"},"modified":"2018-02-19T10:35:26","modified_gmt":"2018-02-19T09:35:26","slug":"klicove-pojmy","status":"publish","type":"page","link":"https:\/\/siriri.org\/sg\/kpengba-ye-ti-hinga\/","title":{"rendered":"Kp\u00ebngb\u00e4 y\u00ea t\u00ee h\u00eenga"},"content":{"rendered":"<p><\/p>\n<h3><strong>Mayngo-ndo s\u00f4 an\u00eenga<\/strong><\/h3>\n<p><span style=\"font-weight: 400;\">Na K\u00f6d\u00f6r\u00f6s\u00ease t\u00ee B\u00eaafr\u00eeka s\u00f4 ayeke b\u00e2a p\u00e2si dip\u00eei na y\u00ebr\u00eb, ayeke t\u00ebn\u00eb t\u00ee m\u00fcng\u00f6 mab\u00f4ko na zo f\u00e2n\u00ee \u00f4ko awe p\u00ebpe, me t\u00ee s\u00e2ra s\u00ef \u00e2wak\u00f6d\u00f6r\u00f6 n\u00ee al\u00eengbi &#8220;t\u00ee l\u00fct\u00ef na nd\u00f6 t\u00ee ger\u00ea t\u00ee \u00e2la-mven\u00ee&#8221;.<\/span><\/p>\n<h3><strong>K\u00efr\u00efng\u00f6 nz\u00f6n\u00ee na mb\u00e2<\/strong><\/h3>\n<p><span style=\"font-weight: 400;\">\u00cb s\u00e2ra kua s\u00f4 na b\u00ea t\u00ee \u00eb kw\u00ea s\u00ef az\u00eea ngy\u00e2 na b\u00ea t\u00ee \u00eb m\u00eengi L\u00eag\u00eb \u00f4ko s\u00f4 \u00e2wak\u00f6d\u00f6r\u00f6 t\u00ee Ty\u00eaki ayeke tunge \u00e2kua s\u00f4 nd\u00e2li t\u00ee \u00e2Wab\u00eaafr\u00eeka, \u00e2Wab\u00eaafr\u00eeka az\u00ee l\u00ea t\u00ee \u00e2wak\u00f6d\u00f6r\u00f6 t\u00ee Ty\u00eaki t\u00ee h\u00eenga atene nd\u00f6g\u00eeg\u00ee mobimba angb\u00e2 g\u00ef na y\u00e2ng\u00e2da t\u00ee \u00e2la p\u00ebpe. K\u00eat\u00ea y\u00ea s\u00f4 K\u00f6d\u00f6s\u00ease t\u00ee Ty\u00eaki ayeke m\u00fb, zo al\u00eengbi ti s\u00e2ra gb\u00e2 t\u00ee y\u00ea m\u00eengi na n\u00ee na K\u00f6d\u00f6r\u00f6s\u00ease t\u00ee B\u00eaafr\u00eeka.<\/span><\/p>\n<h3><strong>B\u00f6s\u00f6 t\u00ee kuas\u00eang\u00ea<\/strong><\/h3>\n<p><span style=\"font-weight: 400;\">At\u00e2a s\u00f4 \u00e2wakua t\u00ee S\u00ceR\u00ceR\u00ce ayeke s\u00e2ra ngang\u00fc kw\u00ea t\u00ee lok\u00f4to nginza nd\u00e2li t\u00ee \u00e2pial\u00f6 t\u00ee lo, nginza n\u00ee ayeke gue na y\u00e2 t\u00ee boz\u00f6 t\u00ee \u00e2wap\u00f6p\u00f6 n\u00ee p\u00ebpe.<\/span><\/p>\n<h3><strong>B\u00f6s\u00f6 yamba na poros\u00f6<\/strong><\/h3>\n<p><span style=\"font-weight: 400;\">At\u00e2a s\u00f4 \u00e2bu\u00e4kod\u00eb kw\u00ea am\u00e2ngbi t\u00ee tene m\u00fcng\u00f6 mab\u00f4ko t\u00ee mayng\u00f6-ndo ayeke t\u00ebn\u00eb t\u00ee poros\u00f6, pial\u00f6 t\u00ee S\u00ceR\u00ceR\u00ce ayeke yamba na poros\u00f6 kw\u00ea, s\u00ef ayeke ng\u00e2 nd\u00e2li t\u00ee mb\u00ean\u00ee kam\u00e2-poros\u00f6 \u00f4ko p\u00ebpe.<\/span><\/p>\n<h3><strong>B\u00f6s\u00f6 yamba na mar\u00e4nzap\u00e4<\/strong><\/h3>\n<p><span style=\"font-weight: 400;\">At\u00e2a s\u00f4 S\u00ceR\u00ceR\u00ce ayeke s\u00e2ra kua mab\u00f4ko na mab\u00f4ko na mb\u00ean\u00ee lamis\u00efon t\u00ee kret\u00efen, kua t\u00ee lo ayeke t\u00ee m\u00fb mab\u00f4ko na \u00e2zo kwe s\u00f4 ayeke na y\u00e2 t\u00ee p\u00e2asi, ayeke t\u00ee fa t\u00ebn\u00eb t\u00ee mb\u00ean\u00ee mar\u00e4nzap\u00e4 na \u00e2la p\u00ebpe.<\/span><\/p>\n<h3><strong>S\u00eat\u00e2r\u00e2r\u00e2<\/strong><\/h3>\n<p>Ayeke pol\u00eal\u00ea na l\u00ea t\u00ee \u00eb. \u00cb h\u00eenga s\u00f4 s\u00ef \u00e2wam\u00fcng\u00f6-mb\u00f4ngo na \u00eb ayeke k\u00f6t\u00e4 y\u00ea m\u00eengi na \u00eb, n\u00ee la\u00e2 \u00eb yeke fa l\u00e2kw\u00ea \u00e2pial\u00f6 t\u00ee \u00eb t\u00e2r\u00e2r\u00e2, \u00f4ko na \u00f4ko yamba na mb\u00e2. Nd\u00e2li n\u00ee, na y\u00e2 t\u00ee \u00e2t\u00f6nd\u00f6 t\u00ee kua t\u00ee \u00eb t\u00ee ng\u00fb \u00f4ko \u00f4ko, \u00eb yeke fa \u00e2b\u00eata\u00e2 k\u00f4nde t\u00ee \u00eb s\u00f4 lab\u00e2nge abeke n\u00ee.<\/p>","protected":false},"excerpt":{"rendered":"<p>Mayngo-ndo s\u00f4 an\u00eenga Na K\u00f6d\u00f6r\u00f6s\u00ease t\u00ee B\u00eaafr\u00eeka s\u00f4 ayeke b\u00e2a p\u00e2si dip\u00eei na y\u00ebr\u00eb, ayeke t\u00ebn\u00eb t\u00ee m\u00fcng\u00f6 mab\u00f4ko na zo f\u00e2n\u00ee \u00f4ko awe p\u00ebpe, me t\u00ee s\u00e2ra s\u00ef \u00e2wak\u00f6d\u00f6r\u00f6 n\u00ee al\u00eengbi &#8220;t\u00ee l\u00fct\u00ef na nd\u00f6 t\u00ee ger\u00ea t\u00ee \u00e2la-mven\u00ee&#8221;. K\u00efr\u00efng\u00f6 nz\u00f6n\u00ee na mb\u00e2 \u00cb s\u00e2ra kua s\u00f4 na b\u00ea t\u00ee \u00eb kw\u00ea s\u00ef az\u00eea [&hellip;]<\/p>\n","protected":false},"author":3,"featured_media":714,"parent":0,"menu_order":13,"comment_status":"closed","ping_status":"closed","template":"","meta":[],"_links":{"self":[{"href":"https:\/\/siriri.org\/sg\/wp-json\/wp\/v2\/pages\/344"}],"collection":[{"href":"https:\/\/siriri.org\/sg\/wp-json\/wp\/v2\/pages"}],"about":[{"href":"https:\/\/siriri.org\/sg\/wp-json\/wp\/v2\/types\/page"}],"author":[{"embeddable":true,"href":"https:\/\/siriri.org\/sg\/wp-json\/wp\/v2\/users\/3"}],"replies":[{"embeddable":true,"href":"https:\/\/siriri.org\/sg\/wp-json\/wp\/v2\/comments?post=344"}],"version-history":[{"count":5,"href":"https:\/\/siriri.org\/sg\/wp-json\/wp\/v2\/pages\/344\/revisions"}],"predecessor-version":[{"id":1332,"href":"https:\/\/siriri.org\/sg\/wp-json\/wp\/v2\/pages\/344\/revisions\/1332"}],"wp:featuredmedia":[{"embeddable":true,"href":"https:\/\/siriri.org\/sg\/wp-json\/wp\/v2\/media\/714"}],"wp:attachment":[{"href":"https:\/\/siriri.org\/sg\/wp-json\/wp\/v2\/media?parent=344"}],"curies":[{"name":"wp","href":"https:\/\/api.w.org\/{rel}","templated":true}]}}