{"id":270,"date":"2016-08-31T08:50:23","date_gmt":"2016-08-31T07:50:23","guid":{"rendered":"https:\/\/siriri.org\/?page_id=270"},"modified":"2026-02-13T17:12:57","modified_gmt":"2026-02-13T16:12:57","slug":"stredoafricka-republika","status":"publish","type":"page","link":"https:\/\/siriri.org\/sg\/kodorosese-ti-beafrika\/","title":{"rendered":"K\u00f6d\u00f6r\u00f6s\u00ease t\u00ee B\u00eaafr\u00eeka"},"content":{"rendered":"<p><span style=\"font-weight: 400;\">\u00c2m\u00fcn\u00e4 t\u00ee Damb\u00f4ngo t\u00ee p\u00f6p\u00f6k\u00f6d\u00f6r\u00f6 t\u00ebt\u00ee mar\u00e4nginza (FMI) afa atene kuk\u00fbu d\u00fcng\u00f6 mosoro t\u00ee y\u00e2ngb\u00f6 t\u00ee K\u00f6d\u00f6r\u00f6s\u00ease t\u00ee B\u00eaafr\u00eeka ayeke 27n\u00ee na p\u00f6p\u00f6 t\u00f4 \u00e2k\u00eat\u00ea n\u00ee kw\u00ea (K\u00f4d\u00f4r\u00f6 n\u00ee ayeke 164 n\u00ee na y\u00e2 t\u00ee \u00e2k\u00f6d\u00f6r\u00f4 191). K\u00f6d\u00f6r\u00f6s\u00ease t\u00ee Ty\u00eaki ayeke na s\u00eamolong\u00f6 t\u00ee 41 n\u00ee (Wikipedia).<\/span><\/p>\n<p><span style=\"font-weight: 400;\">Ngarang\u00e2ra t\u00ee fandoto t\u00ee mayng\u00f6-zo (human development index) s\u00f4 at\u00e2ngbi \u00e2sop\u00eb nd\u00ea nd\u00ea (t\u00f6ngana m\u00e4b\u00ea t\u00ee n\u00eenga na g\u00eeg\u00ee, s\u00eay\u00e2ngbangbo t\u00ee d\u00efk\u00f6ng\u00f6-mb\u00ebt\u00ef, h\u00eeng\u00e4ng\u00f6-ndo, na ndoto t\u00ee s\u00eadut\u00ef), K\u00f6d\u00f6r\u00f6s\u00ease t\u00ee B\u00eaafr\u00eeka ayeke 3 k\u00f6d\u00f6r\u00f6-y\u00ebr\u00eb t\u00ee nd\u00f6g\u00eeg\u00ee mobimba. K\u00f6d\u00f6r\u00f6s\u00ease t\u00ee Ty\u00eaki ayeke t\u00ee lo na s\u00eamolong\u00f6 t\u00ee 28 n\u00ee (Wikipedia).<\/span><\/p>\n<a class=\"button red callToAction \" href=\"https:\/\/siriri.org\/historie-sar\/\">\u00c2nd\u00e2ngb\u00e2 paz\u00eend\u00e2<\/a>\n<p>&nbsp;<\/p>\n<table>\n<tbody>\n<tr>\n<td><span style=\"font-weight: 400;\">K\u00f6d\u00f6r\u00f6<\/span><\/td>\n<td><span style=\"font-weight: 400;\">K\u00f6d\u00f6r\u00f6s\u00ease t\u00ee B\u00eaafr\u00eeka<\/span><\/td>\n<td><span style=\"font-weight: 400;\">K\u00f6d\u00f6r\u00f6s\u00ease t\u00ee Ty\u00eaki<\/span><\/td>\n<\/tr>\n<tr>\n<td><span style=\"font-weight: 400;\">K\u00f6n\u00f6ng\u00f6 l\u00ea n\u00ee<\/span><\/td>\n<td><span style=\"font-weight: 400;\">km\u00b2 622 984<\/span><\/td>\n<td><span style=\"font-weight: 400;\">km\u00b2 78 864 <\/span><span style=\"font-weight: 400;\"><br \/>\n<\/span><span style=\"font-weight: 400;\">(f\u00e2n\u00ee 8 na gbe n\u00ee<\/span><\/td>\n<\/tr>\n<tr>\n<td><span style=\"font-weight: 400;\">W\u00fcng\u00f6 t\u00ee hal\u00ebzo<\/span><\/td>\n<td><span style=\"font-weight: 400;\">\u00c2zo k\u00fbtu 6,1<\/span><\/td>\n<td><span style=\"font-weight: 400;\">\u00c2zo k\u00fbtu 10,9 (f\u00e2n\u00ee \u00fbse ah\u00f6n)<\/span><\/td>\n<\/tr>\n<tr>\n<td><span style=\"font-weight: 400;\">S\u00eamim\u00eei t\u00ee hal\u00ebzo<\/span><\/td>\n<td><span style=\"font-weight: 400;\">\u00c2zo 9 y\u00e2 km\u00b2<\/span><\/td>\n<td><span style=\"font-weight: 400;\">\u00c2zo 136 y\u00e2 km\u00b2<\/span><\/td>\n<\/tr>\n<tr>\n<td><span style=\"font-weight: 400;\">\u00c2y\u00e2ng\u00e2<\/span><\/td>\n<td><span style=\"font-weight: 400;\">far\u00e2nzi na s\u00e4ng\u00f6 <\/span><\/p>\n<p><span style=\"font-weight: 400;\">(y\u00e2ng\u00e2 t\u00ee Let\u00e4a \u00fbse kw\u00ea)<\/span><\/td>\n<td><span style=\"font-weight: 400;\">ty\u00eaki<\/span><\/td>\n<\/tr>\n<tr>\n<td><span style=\"font-weight: 400;\">S\u00e4r\u00e4ng\u00f6-nzap\u00e4<\/span><\/td>\n<td><span style=\"font-weight: 400;\">\u00c2was\u00e4r\u00e4ng\u00f6 nzap\u00e4 t\u00ee \u00e2k\u00f6tar\u00e4 35 % <\/span><\/p>\n<p><span style=\"font-weight: 400;\">\u00c2k\u00e4t\u00f6l\u00eeki 25%<\/span><\/p>\n<p><span style=\"font-weight: 400;\">\u00c2m\u00e4nab\u00ea 25%<\/span><\/p>\n<p><span style=\"font-weight: 400;\">\u00c2mizil\u00efmi 15%<\/span><\/td>\n<td><span style=\"font-weight: 400;\">\u00c2la s\u00f4 afa nzap\u00e4 t\u00ee \u00e2la p\u00ebpe 79%<\/span><\/p>\n<p><span style=\"font-weight: 400;\">\u00c2k\u00e4t\u00f6l\u00eeki 9,3 % <\/span><\/p>\n<p><span style=\"font-weight: 400;\">\u00c2m\u00e4nab\u00ea 2,4 % <\/span><\/p>\n<p><span style=\"font-weight: 400;\">\u00c2mb\u00ean\u00ee nzap\u00e4 nd\u00ea 3 % <\/span><\/td>\n<\/tr>\n<tr>\n<td><span style=\"font-weight: 400;\">B\u00eali t\u00ee h\u00f6t\u00f6<\/span><\/td>\n<td><span style=\"font-weight: 400;\">H\u00f6t\u00f6 Ngawi (m 1 420)<\/span><\/td>\n<td><span style=\"font-weight: 400;\">Sn\u011b\u017eka (m 1 602)<\/span><\/td>\n<\/tr>\n<tr>\n<td><span style=\"font-weight: 400;\">Mar\u00e4 Let\u00e4a<\/span><\/td>\n<td><span style=\"font-weight: 400;\">K\u00f6d\u00f6r\u00f6s\u00ease t\u00ee B\u00eaafr\u00eeka<\/span><\/td>\n<td><span style=\"font-weight: 400;\">K\u00f6d\u00f6r\u00f6s\u00ease t\u00ee Ty\u00eaki<\/span><\/td>\n<\/tr>\n<tr>\n<td><span style=\"font-weight: 400;\">K\u00f6t\u00e4-gb\u00e4t\u00e4<\/span><\/td>\n<td><span style=\"font-weight: 400;\">Bang\u00ee (\u00e2wagb\u00e4t\u00e4 n\u00ee k\u00fbtu 1)<\/span><\/td>\n<td><span style=\"font-weight: 400;\">Pr\u00e2ga (\u00e2wagb\u00e4t\u00e4 n\u00ee k\u00fbtu 1,4)<\/span><\/td>\n<\/tr>\n<tr>\n<td><span style=\"font-weight: 400;\">K\u00e2p\u00e4 t\u00ee s\u00ebk\u00e4ng\u00f6 Let\u00e4a n\u00ee<\/span><\/td>\n<td><span style=\"font-weight: 400;\">13 K\u00fck\u00fcr\u00fc 1960<\/span><\/p>\n<p><span style=\"font-weight: 400;\">(k\u00e2p\u00e4 t\u00ee g\u00e4ng\u00f6 ndepand\u00e4a yamba na Far\u00e2nzi)<\/span><\/td>\n<td><span style=\"font-weight: 400;\">1 Nienie 1993<\/span><\/td>\n<\/tr>\n<tr>\n<td><span style=\"font-weight: 400;\">Mar\u00e4nginza<\/span><\/td>\n<td><span style=\"font-weight: 400;\">Far\u00e2nga t\u00ee B\u00eaafr\u00eeka (FCFA)<\/span><\/td>\n<td><span style=\"font-weight: 400;\">Kur\u00f4ni t\u00ee Ty\u00eaki<\/span><\/td>\n<\/tr>\n<tr>\n<td colspan=\"3\"><b>M\u00fcn\u00e4 t\u00ee K\u00f6n\u00f6m\u00ef<\/b><\/td>\n<\/tr>\n<tr>\n<td><span style=\"font-weight: 400;\">PIB \/wak\u00f6d\u00f6r\u00f6<\/span><\/td>\n<td><span style=\"font-weight: 400;\">czk 7 956<\/span><\/p>\n<p><span style=\"font-weight: 400;\">(5 PIB\/wk t\u00ee k\u00eat\u00ea n\u00ee ah\u00f6n kw\u00ea)<\/span><\/td>\n<td><span style=\"font-weight: 400;\">czk 647 083<\/span><span style=\"font-weight: 400;\"><br \/>\n<\/span><span style=\"font-weight: 400;\">(f\u00e2n\u00ee 80 na nd\u00fcz\u00fc)<\/span><\/td>\n<\/tr>\n<tr>\n<td><span style=\"font-weight: 400;\">Na gbe t\u00ee maka t\u00ee y\u00ebr\u00eb<\/span><\/td>\n<td><span style=\"font-weight: 400;\">\u00c2wak\u00f6d\u00f6r\u00f6 71,6 % ayeke te y\u00ea na f\u00f6nd\u00f6g\u00f6 t\u00ee nginza s\u00f4 ayeke na gbe t\u00ee dol\u00e4r 2 na l\u00e4ng\u00f6 \u00f4ko <\/span><\/td>\n<td><span style=\"font-weight: 400;\">\u2013<\/span><\/td>\n<\/tr>\n<tr>\n<td colspan=\"3\"><b>\u00c4m\u00fcn\u00e4 t\u00ee s\u00eadut\u00ef<\/b><\/td>\n<\/tr>\n<tr>\n<td><span style=\"font-weight: 400;\">S\u00eay\u00e2ngbangbo t\u00ee d\u00efk\u00f6ng\u00f6-mb\u00ebt\u00ef<\/span><\/td>\n<td><span style=\"font-weight: 400;\">37,5 %<\/span><\/td>\n<td><span style=\"font-weight: 400;\">99,9 % (f\u00e2n\u00ee \u00fbse ah\u00f6n)<\/span><\/td>\n<\/tr>\n<tr>\n<td><span style=\"font-weight: 400;\">Ng\u00fb t\u00ee ny\u00f6ng\u00f6 (s\u00f4 zo al\u00eengbi t\u00ee nyon)<\/span><\/td>\n<td><span style=\"font-weight: 400;\">l\u00eetiri 7 000 \u00a0\/wak\u00f6d\u00f6r\u00f6 \/ng\u00fb (t\u00ee wak\u00f6d\u00f6r\u00f6 \u00f4ko na y\u00e2 t\u00ee ng\u00fb \u00a0\u00f4ko)<\/span><\/td>\n<td><span style=\"font-weight: 400;\">l\u00eetiri 33 945 \/wak\u00f6d\u00f4r\u00f4 \/ng\u00fb<\/span><\/td>\n<\/tr>\n<tr>\n<td><span style=\"font-weight: 400;\">Mar\u00e4 t\u00ee da<\/span><\/td>\n<td><span style=\"font-weight: 400;\">\u00c2wak\u00f6d\u00f6r\u00f6 62 % al\u00e4ng\u00f6 na y\u00e2 t\u00ee \u00e2da t\u00ee batakangi na p\u00ear\u00eb <\/span><\/p>\n<p><span style=\"font-weight: 400;\">3,4 % na da t\u00ee bir\u00eeki<\/span><\/td>\n<td><\/td>\n<\/tr>\n<tr>\n<td colspan=\"3\"><b>S\u00eando t\u00ee s\u00ean\u00ee<\/b><\/td>\n<\/tr>\n<tr>\n<td><span style=\"font-weight: 400;\">Mar\u00e4 t\u00ee kob\u00eala<\/span><\/td>\n<td><span style=\"font-weight: 400;\">SIDA, pal\u00fch, s\u00f6ng\u00f6 y\u00e2, s\u00ebn\u00eb t\u00ee pepew\u00fcng\u00f6<\/span><\/td>\n<td><\/td>\n<\/tr>\n<tr>\n<td><span style=\"font-weight: 400;\">SIDA na p\u00f6p\u00f6 t\u00ee \u00e2zo s\u00f4 ag\u00e4 k\u00f6t\u00e4 awe<\/span><\/td>\n<td><span style=\"font-weight: 400;\">4,7 % (11 k\u00f6d\u00f6r\u00f6 t\u00ee nd\u00f6g\u00eeg\u00ee s\u00f4 awara awakob\u00eala n\u00ee ah\u00f6n mb\u00e2)<\/span><\/td>\n<td><span style=\"font-weight: 400;\">0,1 %<\/span><\/td>\n<\/tr>\n<tr>\n<td><span style=\"font-weight: 400;\">Tyang\u00f6-k\u00f4be<\/span><\/td>\n<td><span style=\"font-weight: 400;\"> 48 % t\u00ee hal\u00ebzo n\u00ee ayeke b\u00e2a p\u00e2si na kob\u00eala t\u00ee tyang\u00f6-k\u00f4be (9 s\u00eamolong\u00f6 n\u00ee na nd\u00f6g\u00eeg\u00ee mobimba).<\/span><\/td>\n<td><\/td>\n<\/tr>\n<tr>\n<td><span style=\"font-weight: 400;\">K\u00f6t\u00e4 k\u00f6r\u00f6<\/span><\/td>\n<td><span style=\"font-weight: 400;\">540 pour 100.000<\/span><\/td>\n<td><\/td>\n<\/tr>\n<tr>\n<td><span style=\"font-weight: 400;\">S\u00eay\u00e2ngbangbo t\u00ee mayng\u00f6 n\u00ee na y\u00e2 t\u00ee ng\u00fb \u00f4ko.<\/span><\/td>\n<td><span style=\"font-weight: 400;\">3,4 %<\/span><\/td>\n<td><span style=\"font-weight: 400;\">0,004 %<\/span><\/td>\n<\/tr>\n<tr>\n<td><span style=\"font-weight: 400;\">S\u00eay\u00e2s\u00e2ki t\u00ee kw\u00e2 t\u00ee \u00e2m\u00f4leng\u00ea t\u00ee gbe t\u00ee ng\u00fb ok\u00fc.<\/span><\/td>\n<td><span style=\"font-weight: 400;\">92 y\u00e2 1000 s\u00f4 a d\u00fc \u00e2la ak\u00fbi.<\/span><\/p>\n<p>&nbsp;<\/td>\n<td><span style=\"font-weight: 400;\">3 y\u00e2 1000 s\u00f4 a d\u00fc \u00e2la ak\u00fbi\u00a0<\/span><\/td>\n<\/tr>\n<tr>\n<td><span style=\"font-weight: 400;\">F\u00f6 t\u00ee ng\u00fb t\u00ee \u00e2wak\u00f6d\u00f6r\u00f6 n\u00ee<\/span><\/td>\n<td><span style=\"font-weight: 400;\">Ng\u00fb 15<\/span><\/td>\n<td><span style=\"font-weight: 400;\">Ng\u00fb 43 (ah\u00f6n f\u00e2n\u00ee ota)<\/span><\/td>\n<\/tr>\n<tr>\n<td><span style=\"font-weight: 400;\">W\u00fcng\u00f6 t\u00ee \u00e2wak\u00f6d\u00f6r\u00f6 nd\u00e2li t\u00ee wanganga \u00f4ko<\/span><\/td>\n<td><span style=\"font-weight: 400;\">18660<\/span><\/td>\n<td><span style=\"font-weight: 400;\">270 (f\u00e2n\u00ee 69 na gben\u00ee)<\/span><\/td>\n<\/tr>\n<\/tbody>\n<\/table>\n<p><span style=\"font-weight: 400;\">Al\u00f6nd\u00f6 na:<\/span><\/p>\n<p><a href=\"https:\/\/www.cia.gov\/library\/publications\/the-world-factbook\/geos\/ct.html\"><span style=\"font-weight: 400;\">https:\/\/www.cia.gov\/library\/publications\/the-world-factbook\/geos\/ct.html<\/span><\/a><\/p>\n<p><a href=\"http:\/\/en.wikipedia.org\/\"><span style=\"font-weight: 400;\">http:\/\/en.wikipedia.org\/<\/span><\/a><\/p>","protected":false},"excerpt":{"rendered":"<p>\u00c2m\u00fcn\u00e4 t\u00ee Damb\u00f4ngo t\u00ee p\u00f6p\u00f6k\u00f6d\u00f6r\u00f6 t\u00ebt\u00ee mar\u00e4nginza (FMI) afa atene kuk\u00fbu d\u00fcng\u00f6 mosoro t\u00ee y\u00e2ngb\u00f6 t\u00ee K\u00f6d\u00f6r\u00f6s\u00ease t\u00ee B\u00eaafr\u00eeka ayeke 27n\u00ee na p\u00f6p\u00f6 t\u00f4 \u00e2k\u00eat\u00ea n\u00ee kw\u00ea (K\u00f4d\u00f4r\u00f6 n\u00ee ayeke 164 n\u00ee na y\u00e2 t\u00ee \u00e2k\u00f6d\u00f6r\u00f4 191). K\u00f6d\u00f6r\u00f6s\u00ease t\u00ee Ty\u00eaki ayeke na s\u00eamolong\u00f6 t\u00ee 41 n\u00ee (Wikipedia). Ngarang\u00e2ra t\u00ee fandoto t\u00ee mayng\u00f6-zo (human development index) [&hellip;]<\/p>\n","protected":false},"author":3,"featured_media":688,"parent":0,"menu_order":14,"comment_status":"closed","ping_status":"closed","template":"","meta":[],"_links":{"self":[{"href":"https:\/\/siriri.org\/sg\/wp-json\/wp\/v2\/pages\/270"}],"collection":[{"href":"https:\/\/siriri.org\/sg\/wp-json\/wp\/v2\/pages"}],"about":[{"href":"https:\/\/siriri.org\/sg\/wp-json\/wp\/v2\/types\/page"}],"author":[{"embeddable":true,"href":"https:\/\/siriri.org\/sg\/wp-json\/wp\/v2\/users\/3"}],"replies":[{"embeddable":true,"href":"https:\/\/siriri.org\/sg\/wp-json\/wp\/v2\/comments?post=270"}],"version-history":[{"count":59,"href":"https:\/\/siriri.org\/sg\/wp-json\/wp\/v2\/pages\/270\/revisions"}],"predecessor-version":[{"id":4356,"href":"https:\/\/siriri.org\/sg\/wp-json\/wp\/v2\/pages\/270\/revisions\/4356"}],"wp:featuredmedia":[{"embeddable":true,"href":"https:\/\/siriri.org\/sg\/wp-json\/wp\/v2\/media\/688"}],"wp:attachment":[{"href":"https:\/\/siriri.org\/sg\/wp-json\/wp\/v2\/media?parent=270"}],"curies":[{"name":"wp","href":"https:\/\/api.w.org\/{rel}","templated":true}]}}