{"id":241,"date":"2016-08-24T16:33:25","date_gmt":"2016-08-24T15:33:25","guid":{"rendered":"https:\/\/siriri.org\/?page_id=241"},"modified":"2018-03-02T22:12:00","modified_gmt":"2018-03-02T21:12:00","slug":"napsali-o-nas","status":"publish","type":"page","link":"https:\/\/siriri.org\/sg\/ala-tene-tene-ti-e\/","title":{"rendered":"\u00c2la tene t\u00ebn\u00eb t\u00ee \u00eb"},"content":{"rendered":"<p class=\"qtranxs-available-languages-message qtranxs-available-languages-message-sg\">Sorry, this entry is only available in <a href=\"https:\/\/siriri.org\/cs\/wp-json\/wp\/v2\/pages\/241\" class=\"qtranxs-available-language-link qtranxs-available-language-link-cs\" title=\"\u010cesky\">\u010cesky<\/a>.<\/p>","protected":false},"excerpt":{"rendered":"<p>Sorry, this entry is only available in \u010cesky.<\/p>\n","protected":false},"author":3,"featured_media":694,"parent":0,"menu_order":19,"comment_status":"closed","ping_status":"closed","template":"page_mediaCoverage.php","meta":[],"_links":{"self":[{"href":"https:\/\/siriri.org\/sg\/wp-json\/wp\/v2\/pages\/241"}],"collection":[{"href":"https:\/\/siriri.org\/sg\/wp-json\/wp\/v2\/pages"}],"about":[{"href":"https:\/\/siriri.org\/sg\/wp-json\/wp\/v2\/types\/page"}],"author":[{"embeddable":true,"href":"https:\/\/siriri.org\/sg\/wp-json\/wp\/v2\/users\/3"}],"replies":[{"embeddable":true,"href":"https:\/\/siriri.org\/sg\/wp-json\/wp\/v2\/comments?post=241"}],"version-history":[{"count":2,"href":"https:\/\/siriri.org\/sg\/wp-json\/wp\/v2\/pages\/241\/revisions"}],"predecessor-version":[{"id":695,"href":"https:\/\/siriri.org\/sg\/wp-json\/wp\/v2\/pages\/241\/revisions\/695"}],"wp:featuredmedia":[{"embeddable":true,"href":"https:\/\/siriri.org\/sg\/wp-json\/wp\/v2\/media\/694"}],"wp:attachment":[{"href":"https:\/\/siriri.org\/sg\/wp-json\/wp\/v2\/media?parent=241"}],"curies":[{"name":"wp","href":"https:\/\/api.w.org\/{rel}","templated":true}]}}