{"id":235,"date":"2016-08-24T15:56:14","date_gmt":"2016-08-24T14:56:14","guid":{"rendered":"https:\/\/siriri.org\/?page_id=235"},"modified":"2018-02-19T10:30:54","modified_gmt":"2018-02-19T09:30:54","slug":"historie-sar","status":"publish","type":"page","link":"https:\/\/siriri.org\/sg\/pendalo-ti-kodorosese-ti-beafrika\/","title":{"rendered":"Pend\u00e2l\u00f6 t\u00ee K\u00f6d\u00f6r\u00f6s\u00ease t\u00ee B\u00eaafr\u00eeka"},"content":{"rendered":"<p><span style=\"font-weight: 400;\">Nienie 2017<\/span><\/p>\n<p><span style=\"font-weight: 400;\">A k\u00e2nga k\u00e2ndo t\u00ee \u00e2wakp\u00ea t\u00ee Mp\u00f6k\u00f6, ndur\u00fc na gb\u00e4gb\u00e4 t\u00ee lap\u00e4r\u00e4 t\u00ee Bang\u00ee. \u00c2zo 20 000 s\u00f4 asenga na y\u00e2 t\u00ee k\u00e2ndo n\u00ee, adu t\u00ee k\u00eeri na ndo s\u00f4 \u00e2la yeke da\u00e4 ng\u00fb 4 k\u00f4zon\u00ee s\u00ef \u00e2la kp\u00eb s\u00f4, wala na ndo s\u00f4 \u00e2la y\u00ea t\u00ee gue da\u00e4. K\u00f6d\u00f6r\u00f6 n\u00ee \u00e2de ad\u00eb p\u00ebpe, \u00e2de awara s\u00eer\u00eer\u00ee p\u00ebpe.<\/span><\/p>\n<p><span style=\"font-weight: 400;\">17 Nab\u00e4nd\u00fcru 2016<\/span><\/p>\n<p><span style=\"font-weight: 400;\">T\u00f4ngbil\u00f6 t\u00ee p\u00f6p\u00f6k\u00f6d\u00f6r\u00f6 na nd\u00f6 t\u00ee K\u00f6d\u00f6r\u00f6s\u00ease t\u00ee B\u00eaafr\u00eeka, na gbel\u00ea t\u00ee Gbya t\u00ee B\u00eaafr\u00eeka Faustin-Archange Touad\u00e9ra.<\/span><\/p>\n<p><span style=\"font-weight: 400;\">30 Mb\u00e4ng\u00fc 2016<\/span><\/p>\n<p><span style=\"font-weight: 400;\">A vot\u00eae fin\u00ef Gbya t\u00ee K\u00f6d\u00f6r\u00f6s\u00ease t\u00ee B\u00eaafr\u00eeka Faustin-Archange Touad\u00e9ra.<\/span><\/p>\n<p><span style=\"font-weight: 400;\">B\u00e2l\u00e4w\u00fc 2015<\/span><\/p>\n<p><span style=\"font-weight: 400;\">Balisoro t\u00ee Bang\u00ee. \u00c2was\u00eal\u00ea t\u00ee \u00e2Balaka na \u00e2Sel\u00eaka akekere m\u00e2ngbi na nd\u00f6 t\u00ee pial\u00f6kua t\u00ee r\u00f6ng\u00f6-ngombe. <\/span><\/p>\n<p><span style=\"font-weight: 400;\">Nienie 2015<\/span><\/p>\n<p><span style=\"font-weight: 400;\">G\u00f6v\u00f6r\u00f6m\u00e4 at\u00f6 nd\u00e2 t\u00ee t\u00ebn\u00eb t\u00ee k\u00efr\u00efng\u00f6 na m\u00e4ng\u00f6-ter\u00ea t\u00ee \u00e2wak\u00f6d\u00f6r\u00f6<\/span><\/p>\n<p><span style=\"font-weight: 400;\">Mvuka 2014<\/span><\/p>\n<p><span style=\"font-weight: 400;\">MINUSCA (tokua t\u00ee kam\u00e2 k\u00f4te t\u00ee B\u00eando t\u00ee G\u00eeg\u00ee na gbe t\u00ee k\u00e4m\u00e4m\u00e4 \u00f4ko t\u00ebt\u00ee kp\u00ebngb\u00e4ng\u00f6-s\u00eando na B\u00eaafr\u00eeka) am\u00fb s\u00ea t\u00ee MISCA<\/span><\/p>\n<p><span style=\"font-weight: 400;\">Lengua 2014<\/span><\/p>\n<p><span style=\"font-weight: 400;\">\u00c2tur\u00fbgu-kp\u00e4l\u00eb t\u00ee b\u00fbngbi nd\u00ea nd\u00ea akekere m\u00e2ngbi t\u00ee k\u00e2ito na Brazaw\u00eeli.<\/span><\/p>\n<p><span style=\"font-weight: 400;\">Nienie 2014<\/span><\/p>\n<p><span style=\"font-weight: 400;\">Gbya Djotodia az\u00eea s\u00eagbya n\u00ee. B\u00e2dahal\u00ebzo avot\u00eae Catherine SAMBA-PANZA. B\u00eando t\u00ee G\u00eeg\u00ee (ONU) ab\u00e2a atene w\u00fcng\u00f6 t\u00ee \u00e2wakp\u00ea t\u00ee y\u00e2ngb\u00f6 as\u00ef 886 000. Lo fa atene bema t\u00ee h\u00fcnz\u00efng\u00f6-mar\u00e4 na t\u00ee gb\u00e2k\u00e2 femba ayeke ta\u00e2 k\u00f6t\u00e4 m\u00eengi.<\/span><\/p>\n<p><span style=\"font-weight: 400;\">Kakawaka 2013<\/span><\/p>\n<p><span style=\"font-weight: 400;\">Kuato SANGARIS at\u00f6 nd\u00e2n\u00ee t\u00ee beke \u00e2tur\u00fbgu t\u00ee p\u00f6p\u00f6k\u00f6d\u00f6r\u00f6 t\u00ee tunge B\u00eaafr\u00eeka s\u00f4 \u00e2Sel\u00eaka na \u00e2Balaka ayeke tiri da\u00e4. <\/span><\/p>\n<p><span style=\"font-weight: 400;\">Mb\u00e4ng\u00fc 2013<\/span><\/p>\n<p><span style=\"font-weight: 400;\">\u00c2tur\u00fbgu-kp\u00e4l\u00eb al\u00ef Bang\u00ee. Gbya Fran\u00e7ois BOZIZE az\u00eea s\u00eagbya. Michel Djotodia adere ter\u00ea t\u00ee lo gbya t\u00ee Let\u00e4a.<\/span><\/p>\n<p><span style=\"font-weight: 400;\">21 Kakawaka 2012<\/span><\/p>\n<p><span style=\"font-weight: 400;\">T\u00f6b\u00fbngbi t\u00ee K\u00e2m\u00e2dut\u00ef t\u00ee k\u00f6n\u00f6m\u00ef t\u00ee \u00e2Let\u00e4a t\u00ee B\u00ea t\u00ee Afr\u00eeka akunipa t\u00ee seka mb\u00ean\u00ee ngunu t\u00ee \u00e2hal\u00eb-k\u00f4te , FOMAC (Ngunu t\u00ee hal\u00eb-k\u00f4te t\u00ee B\u00ea t\u00ee Afr\u00eeka). <\/span><\/p>\n<p><span style=\"font-weight: 400;\">12 Kakawaka 2012<\/span><\/p>\n<p><span style=\"font-weight: 400;\">A seka m\u00e2ngbi t\u00ee \u00e2tur\u00fbgu-kp\u00e4l\u00eb Sel\u00eaka<\/span><\/p>\n<p><span style=\"font-weight: 400;\">12 F\u00f6ndo 2011<\/span><\/p>\n<p><span style=\"font-weight: 400;\">G\u00f6v\u00f6r\u00f6m\u00e4 t\u00ee \u00e2waleswa t\u00ee CPJP (convention des patriotes pour la justice et la paix \u2013 mbere t\u00ee \u00e2way\u00ebng\u00f6-k\u00f6d\u00f6r\u00f6 t\u00ebt\u00ee boro ngbanga na t\u00ee s\u00eer\u00eer\u00ee) akekere mb\u00ean\u00ee m\u00e2ngbi t\u00ee k\u00e2ito.<\/span><\/p>\n<p><span style=\"font-weight: 400;\">23 Nienie 2011<\/span><\/p>\n<p><span style=\"font-weight: 400;\">A k\u00eeri avot\u00eae Boziz\u00e9 t\u00f6ngana Gbya t\u00ee K\u00f6d\u00f6r\u00f6s\u00ease.<\/span><\/p>\n<p><span style=\"font-weight: 400;\">1 Kakawaka 2010<\/span><\/p>\n<p><span style=\"font-weight: 400;\">A z\u00ee ngbanga kw\u00ea na li t\u00ee Jean Bedel Bokassa na ndemb\u00eb t\u00ee mat\u00e2nga t\u00ee ng\u00fb 50 t\u00ee g\u00e4ng\u00f6 ndepand\u00e4a t\u00ee k\u00f6d\u00f6r\u00f6 n\u00ee.<\/span><\/p>\n<p><span style=\"font-weight: 400;\">Nab\u00e4nd\u00fcru 2010<\/span><\/p>\n<p><span style=\"font-weight: 400;\">A f\u00e2a ngbanga t\u00ee Jean Pierre Bemba nd\u00e2li t\u00ee \u00e2gino s\u00f4 a tene \u00e2tur\u00fbgu t\u00ee lo as\u00e2ra na y\u00e2 t\u00ee \u00e2ng\u00fb 2002 2003 na ngoi t\u00ee f\u00efng\u00efng\u00f6 Patass\u00e9.<\/span><\/p>\n<p><span style=\"font-weight: 400;\">Ngberere 2010<\/span><\/p>\n<p><span style=\"font-weight: 400;\">K\u00f6d\u00f6r\u00f6s\u00ease t\u00ee B\u00eaafr\u00eeka at\u00e2ngbi na K\u00f6d\u00f6r\u00f6s\u00ease t\u00ee ngunuhal\u00ebzo t\u00ee Kong\u00f6, Uganda na Sud\u00e4n t\u00ee Mbongo t\u00ee tiri na L\u00e4r\u00e4m\u00e4 t\u00ee Ngb\u00e4s\u00e4ng\u00f6-ndo t\u00ee Gbya (LRA)<\/span><\/p>\n<p>B\u00eal\u00e4w\u00fc 2010<\/p>\n<p><span style=\"font-weight: 400;\">W\u00ebng\u00f6 t\u00ee kuato MINURCAT (Tokua t\u00ee B\u00eando t\u00ee G\u00eeg\u00ee na K\u00f6d\u00f6r\u00f6s\u00ease t\u00ee B\u00eaafr\u00eeka ng\u00e2 na Ty\u00e2de) <\/span><\/p>\n<p><span style=\"font-weight: 400;\">Fulung\u00efgi 2010<\/span><\/p>\n<p><span style=\"font-weight: 400;\">\u00c2b\u00fbngbi t\u00ee \u00e2zo t\u00ee \u00e2k\u00f6d\u00f6r\u00f6 nd\u00ea nd\u00ea s\u00f4 ayeke bembe ndo t\u00ee bata \u00e2ngura t\u00ee zo ah\u00fbnda na ngang\u00fc t\u00eetene a hasa ndo t\u00ee h\u00eenga ta\u00e2t\u00ebn\u00eb na nd\u00f6 t\u00ee n\u00f6n\u00f6ng\u00f6 na f\u00e4ng\u00f6 gbya t\u00ee \u00e2tur\u00fbgu-leswa Charles Massi.<\/span><\/p>\n<p><span style=\"font-weight: 400;\">30 Ngberere 2009<\/span><\/p>\n<p><span style=\"font-weight: 400;\">Ngb\u00eare GBya Patass\u00e9 al\u00f6nd\u00f6 na Tog\u00f6 s\u00f4 lo kp\u00eb l\u00e2n\u00ee da\u00e4 ak\u00eeri.<\/span><\/p>\n<p><span style=\"font-weight: 400;\">21 K\u00fck\u00fcr\u00fc 2009<\/span><\/p>\n<p><span style=\"font-weight: 400;\">Gbya Boziz\u00e9 aseka kam\u00e2-poros\u00f6 Kwa na Kwa (Kua na kua na s\u00e4ng\u00f6)<\/span><\/p>\n<p><span style=\"font-weight: 400;\">F\u00f6ndo 2009<\/span><\/p>\n<p><span style=\"font-weight: 400;\">Ng\u00fb ak\u00eeri as\u00fbku am\u00fb y\u00e2 t\u00ee Bang\u00ee s\u00ef \u00e2zo 11 000 ayeke na da mb\u00ean\u00ee p\u00ebpe.<\/span><\/p>\n<p><span style=\"font-weight: 400;\">Fulung\u00efgi 2009<\/span><\/p>\n<p><span style=\"font-weight: 400;\">L\u00e4r\u00e4m\u00e4 t\u00ee Ngb\u00e4s\u00e4ng\u00f6-ndo t\u00ee Gbya ak\u00eeri al\u00f6nd\u00f6 na Uganda k\u00e2 ad\u00fbga ndo na B\u00eaafr\u00eeka ge.<\/span><\/p>\n<p><span style=\"font-weight: 400;\">29 Mvuka 2008<\/span><\/p>\n<p><span style=\"font-weight: 400;\">A z\u00ee ngbanga kw\u00ea na li t\u00ee \u00e2zo s\u00f4 a k\u00e2nga \u00e2la at\u00f6 na 1999<\/span><\/p>\n<p><span style=\"font-weight: 400;\">9 B\u00eal\u00e4w\u00fc 2008<\/span><\/p>\n<p><span style=\"font-weight: 400;\">\u00c2tur\u00fbgu t\u00ee G\u00f6v\u00f6r\u00f6m\u00e4 na \u00e2la t\u00ee leswa akekere m\u00e2ngbi t\u00ee k\u00e2ito na Bang\u00ee.<\/span><\/p>\n<p><span style=\"font-weight: 400;\">Fulund\u00efgi 2008<\/span><\/p>\n<p><span style=\"font-weight: 400;\">L\u00e4r\u00e4m\u00e4 t\u00ee Ngb\u00e4s\u00e4ng\u00f6-ndo t\u00ee Gbya Joseph Kony s\u00f4 g\u00fcnd\u00e2 n\u00ee ayeke na Uganda ad\u00fbga ndo na K\u00f6d\u00f6r\u00f6s\u00ease t\u00ee B\u00eaafr\u00eeka<\/span><\/p>\n<p><span style=\"font-weight: 400;\">Mvuka 2007<\/span><\/p>\n<p><span style=\"font-weight: 400;\">Kuato t\u00ee Tokua t\u00ee B\u00eando t\u00ee G\u00eeg\u00ee na B\u00eaafr\u00eeka na Ty\u00e2de at\u00f6 nd\u00e2n\u00ee.<\/span><\/p>\n<p><span style=\"font-weight: 400;\">B\u00e2l\u00e4w\u00fc 2007<\/span><\/p>\n<p><span style=\"font-weight: 400;\">Dangbanga t\u00ee P\u00f6p\u00f6k\u00f6d\u00f6r\u00f6 t\u00ebt\u00ee Gino ad\u00eb pa atene n\u00ef yeke hasa t\u00ebn\u00eb na nd\u00f6 t\u00ee \u00a0t\u00e4r\u00e4ng\u00f6 t\u00ee f\u00efng\u00efng\u00f6 Gbya Patass\u00e9 s\u00f4 al\u00fbu na ng\u00fb 2002-2003.<\/span><\/p>\n<p><span style=\"font-weight: 400;\">3 Fulund\u00efgi 2007<\/span><\/p>\n<p><span style=\"font-weight: 400;\">\u00c2tur\u00fbgu t\u00ee G\u00f6v\u00f6r\u00f6m\u00e4 na \u00e2la t\u00ee leswa akekere m\u00e2ngbi t\u00ee k\u00e2ito.<\/span><\/p>\n<p><span style=\"font-weight: 400;\">30 Nab\u00e4nd\u00fcru 2006<\/span><\/p>\n<p><span style=\"font-weight: 400;\">L\u00e4r\u00e4m\u00e4 t\u00ee Far\u00e2nzi asungba gb\u00e4t\u00e4 \u00fbse s\u00f4 \u00e2tur\u00fbgu-leswa agb\u00fb n\u00ee.<\/span><\/p>\n<p><span style=\"font-weight: 400;\">30 Ngberere 2006<\/span><\/p>\n<p><span style=\"font-weight: 400;\">\u00c2tur\u00fbgu-leswa agb\u00fb gb\u00e4t\u00e4 t\u00ee Birao s\u00f4 ayeke na t\u00f6-banga t\u00ee k\u00f6d\u00f6r\u00f6 n\u00ee.<\/span><\/p>\n<p><span style=\"font-weight: 400;\">29 K\u00fck\u00fcr\u00fc 2006<\/span><\/p>\n<p><span style=\"font-weight: 400;\">Dangbanga ad\u00eb pon\u00f6n t\u00ee ng\u00fb 20 t\u00ee kus\u00e2ra na ngang\u00fc na li t\u00ee ngb\u00eare Gbya Patas\u00e9 na pek\u00f4 t\u00ee lo (lo kp\u00eb l\u00e2n\u00ee na Togo awe).<\/span><\/p>\n<p><span style=\"font-weight: 400;\">F\u00f6ndo 2006<\/span><\/p>\n<p><span style=\"font-weight: 400;\">At\u00e2a s\u00f4 \u00e2tur\u00fbgu t\u00ee B\u00eando t\u00ee g\u00eeg\u00ee (ONU) ayeke na y\u00e2 t\u00ee k\u00f6d\u00f6r\u00f6 n\u00ee \u00e2tur\u00fbgu-kp\u00e4l\u00eb ad\u00fbga ndo af\u00e2a \u00e2zo 33.<\/span><\/p>\n<p><span style=\"font-weight: 400;\">K\u00fck\u00fcr\u00fc 2005<\/span><\/p>\n<p><span style=\"font-weight: 400;\">Ng\u00fb as\u00fbku na y\u00e2 t\u00ee Bang\u00ee ak\u00fbngbi da s\u00ef \u00e2zo 22 500 ayeke na da mb\u00ean\u00ee p\u00ebpe.<\/span><\/p>\n<p><span style=\"font-weight: 400;\">F\u00f6ndo 2005<\/span><\/p>\n<p><span style=\"font-weight: 400;\">Bir\u00e4 akporo na banga t\u00ee k\u00f6d\u00f6r\u00f6 n\u00ee, s\u00ef \u00e2zo gb\u00e2s\u00e2ki akp\u00eb na Ty\u00e2de.<\/span><\/p>\n<p><span style=\"font-weight: 400;\">8 B\u00eal\u00e4w\u00fc 2005<\/span><\/p>\n<p><span style=\"font-weight: 400;\">A vot\u00eae Watongolo-ok\u00fc Boziz\u00e9 t\u00f6ngana gbya t\u00ee k\u00f6d\u00f6r\u00f6.<\/span><\/p>\n<p><span style=\"font-weight: 400;\">5 Kakawaka 2004<\/span><\/p>\n<p><span style=\"font-weight: 400;\">Hal\u00ebzo avot\u00eae s\u00ef ay\u00eada na fin\u00ee mam\u00e2ndya t\u00ee k\u00f6d\u00f6r\u00f6.<\/span><\/p>\n<p><span style=\"font-weight: 400;\">15 Mb\u00e4ng\u00fc 2003<\/span><\/p>\n<p><span style=\"font-weight: 400;\">Watongolo-ok\u00fc Boziz\u00e9 ab\u00e2a s\u00f4 gbya Patas\u00e9 asimba na g\u00eeg\u00ee t\u00ee k\u00f6d\u00f6r\u00f6 n\u00ee awe s\u00ef lo f\u00eengi lo, agb\u00fb s\u00eagbya n\u00ee na pek\u00f6 t\u00ee lo adere ter\u00ea t\u00ee lo b\u00eeak\u00fc gbya t\u00ee Let\u00e4a.<\/span><\/p>\n<p><span style=\"font-weight: 400;\">4 Lengua 2002<\/span><\/p>\n<p><span style=\"font-weight: 400;\">Lap\u00e4r\u00e4 Boeing 707 Prestige Airlines t\u00ee Kong\u00f6 at\u00ef kpaya na s\u00ease (\u00e2zo 20 ak\u00fbi).<\/span><\/p>\n<p><span style=\"font-weight: 400;\">Lengua 2001<\/span><\/p>\n<p><span style=\"font-weight: 400;\">Koffi Annan ato mb\u00ean\u00ee was\u00eal\u00ea t\u00ee B\u00eando t\u00ee G\u00eeg\u00ee na K\u00f6d\u00f6r\u00f6s\u00ease t\u00ee b\u00ebafr\u00eeka t\u00ee p\u00eeka p\u00e4t\u00e4r\u00e4 na p\u00f6p\u00f6 t\u00ee \u00e2tur\u00fbgu t\u00ee G\u00f6v\u00f6r\u00f6m\u00e4 na \u00e2la t\u00ee leswa.<\/span><\/p>\n<p><span style=\"font-weight: 400;\">28 B\u00eal\u00e4w\u00fc 2001<\/span><\/p>\n<p><span style=\"font-weight: 400;\">Ngb\u00eare Gbya Kolingba atara t\u00ee f\u00eengi gbya t\u00ee k\u00f6d\u00f6r\u00f6 s\u00ef al\u00fbu, s\u00ef l\u00e4r\u00e4m\u00e4 t\u00ee B\u00eaafr\u00eeka, s\u00f4 amb\u00ean\u00ee \u00e2tur\u00fbgu t\u00ee Lib\u00efi na \u00e2tur\u00fbgu-leswa t\u00ee Kong\u00f6 (RDC) am\u00fb na lo mab\u00f4ko, atomba \u00e2waf\u00efng\u00efng\u00f6-gbya n\u00ee t\u00ee f\u00e2a \u00e2la (\u00e2zo 20 awara kw\u00e2).<\/span><\/p>\n<p><span style=\"font-weight: 400;\">Mb\u00e4ng\u00fc 2001<\/span><\/p>\n<p><span style=\"font-weight: 400;\">B\u00eaafr\u00eeka na Kamer\u00fbne at\u00ef t\u00ee papa.<\/span><\/p>\n<p><span style=\"font-weight: 400;\">20 K\u00fck\u00fcr\u00fc 2000<\/span><\/p>\n<p><span style=\"font-weight: 400;\">A f\u00e2a walemb\u00eb t\u00ee Lib\u00efi na Bang\u00ee na ndemb\u00eb s\u00f4 Gbya Patass\u00e9 ague gene na Lib\u00efi!<\/span><\/p>\n<p><span style=\"font-weight: 400;\">Fulund\u00efgi 2000<\/span><\/p>\n<p><span style=\"font-weight: 400;\">W\u00ebng\u00f6 t\u00ee kuato M<\/span><span style=\"font-weight: 400;\">INURCA<\/span><\/p>\n<p><span style=\"font-weight: 400;\">19 Mvuka 1999<\/span><\/p>\n<p><span style=\"font-weight: 400;\">A k\u00eeri avot\u00eae Ange F\u00e9lix Patass\u00e9 Gbya t\u00ee K\u00f6d\u00f6r\u00f6.<\/span><\/p>\n<p><span style=\"font-weight: 400;\">Ngub\u00eb 1998<\/span><\/p>\n<p><span style=\"font-weight: 400;\">M<\/span><span style=\"font-weight: 400;\">INURCA<\/span><span style=\"font-weight: 400;\"> (Tokua t\u00ee B\u00eando t\u00ee G\u00eeg\u00ee na K\u00f6d\u00f6r\u00f6s\u00ease t\u00ee B\u00eaafr\u00eeka) am\u00fb pal\u00e2si t\u00ee MISAB<\/span><\/p>\n<p><span style=\"font-weight: 400;\">12 Fulund\u00efgi 1998<\/span><\/p>\n<p><span style=\"font-weight: 400;\">L\u00e4r\u00e4m\u00e4 t\u00ee Far\u00e2nzi s\u00f4 ag\u00e4 na K\u00f6nd\u00f6k\u00f6 t\u00ee ng\u00fb 1996 az\u00eea pal\u00e2si na MISAB (Tokua t\u00ee b\u00ebmb\u00ebng\u00f6-ndo na nd\u00f6 t\u00ee \u00e2M\u00e2ngbi t\u00ee Bang\u00ee, mb\u00ean\u00ee ngunu t\u00ee p\u00f6p\u00f6-Afr\u00eeka)<\/span><\/p>\n<p><span style=\"font-weight: 400;\">Nab\u00e4nd\u00fcru 1996<\/span><\/p>\n<p><span style=\"font-weight: 400;\">Fin\u00ee tiri na y\u00e2 t\u00ee l\u00e4r\u00e4m\u00e4<\/span><\/p>\n<p><span style=\"font-weight: 400;\">3 wala 4 Nab\u00e4nd\u00fcru 1996<\/span><\/p>\n<p><span style=\"font-weight: 400;\">Kw\u00e2 t\u00ee Jean Bedel Bokassa (s\u00f4 a z\u00ee ngbanga na li ti lo s\u00ef a z\u00ee lo na k\u00e2nga na 1993).<\/span><\/p>\n<p><span style=\"font-weight: 400;\">Ngub\u00eb-B\u00eal\u00e4w\u00fc 1996<\/span><\/p>\n<p><span style=\"font-weight: 400;\">\u00c2mit\u00eben alesua na y\u00e2 t\u00ee l\u00e4r\u00e4m\u00e4 nd\u00e2li t\u00ee s\u00f4 a f\u00fbta \u00e2tur\u00fbgu p\u00eape, \u00e2zo alesua ake t\u00ee gue na kua s\u00ef a p\u00eeka \u00e2la ngang\u00fc. Far\u00e2nzi at\u00ef da\u00e4.<\/span><\/p>\n<p><span style=\"font-weight: 400;\">12 Nienie 1994<\/span><\/p>\n<p><span style=\"font-weight: 400;\">A d\u00eeri s\u00eangb\u00f4ndo t\u00ee far\u00e2nga (CFA) t\u00ee B\u00eaafr\u00eeka<\/span><\/p>\n<p><span style=\"font-weight: 400;\">19 Mvuka1993<\/span><\/p>\n<p><span style=\"font-weight: 400;\">Ange-F\u00e9lix Patass\u00e9 as\u00f6 benda na v\u00f4te s\u00ef ag\u00e4 gbya t\u00ee k\u00f6d\u00f6r\u00f6 (na pek\u00f4 t\u00ee v\u00f4te t\u00ee 1992 s\u00f4 a woza n\u00ee nd\u00e2li t\u00ee gb\u00e2 t\u00ee \u00e2likisi s\u00f4 a wara na y\u00e2 n\u00ee), Kolingba az\u00ee na k\u00e2nga \u00e2wakam\u00e2-k\u00eete gb\u00e2s\u00e2ki, s\u00f4 mb\u00ean\u00ee ayeke ngb\u00eare T\u00f6gbya Bokassa. <\/span><\/p>\n<p><span style=\"font-weight: 400;\">1991<\/span><\/p>\n<p><span style=\"font-weight: 400;\">A k\u00eeri a m\u00eengo \u00e2kam\u00e2-poros\u00f6 kw\u00ea.<\/span><\/p>\n<p><span style=\"font-weight: 400;\">Lengua1989<\/span><\/p>\n<p><span style=\"font-weight: 400;\">Ngbanga t\u00ee s\u00f4 Kolingba ah\u00fbnda n\u00ee na \u00e2la, \u00e2was\u00eal\u00ea t\u00ee Ben\u00eben aty\u00e2a \u00e2was\u00eal\u00ea t\u00ee \u00e2waporos\u00f6 t\u00ee B\u00eaafr\u00eeka s\u00ef atomba \u00e2la t\u00ee k\u00eeri na k\u00f6d\u00f6r\u00f6 t\u00ee \u00e2la. Na s\u00efng\u00f6 t\u00ee \u00e2la, a kam\u00e2ta \u00e2la a bi \u00e2la na k\u00e2nga. <\/span><\/p>\n<p><span style=\"font-weight: 400;\">12 F\u00f6ndo 1987<\/span><\/p>\n<p><span style=\"font-weight: 400;\">T\u00ee f\u00e2n\u00ee \u00fbse n\u00ee, dangbanga ad\u00eb pon\u00f6n t\u00ee kw\u00e2 na li t\u00ee Bokassa nd\u00e2li t\u00ee t\u00ebn\u00ebt\u00f6mb\u00e4 14 (ng\u00fcr\u00fcng\u00f6 na nginza na f\u00e4ng\u00f6-zo) ; ng\u00fb \u00f4ko na pek\u00f4 n\u00ee, a gb\u00eean pon\u00f6n t\u00ee kw\u00e2 n\u00ee na pon\u00f6n t\u00ee k\u00e2nga s\u00eak\u00fc, na pek\u00f4 n\u00ee a gb\u00eean n\u00ee na k\u00e2nga t\u00ee ng\u00fb 10.<\/span><\/p>\n<p><span style=\"font-weight: 400;\">6-7 Fulund\u00efgi 1987<\/span><\/p>\n<p><span style=\"font-weight: 400;\">A seka kam\u00e2-poros\u00f6 B\u00fbngbi t\u00ee Ngunuhal\u00ebzo t\u00ee B\u00eaafr\u00eeka (RDC)<\/span><\/p>\n<p><span style=\"font-weight: 400;\">29 Nab\u00e4nd\u00fcru 1986<\/span><\/p>\n<p><span style=\"font-weight: 400;\">Andr\u00e9 Kolingba as\u00f6 benda na v\u00f4te s\u00ef ag\u00e4 gbya t\u00ee k\u00f6d\u00f6r\u00f6<\/span><\/p>\n<p><span style=\"font-weight: 400;\">21 Nab\u00e4nd\u00fcru 1986<\/span><\/p>\n<p><span style=\"font-weight: 400;\">V\u00f6t\u00ebng\u00f6 fin\u00ee mam\u00e2ndya t\u00ee k\u00f6d\u00f6r\u00f6<\/span><\/p>\n<p><span style=\"font-weight: 400;\">24 Ngberere 1986<\/span><\/p>\n<p><span style=\"font-weight: 400;\">Jean Bedel Bokassa s\u00f4 akp\u00eb na C\u00f4te d&#8217;Ivoire, ng\u00e2 na Far\u00e2nzi s\u00f4, ak\u00eeri. A ty\u00e2a lo, a gue na lo na ngbanga t\u00ebn\u00eb t\u00ee ng\u00fcr\u00fcng\u00f6 na nginza na t\u00ebng\u00f6-zo, s\u00ef a d\u00eb pon\u00f6n t\u00ee kw\u00e2 na li t\u00ee lo, me a f\u00e2a lo p\u00ebpe. \u00a0<\/span><\/p>\n<p><span style=\"font-weight: 400;\">21 Mvuka 1985<\/span><\/p>\n<p><span style=\"font-weight: 400;\">Watongolo-ok\u00fc Kolingba ak\u00f6 nd\u00e2 t\u00ee CMRN, s\u00ef ak\u00eei fin\u00ee g\u00f6v\u00f6r\u00f6m\u00e4.<\/span><\/p>\n<p><span style=\"font-weight: 400;\">14 K\u00fck\u00fcr\u00fc 1985<\/span><\/p>\n<p><span style=\"font-weight: 400;\">T\u00f6bu\u00e4 Jean-Paull II ag\u00e4 gene na Bang\u00ee.<\/span><\/p>\n<p><span style=\"font-weight: 400;\">3 Mb\u00e4ng\u00fc 1982<\/span><\/p>\n<p><span style=\"font-weight: 400;\">Ange-F\u00e9lix Patass\u00e9 atara t\u00ee kam\u00e2ta k\u00f6d\u00f6r\u00f6 n\u00ee na ngang\u00fc s\u00ef al\u00fbu.<\/span><\/p>\n<p><span style=\"font-weight: 400;\">1 Mvuka 1981<\/span><\/p>\n<p><span style=\"font-weight: 400;\">Andr\u00e9 Kolingba af\u00eengi David Dacko (akpa t\u00f6ngana Far\u00e2nzi na David Dacko lo-mven\u00ee ay\u00eada t\u00ee beke lo na n\u00ee)<\/span><\/p>\n<p><span style=\"font-weight: 400;\">15 Mb\u00e4ng\u00fc 1981<\/span><\/p>\n<p><span style=\"font-weight: 400;\">A vot\u00eae David Dacko t\u00f6ngana gbya t\u00ee k\u00f6d\u00f6r\u00f6<\/span><\/p>\n<p><span style=\"font-weight: 400;\">24 Kakawaka 1980<\/span><\/p>\n<p><span style=\"font-weight: 400;\">Dagbanga ad\u00eb pon\u00f6n t\u00ee kw\u00e2 na li t\u00ee Jean Bedel Bokassa na pek\u00f4 t\u00ee lo.<\/span><\/p>\n<p><span style=\"font-weight: 400;\">20 Mb\u00e4ng\u00fc 1980<\/span><\/p>\n<p><span style=\"font-weight: 400;\">MESAN ag\u00e4 B\u00fbngbi t\u00ee Ngunuhal\u00ebzo t\u00ee B\u00eaafr\u00eeka, s\u00ef a dere n\u00ee t\u00f6ngana \u00f4ko kam\u00e2-poros\u00f6 t\u00ee k\u00f6d\u00f6r\u00f6 n\u00ee.<\/span><\/p>\n<p><span style=\"font-weight: 400;\">20-21 Mvuka 1979<\/span><\/p>\n<p><span style=\"font-weight: 400;\">Far\u00e2nzi ag\u00e4 na ngang\u00fc na y\u00e2 t\u00ee k\u00f6d\u00f6r\u00f6 n\u00ee na kuato Barak\u00fbda, s\u00ef af\u00eengi T\u00f6gbya Bokassa I, ak\u00eeri na David Dacko t\u00ee gb\u00fb k\u00f6d\u00f6r\u00f6 n\u00ee.<\/span><\/p>\n<p><span style=\"font-weight: 400;\">18-19 Mvuka 1979<\/span><\/p>\n<p><span style=\"font-weight: 400;\">A fafara \u00e2m\u00f4leng\u00ea t\u00ee lis\u00ebe s\u00f4 alesua, s\u00ef \u00e2la ak\u00fbi gb\u00e2nngbangbo. Far\u00e2nzi ab\u00e2a b\u00e4ng\u00f6 na l\u00ea. <\/span><\/p>\n<p><span style=\"font-weight: 400;\">B\u00eal\u00e4w\u00fc 1979<\/span><\/p>\n<p><span style=\"font-weight: 400;\">Far\u00e2nzi ake t\u00ee tunge Bokassa na pek\u00f4 t\u00ee s\u00f4 \u00e2dasango t\u00ee p\u00f6p\u00f6k\u00f6d\u00f6r\u00f6 avunga atene \u00e2tur\u00fbgu t\u00ee l\u00e4r\u00e4m\u00e4 ap\u00eeka ngombe na nd\u00f6 t\u00ee \u00e2m\u00f4leng\u00ea s\u00ef af\u00e2a \u00e2la.<\/span><\/p>\n<p><span style=\"font-weight: 400;\">4 Kakawaka 1977<\/span><\/p>\n<p><span style=\"font-weight: 400;\">A hini Mares\u00e4le Bokassa t\u00ee g\u00e4 T\u00f6gbya Bokassa 1n\u00ee. Nd\u00f6g\u00f6 t\u00ee pumb\u00e4 n\u00ee na mat\u00e2nga n\u00ee kw\u00ea al\u00eengbi na b\u00ea-nd\u00e2mbo t\u00ee mam\u00e2nginza t\u00ee Let\u00e4a. A ret\u00eae na B\u00eaafr\u00eeka \u00e2wasango \u00fbse t\u00ee Amer\u00eeka s\u00ef Kanza Let\u00e4a t\u00ee Amer\u00eeka a\u00eeri walemb\u00eb t\u00ee lo t\u00ee k\u00eeri na k\u00f6d\u00f6r\u00f6.<\/span><\/p>\n<p><span style=\"font-weight: 400;\">4 Kakawaka 1976<\/span><\/p>\n<p><span style=\"font-weight: 400;\">Mb\u00ean\u00ee k\u00fbne t\u00f6b\u00fbngbi t\u00ee MESAN adere B\u00eaafr\u00eeka K\u00f6d\u00f6r\u00f6t\u00f6gbya<\/span><\/p>\n<p><span style=\"font-weight: 400;\">3 Fulund\u00efgi 1976<\/span><\/p>\n<p><span style=\"font-weight: 400;\">A tara t\u00ee f\u00e2a Mares\u00e4le Bokassa, s\u00ef al\u00fbu.<\/span><\/p>\n<p><span style=\"font-weight: 400;\">Mb\u00e4ng\u00fc 1975<\/span><\/p>\n<p><span style=\"font-weight: 400;\">Gbya t\u00ee Let\u00e4a t\u00ee Far\u00e2nzi, Val\u00e9ry Giscar d&#8217;Estaing ag\u00e4 gene t\u00ee tara t\u00ee k\u00eeri t\u00ee gb\u00eb gb\u00ea t\u00ee lemb\u00eb na t\u00ee k\u00f6n\u00f6m\u00ef.<\/span><\/p>\n<p><span style=\"font-weight: 400;\">Nab\u00e4nd\u00fcru 1974<\/span><\/p>\n<p><span style=\"font-weight: 400;\">Watongolo-ok\u00fc Martin Lingoupou atara t\u00ee f\u00eengi gbya.<\/span><\/p>\n<p><span style=\"font-weight: 400;\">20 B\u00eal\u00e4w\u00fc 1974<\/span><\/p>\n<p><span style=\"font-weight: 400;\">Kolon\u00eble Bokassa ag\u00e4 Mares\u00e4le<\/span><\/p>\n<p><span style=\"font-weight: 400;\">10 B\u00eal\u00e4w\u00fc 1974<\/span><\/p>\n<p><span style=\"font-weight: 400;\">Let\u00e4a agb\u00fb \u00e2dab\u00fcz\u00eb t\u00ee \u00e2wan\u00ee<\/span><\/p>\n<p><span style=\"font-weight: 400;\">2 Mb\u00e4ng\u00fc 1972<\/span><\/p>\n<p><span style=\"font-weight: 400;\">Jean Bedel Bokassa adere ter\u00ea t\u00ee lo Gbya s\u00eak\u00fc t\u00ee k\u00f6d\u00f6r\u00f6.<\/span><\/p>\n<p><span style=\"font-weight: 400;\">30 K\u00fck\u00fcr\u00fc 1970<\/span><\/p>\n<p><span style=\"font-weight: 400;\">A l\u00f4nnzi \u00e2ndya t\u00ee y\u00e4k\u00e4<\/span><\/p>\n<p><span style=\"font-weight: 400;\">11 Ngub\u00eb 1969<\/span><\/p>\n<p><span style=\"font-weight: 400;\">A f\u00e2a Kolon\u00eble Alexandre Banza<\/span><\/p>\n<p><span style=\"font-weight: 400;\">1 Nienie 1966<\/span><\/p>\n<p><span style=\"font-weight: 400;\">Bokassa af\u00eengi Dacko awe, aseka mb\u00ean\u00ee g\u00f6v\u00f4r\u00f4m\u00e4 t\u00ee \u00e2ur\u00fbgu s\u00f4 lo m\u00fb li n\u00ee.<\/span><\/p>\n<p><span style=\"font-weight: 400;\">31 Kakawaka 1965<\/span><\/p>\n<p><span style=\"font-weight: 400;\">Kolon\u00eble Jean Bedel Bokassa akam\u00e2ta s\u00eagbya.<\/span><\/p>\n<p><span style=\"font-weight: 400;\">5 Nienie 1964<\/span><\/p>\n<p><span style=\"font-weight: 400;\">A vot\u00eae k\u00f4b\u00f6 kandid\u00e4a David Dacko gbya t\u00ee k\u00f6d\u00f6r\u00f6.<\/span><\/p>\n<p><span style=\"font-weight: 400;\">Nab\u00e4nd\u00fcru 1962<\/span><\/p>\n<p><span style=\"font-weight: 400;\">A seka k\u00f4b\u00f6 kam\u00e2-poros\u00f6 M\u00fcv\u00fcm\u00e4 t\u00ee mayng\u00f6 s\u00eadut\u00ef na y\u00e2 t\u00ee vuk\u00f6 Afr\u00eeka (MESAN)<\/span><\/p>\n<p><span style=\"font-weight: 400;\">fulund\u00efgi 1960<\/span><\/p>\n<p><span style=\"font-weight: 400;\">A k\u00e2nga l\u00eag\u00eb na M\u00fcv\u00fcm\u00e4 t\u00ee z\u00e4r\u00e4ng\u00f6 hal\u00ebzo t\u00ee B\u00eaafr\u00eeka s\u00ef ak\u00e2nga k\u00f6mok\u00f6nzi n\u00ee. <\/span><\/p>\n<p><span style=\"font-weight: 400;\">17 Nab\u00e4nd\u00fcru 1960<\/span><\/p>\n<p><span style=\"font-weight: 400;\"> A k\u00eei K\u00f6d\u00f6r\u00f6s\u00ease t\u00f6ngana mar\u00e4 t\u00ee s\u00ebng\u00e4ng\u00f6-let\u00e4a A vot\u00eae David Dacko t\u00f6ngana k\u00f4zo k\u00f6mok\u00f6nzi t\u00ee B\u00e2da t\u00ee hal\u00ebzo.<\/span><\/p>\n<p><span style=\"font-weight: 400;\">13 K\u00fck\u00fcr\u00fc 1960<\/span><\/p>\n<p><span style=\"font-weight: 400;\">D\u00ebr\u00ebng\u00f6 lipand\u00e4a t\u00ee K\u00f6d\u00f6r\u00f6s\u00ease t\u00ee B\u00eaafr\u00eeka.<\/span><\/p>","protected":false},"excerpt":{"rendered":"<p>Nienie 2017 A k\u00e2nga k\u00e2ndo t\u00ee \u00e2wakp\u00ea t\u00ee Mp\u00f6k\u00f6, ndur\u00fc na gb\u00e4gb\u00e4 t\u00ee lap\u00e4r\u00e4 t\u00ee Bang\u00ee. \u00c2zo 20 000 s\u00f4 asenga na y\u00e2 t\u00ee k\u00e2ndo n\u00ee, adu t\u00ee k\u00eeri na ndo s\u00f4 \u00e2la yeke da\u00e4 ng\u00fb 4 k\u00f4zon\u00ee s\u00ef \u00e2la kp\u00eb s\u00f4, wala na ndo s\u00f4 \u00e2la y\u00ea t\u00ee gue da\u00e4. K\u00f6d\u00f6r\u00f6 n\u00ee \u00e2de ad\u00eb [&hellip;]<\/p>\n","protected":false},"author":3,"featured_media":20,"parent":0,"menu_order":15,"comment_status":"closed","ping_status":"closed","template":"","meta":[],"_links":{"self":[{"href":"https:\/\/siriri.org\/sg\/wp-json\/wp\/v2\/pages\/235"}],"collection":[{"href":"https:\/\/siriri.org\/sg\/wp-json\/wp\/v2\/pages"}],"about":[{"href":"https:\/\/siriri.org\/sg\/wp-json\/wp\/v2\/types\/page"}],"author":[{"embeddable":true,"href":"https:\/\/siriri.org\/sg\/wp-json\/wp\/v2\/users\/3"}],"replies":[{"embeddable":true,"href":"https:\/\/siriri.org\/sg\/wp-json\/wp\/v2\/comments?post=235"}],"version-history":[{"count":5,"href":"https:\/\/siriri.org\/sg\/wp-json\/wp\/v2\/pages\/235\/revisions"}],"predecessor-version":[{"id":1331,"href":"https:\/\/siriri.org\/sg\/wp-json\/wp\/v2\/pages\/235\/revisions\/1331"}],"wp:featuredmedia":[{"embeddable":true,"href":"https:\/\/siriri.org\/sg\/wp-json\/wp\/v2\/media\/20"}],"wp:attachment":[{"href":"https:\/\/siriri.org\/sg\/wp-json\/wp\/v2\/media?parent=235"}],"curies":[{"name":"wp","href":"https:\/\/api.w.org\/{rel}","templated":true}]}}