{"id":217,"date":"2016-08-24T15:47:47","date_gmt":"2016-08-24T14:47:47","guid":{"rendered":"https:\/\/siriri.org\/?page_id=217"},"modified":"2018-03-02T21:23:37","modified_gmt":"2018-03-02T20:23:37","slug":"partnerske-organizace","status":"publish","type":"page","link":"https:\/\/siriri.org\/sg\/akundu-na-abendokua-wambere\/","title":{"rendered":"Ak\u00fcnd\u00fc na \u00e2b\u00eandokua wambere"},"content":{"rendered":"<p><b>T\u00f6wambere t\u00ee S\u00ceR\u00ceR\u00ce &#8211; \u00e2munz\u00fb-nzap\u00e4<\/b><\/p>\n<p><span style=\"font-weight: 400;\">G\u00fcnd\u00e2 t\u00ee kus\u00e2ra t\u00ee S\u00ceR\u00ceR\u00ce ayeke s\u00e4r\u00e4ng\u00f6-kua na \u00e2k\u00fcnd\u00fc wambere s\u00f4 ayeke na B\u00eaafr\u00eeka. Lamis\u00efon t\u00ee K\u00e4m\u00e4m\u00e4 t\u00ee Carmes D\u00e9chaux, s\u00f4 ayeke ngb\u00earey\u00ea ng\u00fb bal\u00eb-ot\u00e2 na B\u00eaafr\u00eeka awe s\u00f4, ayeke kp\u00ebngb\u00e4 t\u00f6wambere t\u00ee S\u00ceR\u00ceR\u00ce. Lo m\u00e2i na ndar\u00e4 t\u00ee s\u00e4r\u00e4ng\u00f6-kua na k\u00f6d\u00f6r\u00f6 n\u00ee ah\u00f6n \u00e2b\u00eandokua na \u00e2k\u00fcnd\u00fc kw\u00ea s\u00f4 ayeke yamba na g\u00f6v\u00f6r\u00f6m\u00e4. M\u00eengi t\u00ee \u00e2k\u00fcnd\u00fc wand\u00ea s\u00f4 ayeke tunge mayng\u00f6 t\u00ee B\u00eaafr\u00eeka akp\u00eb k\u00f6d\u00f6r\u00f6 n\u00ee nd\u00e2li t\u00ee \u00e2bir\u00e4 t\u00ee \u00e2ng\u00fb s\u00f4 ah\u00f6n s\u00f4, lamis\u00efon n\u00ee ayeke na p\u00f6p\u00f6 t\u00ee \u00e2k\u00eak\u00eat\u00ea nd\u00e2ngb\u00e2 n\u00ee \u00f4ko \u00f4ko s\u00f4 angb\u00e2 t\u00ee \u00e2la.<\/span><\/p>\n<p><span style=\"font-weight: 400;\">\u00c2munz\u00fb-nzap\u00e4 n\u00ee ayeke tene na S\u00ceR\u00ceR\u00ce y\u00ea s\u00f4 at\u00eea \u00e2s\u00eang\u00ea \u00e2zo t\u00ee k\u00f6d\u00f6r\u00f6 n\u00ee, ayeke z\u00ean lo ng\u00e2 na nd\u00f6 t\u00ee s\u00eando n\u00ee k\u00e2 s\u00f4 \u00e2la h\u00eenga n\u00ee ta\u00e2 nz\u00f6n\u00ee.<\/span><\/p>\n<p><span style=\"font-weight: 400;\">S\u00ef ng\u00e2, \u00e2la yeke b\u00e2a ndo na nd\u00f6 t\u00ee s\u00e4r\u00e4ng\u00f6-kua na nginza t\u00ee \u00eade s\u00f4 \u00e2zo am\u00fb s\u00f4, t\u00f6ngas\u00f4 s\u00ef y\u00ea s\u00f4 kw\u00ea a tokua s\u00f4 at\u00ef na &#8220;mb\u00ean\u00ee ndo k\u00eer\u00eekiri&#8221; p\u00ebpe, me as\u00ef ta\u00e2 b\u00eean\u00ee na mab\u00f4ko t\u00ee \u00e2zo t\u00ee s\u00e4r\u00e4ng\u00f6 kua n\u00ee na n\u00ee na l\u00eag\u00eb n\u00ee. D\u00fct\u00efng\u00f6 t\u00ee \u00e2munz\u00fb-nzap\u00e4 n\u00ee k\u00e2 ayeke nz\u00f6n\u00ee m\u00eengi na mb\u00e2g\u00eb t\u00ee S\u00ceR\u00ceR\u00ce, ngbanga t\u00ee s\u00f4 \u00e2la yeke \u00e2nen\u00eae zo na y\u00e2 t\u00ee hal\u00ebzo t\u00ee ndo s\u00f4 \u00e2la yeke da\u00e4, \u00e2la h\u00eenga s\u00eadut\u00ef t\u00ee \u00e2zo na l\u00eak\u00f6d\u00f6r\u00f6 n\u00ee na s\u00eando n\u00ee b\u00ef na l\u00e2.<\/span><\/p>\n<p><b>FoRS \u2013 Balisoro t\u00ee Ty\u00eaki t\u00ebt\u00ee s\u00e4r\u00e4ng\u00f6-kua mab\u00f4ko na mab\u00f4ko nd\u00e2li t\u00ee mayng\u00f6-ndo.<\/b><\/p>\n<p><span style=\"font-weight: 400;\">Balisoro t\u00ee Ty\u00eaki t\u00ebt\u00ee s\u00e4r\u00e4ng\u00f6-kua mab\u00f4ko na mab\u00f4ko nd\u00e2li t\u00ee mayng\u00f6-ndo ayeke mb\u00ean\u00ee mb\u00e4t\u00e4n\u00e4 s\u00f4 ab\u00fbngbi \u00e2k\u00fcnd\u00fc t\u00f6ngana bal\u00eb-usyo s\u00f4 ayeke s\u00e2ra kua na b\u00fcngb\u00efng\u00f6-mab\u00f4ko nd\u00e2li t\u00ee mayng\u00f6-ndo na \u00ebd\u00ebng\u00f6-zo.<\/span><\/p>\n<p><span style=\"font-weight: 400;\"> FoRS atisa S\u00ceR\u00ceR\u00ce na Nienie 2007 t\u00f6ngana k\u00fcnd\u00fc s\u00f4 ag\u00e4 t\u00ee wese ndo. Na B\u00eal\u00e4w\u00fc 2010, lo g\u00e4 b\u00eata\u00e2 ny\u00eemb\u00e2 t\u00ee b\u00f6s\u00f6 www.fors.cz<\/span><\/p>\n<p><b>Darujspravne.cz, \u201cdonnecorrectement.cz\u201d<\/b><\/p>\n<p><span style=\"font-weight: 400;\">Darujspravne.cz ayeke g\u00ef \u00f4ko k\u00f4b\u00f6 pial\u00f6 t\u00ee mar\u00e4 t\u00ee lo na K\u00f6d\u00f6r\u00f6s\u00ease t\u00ee Ty\u00eaki. <\/span><\/p>\n<p><span style=\"font-weight: 400;\">Y\u00ea s\u00f4 \u00e2wam\u00fcng\u00f6-y\u00ea t\u00ee balisoro n\u00ee ay\u00ea ayeke t\u00ee fa mb\u00eer\u00eemb\u00eer\u00ee kod\u00eb t\u00ee g\u00e4 boro wam\u00fcng\u00f6-y\u00ea na \u00e2zo kw\u00ea s\u00f4 ay\u00ea t\u00ee m\u00fb y\u00ea na zo.<\/span><\/p>\n<p><span style=\"font-weight: 400;\">Pial\u00f6 darujspravne.cz ayeke wese s\u00ef ayeke tene nz\u00f6n\u00ee t\u00ebn\u00eb t\u00ee \u00e2k\u00fcnd\u00fc s\u00f4 ayeke s\u00e2ra kua s\u00e2n f\u00fbta. \u00a0Pial\u00f6 s\u00f4 ah\u00fbnda na mo nginza p\u00ebpe me az\u00ee l\u00ea t\u00ee mo t\u00eetene mo soro na nz\u00f6n\u00ee n\u00ee kw\u00ea mar\u00e4 t\u00ee m\u00fcng\u00f6-y\u00ea s\u00f4 mo y\u00ea t\u00ee m\u00fb. N\u00ee la\u00e2 t\u00f6ngana mo soro mb\u00ean\u00ee ONG s\u00f4 \u201cdarujspravne.cz\u201d abeke n\u00ee, mo l\u00eengbi t\u00ee girisa l\u00eag\u00eb p\u00ebpe.<\/span><\/p>\n<p><span style=\"font-weight: 400;\">Balisoro t\u00ee \u00e2wam\u00fcng\u00f6 y\u00ea na zo ayeke \u00f4ko b\u00f6s\u00f6 t\u00ee K\u00f6d\u00f6r\u00f6s\u00ease t\u00ee Ty\u00eaki s\u00f4 abeke \u00e2m\u00fcng\u00f6-y\u00ea n\u00ee. Na l\u00eag\u00eb t\u00ee m\u00fcng\u00f6 y\u00ea na zo, Balisoro n\u00ee ayeke s\u00e2ra kua da\u00e4 ngb\u00earey\u00ea ng\u00fb 12 t\u00f6ngas\u00f4.<\/span><\/p>\n<p><span style=\"font-weight: 400;\">Na p\u00f6p\u00f6 t\u00ee \u00e2pial\u00f6 t\u00ee \u00eb, DMS \u2013 D\u00e1rcovsk\u00e1 SMS s\u00f4 ayeke mb\u00ean\u00ee \u00f4ko t\u00ee \u00e2pial\u00f6 s\u00f4 lo beke n\u00ee s\u00f4, ayeke pial\u00f6 s\u00f4 alok\u00f4to na \u00eb nginza ah\u00f6n kur\u00f4ni k\u00fbtu 250.<\/span><\/p>\n<p><span style=\"font-weight: 400;\">Balisoro t\u00ee \u00e2wam\u00fcng\u00f6 y\u00ea na zo ayeke s\u00e2ra kua \u00f4ko na b\u00f6s\u00f6 t\u00ee \u00e2das\u00ebk\u00e4, b\u00f6s\u00f6 t\u00ee \u00e2gomb\u00f4ngo t\u00ee d\u00ebf\u00e4ng\u00f6-nginza, ng\u00e2 na b\u00e2da t\u00ee \u00e2wab\u00fcz\u00eb wam\u00fcng\u00f6 y\u00ea na zo . www.darujspravne.cz<\/span><\/p>\n<p><b>Kub\u00fb t\u00ee d\u00ebng\u00f6-b\u00fcz\u00eb t\u00ee Far\u00e2nzi na Ty\u00eaki.<\/b><\/p>\n<p><span style=\"font-weight: 400;\">Kub\u00fb t\u00ee d\u00ebng\u00f6-b\u00fcz\u00eb t\u00ee Far\u00e2nzi na Ty\u00eaki, s\u00f4 a seka n\u00ee na ng\u00fb t\u00ee 1996, ayeke mb\u00ean\u00ee mb\u00e4t\u00e4n\u00e4 t\u00ee mayng\u00f6 kam\u00e2dut\u00ef t\u00ee Far\u00e2nzi na Ty\u00eaki, \u00e2b\u00fcz\u00eb na \u00e2b\u00fcngb\u00efng\u00f6-mab\u00f4ko na p\u00f6p\u00f6 t\u00ee \u00e2k\u00f6d\u00f6r\u00f6 n\u00ee \u00fbse kw\u00ea, l\u00eag\u00eb-\u00f4ko s\u00f4 \u00e2la y\u00ea ng\u00e2 t\u00ebn\u00eb t\u00ee b\u00fcngb\u00efng\u00f6 P\u00f6t\u00f6 kw\u00ea \u00f4ko. Ngb\u00earey\u00ea na Kakawaka 2016, S\u00ceR\u00ceR\u00ce ag\u00e4 mb\u00fbki ny\u00eemb\u00e2 t\u00ee kub\u00fb t\u00ee d\u00ebng\u00f6-b\u00fcz\u00eb www.ccft-fcok.cz\/cz<\/span><\/p>\n<p><b>Dany\u00f4gbya t\u00ee Ty\u00eaki t\u00ebt\u00ee \u00e2k\u00f6d\u00f6r\u00f6-wand\u00ea na b\u00eandokua t\u00ebt\u00ee mayng\u00f6-ndo.<\/b><\/p>\n<p><span style=\"font-weight: 400;\">S\u00ceR\u00ceR\u00ce awara tung\u00eb na mb\u00e2g\u00eb t\u00ee B\u00eandokua t\u00ee Ty\u00eaki t\u00ebt\u00ee mayng\u00f6-ndo na Dany\u00f4gbya t\u00ebt\u00ee \u00e2k\u00f6d\u00f6r\u00f6-wand\u00ea na l\u00eag\u00eb t\u00ee pial\u00f6kua ti mab\u00f4ko na mab\u00f4ko nd\u00e2l\u00ef t\u00ee mayng\u00f6-ndo na p\u00f6p\u00f6k\u00f6d\u00f6r\u00f6.<\/span><\/p>","protected":false},"excerpt":{"rendered":"<p>T\u00f6wambere t\u00ee S\u00ceR\u00ceR\u00ce &#8211; \u00e2munz\u00fb-nzap\u00e4 G\u00fcnd\u00e2 t\u00ee kus\u00e2ra t\u00ee S\u00ceR\u00ceR\u00ce ayeke s\u00e4r\u00e4ng\u00f6-kua na \u00e2k\u00fcnd\u00fc wambere s\u00f4 ayeke na B\u00eaafr\u00eeka. Lamis\u00efon t\u00ee K\u00e4m\u00e4m\u00e4 t\u00ee Carmes D\u00e9chaux, s\u00f4 ayeke ngb\u00earey\u00ea ng\u00fb bal\u00eb-ot\u00e2 na B\u00eaafr\u00eeka awe s\u00f4, ayeke kp\u00ebngb\u00e4 t\u00f6wambere t\u00ee S\u00ceR\u00ceR\u00ce. Lo m\u00e2i na ndar\u00e4 t\u00ee s\u00e4r\u00e4ng\u00f6-kua na k\u00f6d\u00f6r\u00f6 n\u00ee ah\u00f6n \u00e2b\u00eandokua na \u00e2k\u00fcnd\u00fc kw\u00ea s\u00f4 ayeke [&hellip;]<\/p>\n","protected":false},"author":3,"featured_media":686,"parent":0,"menu_order":5,"comment_status":"closed","ping_status":"closed","template":"","meta":[],"_links":{"self":[{"href":"https:\/\/siriri.org\/sg\/wp-json\/wp\/v2\/pages\/217"}],"collection":[{"href":"https:\/\/siriri.org\/sg\/wp-json\/wp\/v2\/pages"}],"about":[{"href":"https:\/\/siriri.org\/sg\/wp-json\/wp\/v2\/types\/page"}],"author":[{"embeddable":true,"href":"https:\/\/siriri.org\/sg\/wp-json\/wp\/v2\/users\/3"}],"replies":[{"embeddable":true,"href":"https:\/\/siriri.org\/sg\/wp-json\/wp\/v2\/comments?post=217"}],"version-history":[{"count":6,"href":"https:\/\/siriri.org\/sg\/wp-json\/wp\/v2\/pages\/217\/revisions"}],"predecessor-version":[{"id":1341,"href":"https:\/\/siriri.org\/sg\/wp-json\/wp\/v2\/pages\/217\/revisions\/1341"}],"wp:featuredmedia":[{"embeddable":true,"href":"https:\/\/siriri.org\/sg\/wp-json\/wp\/v2\/media\/686"}],"wp:attachment":[{"href":"https:\/\/siriri.org\/sg\/wp-json\/wp\/v2\/media?parent=217"}],"curies":[{"name":"wp","href":"https:\/\/api.w.org\/{rel}","templated":true}]}}