{"id":179,"date":"2016-08-22T13:48:13","date_gmt":"2016-08-22T12:48:13","guid":{"rendered":"https:\/\/siriri.org\/?page_id=179"},"modified":"2024-02-09T17:07:01","modified_gmt":"2024-02-09T16:07:01","slug":"kontakty","status":"publish","type":"page","link":"https:\/\/siriri.org\/sg\/tengbi-na-e\/","title":{"rendered":"T\u00eangbi na \u00eb"},"content":{"rendered":"<p><\/p>\n<h3><strong>Bir\u00f6o t\u00ee S\u00ceR\u00ceR\u00ce<\/strong><\/h3>\n<p>Je\u010dn\u00e1 505\/2<\/p>\n<p>120 00 Praha 2<\/p>\n<p><span style=\"font-weight: 400;\">Lindos\u00eenga: siriri@siriri.org<\/span><\/p>\n<p><span style=\"font-weight: 400;\">S\u00eenga : (00 420) 720 477 271<\/span><\/p>\n<p><a href=\"http:\/\/www.siriri.org\"><span style=\"font-weight: 400;\">www.siriri.org<\/span><\/a><\/p>","protected":false},"excerpt":{"rendered":"<p>Bir\u00f6o t\u00ee S\u00ceR\u00ceR\u00ce Je\u010dn\u00e1 505\/2 120 00 Praha 2 Lindos\u00eenga: siriri@siriri.org S\u00eenga : (00 420) 720 477 271 www.siriri.org<\/p>\n","protected":false},"author":3,"featured_media":711,"parent":0,"menu_order":22,"comment_status":"closed","ping_status":"closed","template":"page_contact.php","meta":[],"_links":{"self":[{"href":"https:\/\/siriri.org\/sg\/wp-json\/wp\/v2\/pages\/179"}],"collection":[{"href":"https:\/\/siriri.org\/sg\/wp-json\/wp\/v2\/pages"}],"about":[{"href":"https:\/\/siriri.org\/sg\/wp-json\/wp\/v2\/types\/page"}],"author":[{"embeddable":true,"href":"https:\/\/siriri.org\/sg\/wp-json\/wp\/v2\/users\/3"}],"replies":[{"embeddable":true,"href":"https:\/\/siriri.org\/sg\/wp-json\/wp\/v2\/comments?post=179"}],"version-history":[{"count":11,"href":"https:\/\/siriri.org\/sg\/wp-json\/wp\/v2\/pages\/179\/revisions"}],"predecessor-version":[{"id":3134,"href":"https:\/\/siriri.org\/sg\/wp-json\/wp\/v2\/pages\/179\/revisions\/3134"}],"wp:featuredmedia":[{"embeddable":true,"href":"https:\/\/siriri.org\/sg\/wp-json\/wp\/v2\/media\/711"}],"wp:attachment":[{"href":"https:\/\/siriri.org\/sg\/wp-json\/wp\/v2\/media?parent=179"}],"curies":[{"name":"wp","href":"https:\/\/api.w.org\/{rel}","templated":true}]}}