{"id":1083,"date":"2017-05-17T18:44:22","date_gmt":"2017-05-17T17:44:22","guid":{"rendered":"https:\/\/siriri.org\/?page_id=1083"},"modified":"2025-11-21T12:43:06","modified_gmt":"2025-11-21T11:43:06","slug":"skola-hrou-ve-stredoafricke-republice","status":"publish","type":"page","link":"https:\/\/siriri.org\/sg\/mandango-ye-na-sarango-ngya-na-beafrika\/","title":{"rendered":"M\u00e4nd\u00e4ng\u00f6-y\u00ea na s\u00e4r\u00e4ng\u00f6-ngy\u00e2 na B\u00eaafr\u00eeka"},"content":{"rendered":"<p><strong>Pial\u00f6kua \u201cM\u00e4nd\u00e4ng\u00f6-y\u00ea na s\u00e4r\u00e4ng\u00f6-ngy\u00e2 na B\u00eaafr\u00eeka\u201d, s\u00f4 K\u00fcnd\u00fc Yamba S\u00ceR\u00ceR\u00ce la\u00e2 avulanga n\u00ee, ayeke mb\u00ean\u00ee l\u00f4nzik\u00fbtu s\u00f4 ang\u00fbngbika, &#8220;dafung\u00fbla na mab\u00f4ko&#8221;. \u00a0At\u00e2ngbi \u00e2ng\u00f4bo t\u00ee f\u00e4ng\u00f6-mb\u00ebt\u00ef t\u00ee fad\u00ebs\u00f4 t\u00ebt\u00ee \u00e2waf\u00e4ng\u00f6-mb\u00ebt\u00ef t\u00ee K\u00f6d\u00f6r\u00f6s\u00ease t\u00ee B\u00eaafr\u00eeka na gb\u00fcng\u00f6-li na nd\u00f6 t\u00ee \u00e2gb\u00e2k\u00fbr\u00fb t\u00ee f\u00e4ng\u00f6-y\u00ea, p\u00ebt\u00ebng\u00f6-n\u00ee na k\u00e4ngb\u00efng\u00f6-n\u00ee, na y\u00e2ng\u00e2 t\u00ee s\u00e4ng\u00f6 s\u00f4 agb\u00fb ndo ah\u00f6n \u00e2tanga n\u00ee kw\u00ea na y\u00e2 t\u00ee k\u00f6d\u00f6r\u00f6 n\u00ee.<\/strong><\/p>\n<p><span style=\"font-weight: 400;\">K\u00f6d\u00f6r\u00f6s\u00ease t\u00ee B\u00eaafr\u00eeka s\u00f4 at\u00ef yangbato na syon\u00ee bir\u00e4 s\u00f4 af\u00e2a \u00e2zo gb\u00e2n\u00ee s\u00f4, ag\u00e4 mb\u00e2 t\u00ee \u00e2k\u00f6d\u00f6r\u00f6 t\u00ee k\u00f6t\u00e4 y\u00ebr\u00eb t\u00ee nd\u00f6g\u00eeg\u00ee mobimba. T\u00eetene lo m\u00fb mb\u00ean\u00ee l\u00eag\u00eb nd\u00ea s\u00ef ger\u00ea t\u00ee lo agb\u00fb s\u00ease s\u00ef lo g\u00e4 ta\u00e2 ndepand\u00e4a k\u00f6d\u00f6r\u00f6, f\u00f4ko B\u00eaafr\u00eeka adu na \u00e2wa t\u00ee lo s\u00f4 ah\u00eenga mb\u00ebt\u00ef. At\u00e2a kw\u00ea gb\u00e4, boro f\u00e4ng\u00f6-mb\u00ebt\u00ef t\u00ee kp\u00ebngb\u00e4 al\u00eengbi t\u00ee du da\u00e4 g\u00ef t\u00f6ngana \u00e2kp\u00ebngb\u00e4 \u00e2waf\u00e4ng\u00f6-mb\u00ebt\u00ef ayeke da\u00e4, s\u00ef ng\u00e2 gb\u00e2k\u00fbr\u00fb s\u00f4 al\u00eengbi g\u00f4 na f\u00e4ng\u00f6-mb\u00ebt\u00ef n\u00ee ayeke da\u00e4. S\u00f4 ayeke na B\u00eaafr\u00eeka l\u00e2s\u00f4 p\u00ebpe. Nd\u00e2n\u00ee la\u00e2 s\u00ef mb\u00ean\u00ee k\u00fcnd\u00fckua t\u00ee \u00e2bu\u00e4kod\u00eb s\u00f4 ab\u00fbngbi \u00e2was\u00eand\u00e2-f\u00e4ng\u00f6-y\u00ea t\u00ee Ty\u00eaki na t\u00ee B\u00eaafr\u00eeka as\u00fb mb\u00ean\u00ee b\u00fbkum\u00e4nd\u00e4 na mb\u00ean\u00ee ng\u00f4bo t\u00ee f\u00e4ng\u00f6-y\u00ea na ter\u00ea n\u00ee, s\u00f4 \u00e2waf\u00e4ng\u00f6-mb\u00ebt\u00ef na damb\u00ebt\u00ef al\u00eengbi t\u00ee m\u00e4 y\u00e2 n\u00ee.<\/span><\/p>\n<p><span style=\"font-weight: 400;\">\u00cb h\u00eenga ta\u00e2 b\u00eean\u00ee s\u00f4 ayeke y\u00ea s\u00f4 \u00e2waf\u00e4ng\u00f6-mb\u00ebt\u00ef t\u00ee B\u00eaafr\u00eeka abez\u00f4a n\u00ee. T\u00f6ngana s\u00f4 s\u00eand\u00e2f\u00e4ng\u00f6-y\u00ea na s\u00eak\u00fc XXI. akambaga, \u00e2gb\u00e2k\u00fbr\u00fb n\u00ee ayeke na y\u00e2ng\u00e2 s\u00f4 \u00e2wak\u00f6d\u00f6r\u00f6 n\u00ee ayeke m\u00e4, ayeke tene. <\/span><\/p>\n<p><span style=\"font-weight: 400;\">Na k\u00e2p\u00e4 t\u00ee h\u00e2ko f\u00e4ng\u00f6-y\u00ea \u00a0t\u00ee Mvuka 2015 na 2016, S\u00ceR\u00ceR\u00ce afa kod\u00ebkua na \u00e2waf\u00e4ng\u00f6-mb\u00ebt\u00ef 150. Ayeke t\u00f6ngas\u00f4 s\u00ef \u00e2m\u00f4leng\u00ea ndur\u00fc na 13.000 la\u00e2 awara l\u00eag\u00eb t\u00ee manda mb\u00ebt\u00ef pendere na ngy\u00e2 na w\u00ebl\u00eb. \u00c2waf\u00e4ng\u00f6-mb\u00ebt\u00ef t\u00ee B\u00eaafr\u00eeka na \u00e2bab\u00e2 na mam\u00e2 t\u00ee \u00e2m\u00f4leng\u00ea ab\u00e2a s\u00f4 kw\u00ea na ta\u00e2 k\u00f6t\u00e4 nz\u00ebr\u00ebng\u00f6 b\u00ea. \u00c2y\u00ea t\u00ee pial\u00f6kua n\u00ee s\u00f4 \u00e2waf\u00e4ng\u00f6-mb\u00eat\u00ef n\u00ee ah\u00fbnda n\u00ee m\u00eengi ayeke \u00e2mb\u00ebt\u00ef-ger\u00eapa na s\u00e4ng\u00f6, \u00e2ng\u00f4bo t\u00ee f\u00e4ng\u00f6-mb\u00ebt\u00ef , \u00a0f\u00e4ng\u00f6-y\u00ea na t\u00f6ngb\u00efng\u00f6-t\u00ebn\u00eb, \u00e2fin\u00ee y\u00eakua t\u00ee f\u00e4ng\u00f6-mb\u00ebt\u00ef, \u00a0na s\u00efg\u00efng\u00f6 na \u00e2mb\u00ean\u00ee fin\u00ee b\u00fbkum\u00e4nd\u00e4. \u00c2ngemb\u00f6kua t\u00ee S\u00ceR\u00ceR\u00ce az\u00eea na s\u00ease \u00e2mb\u00ean\u00ee \u00e2fin\u00ee ligb\u00e2 t\u00ee f\u00e4ng\u00f6-mb\u00ebt\u00ef t\u00ee m\u00fb mab\u00f4ko na \u00e2la s\u00f4 afa y\u00ea na \u00e2la na y\u00e2 t\u00ee \u00e2ng\u00fb s\u00f4 ah\u00f6n s\u00f4 s\u00ef \u00e2la l\u00eengbi t\u00ee m\u00e2i t\u00ee g\u00e4 ng\u00e2 \u00e2waf\u00e4ng\u00f6-y\u00ea. S\u00ceR\u00ceR\u00ce ayeke s\u00e2ra kua na ngoi s\u00f4 na nd\u00f6 t\u00ee \u00e2b\u00fbkum\u00e4nd\u00e4 na \u00e2limo da\u00e4 t\u00ee d\u00efk\u00f6ng\u00f6-mb\u00ebt\u00ef na S\u00e4ng\u00f6, ng\u00e2 na \u00e2mb\u00ean\u00ee \u00e2b\u00fbkum\u00e4nd\u00e4 k\u00f4te. Y\u00ea s\u00f4 at\u00eea \u00eb ayeke p\u00e2ta t\u00ee f\u00fbta na p\u00ebt\u00ebs\u00fcng\u00f6 \u00e2ng\u00f4bo t\u00ee dik\u00f6ng\u00f6-mb\u00ebt\u00ef n\u00ee na \u00e2b\u00fbkum\u00e4nd\u00e4 n\u00ee, ng\u00e2 na p\u00e2ta t\u00ee f\u00e4ng\u00f6-y\u00ea na \u00e2waf\u00e4ng\u00f6-mb\u00ebt\u00ef n\u00ee s\u00ef \u00eb l\u00eengbi t\u00ee gue na daw\u00e4a na pial\u00f6 t\u00ee \u00eb n\u00ee. T\u00f6ngana \u00eb l\u00eengbi t\u00ee petes\u00fb gb\u00e2 t\u00ee \u00e2b\u00fbku t\u00ee ng\u00f4bo t\u00ee \u00eb n\u00ee ah\u00f6n s\u00f4, \u00eb l\u00eengbi ng\u00e2 t\u00ee m\u00fb gb\u00e2 n\u00ee na \u00e2m\u00f4leng\u00ea t\u00ee lik\u00f4lo t\u00ee B\u00eaafr\u00eeka, ah\u00f6n s\u00f4.<\/span><\/p>\n<p><span style=\"font-weight: 400;\"><strong>Kp\u00e4l\u00eb n\u00ee ayeke nie?<\/strong> <\/span><\/p>\n<p><span style=\"font-weight: 400;\">Bir\u00e4 t\u00ee y\u00e2ngb\u00f6 na y\u00ebr\u00eb agbangba na K\u00f6d\u00f6r\u00f6s\u00ease t\u00ee B\u00eaafr\u00eeka s\u00ef abuba k\u00f6d\u00f6r\u00f6 n\u00ee kw\u00ea. Mb\u00ean\u00ee y\u00ea s\u00f4 afa atene, na y\u00e2 t\u00ee ndur\u00fc t\u00e2ngo, fad\u00eb ndoto t\u00ee h\u00efng\u00e4ng\u00f6-y\u00ea na B\u00eaafr\u00eeka am\u00e2i, ayeke da\u00e4 k\u00eat\u00ea p\u00ebpe.<\/span><\/p>\n<p><span style=\"font-weight: 400;\">\u00c2zo s\u00f4 ah\u00eenga mb\u00ebt\u00ef s\u00ef ng\u00fb t\u00ee \u00e2la al\u00eengbi wala ah\u00f6n ng\u00fb 15 aw\u00fc t\u00f6ngana \u00a056% na B\u00eaafr\u00eeka. Fandoto t\u00ee p\u00f6p\u00f6k\u00f6d\u00f6r\u00f6 (poverty.com) s\u00f4 ayeke h\u00e2ka gweng\u00f6 na lik\u00f4lo ng\u00e2 na mb\u00e4li t\u00ee h\u00efng\u00e4ng\u00f6-mb\u00ebt\u00ef na y\u00e2 t\u00ee \u00e2k\u00f6d\u00f6r\u00f6 149 na nd\u00f6g\u00eeg\u00ee, afa atene s\u00eamolong\u00f6 t\u00ee B\u00eaafr\u00eeka ayeke 147 n\u00ee. K\u00f4zon\u00ee s\u00ef \u00e2la linda k\u00f4zo kere t\u00ee lik\u00f4lo, \u00e2m\u00f4leng\u00ea ah\u00eenga g\u00ef y\u00e2ng\u00e2 t\u00ee s\u00e4ng\u00f6, s\u00f4 aw\u00fc ah\u00f6n \u00e2mb\u00e2 n\u00ee kw\u00ea. Na n\u00ee, a yeke fa mb\u00ebt\u00ee na lik\u00f4lo, m\u00eengi n\u00ee, g\u00ef na far\u00e2nzi, s\u00ef \u00e2m\u00f4leng\u00ea n\u00ee ayeke na p\u00e2si m\u00eengi t\u00ee manda \u00e2ger\u00ea t\u00ee h\u00efng\u00e4ng\u00f6-y\u00ea. Ndoto t\u00ee \u00e2lik\u00f4lo n\u00ee ayeke ta\u00e2 na gben\u00ee ah\u00f6n nd\u00f6n\u00ee. Dany\u00f4gbya t\u00ee F\u00e4ng\u00f6-mb\u00ebt\u00ef t\u00ee B\u00eaafr\u00eeka al\u00eengbi t\u00ee f\u00fbta nginza t\u00ee nze t\u00ee \u00e2waf\u00e4ng\u00f6-mb\u00ebt\u00ee n\u00ee lakw\u00ea na \u00e2la mb\u00ean\u00ee p\u00ebpe, wala ng\u00e2 t\u00ee fa kua na \u00e2la na l\u00eag\u00eb n\u00ee p\u00ebpe.<\/span><\/p>\n<p><img loading=\"lazy\" class=\"alignnone wp-image-1052 size-large\" src=\"https:\/\/siriri.org\/wp-content\/uploads\/2016\/08\/20170310_084328-1920x1080.jpg\" alt=\"\" width=\"640\" height=\"360\" srcset=\"https:\/\/siriri.org\/wp-content\/uploads\/2016\/08\/20170310_084328-1920x1080.jpg 1920w, https:\/\/siriri.org\/wp-content\/uploads\/2016\/08\/20170310_084328-768x432.jpg 768w, https:\/\/siriri.org\/wp-content\/uploads\/2016\/08\/20170310_084328-300x169.jpg 300w\" sizes=\"(max-width: 640px) 100vw, 640px\" \/><\/p>\n<p><span style=\"font-weight: 400;\">Na mb\u00e2g\u00eb t\u00ee ng\u00f4bo t\u00ee f\u00e4ng\u00f6-mb\u00ebt\u00ef n\u00ee, g\u00fcnd\u00e2 n\u00ee m\u00eengi ayeke m\u00e4nd\u00e4ng\u00f6 \u00e2yong\u00f4ro gb\u00e2s\u00fb na li, na s\u00fcng\u00f6 na l\u00ea t\u00ee m\u00eaz\u00e4 pek\u00f4 t\u00ee \u00e2gb\u00e2s\u00fb na far\u00e2nzi. \u00c2ny\u00eelik\u00f4lo n\u00ee ayeke ka na kay\u00ebe p\u00ebpe, wala b\u00fbkum\u00e4nd\u00e4 p\u00ebpe. M\u00eengi n\u00ee, \u00e2la yeke g\u00ef na k\u00eara \u00f4ko s\u00f4 \u00e2la yeke s\u00fb mb\u00ebt\u00ef na l\u00ea n\u00ee na lakr\u00ebe.<\/span><\/p>\n<p><strong>\u00c2 s\u00efg\u00ee na y\u00e2 n\u00ee t\u00f6ngana nie?<\/strong><\/p>\n<p><span style=\"font-weight: 400;\">T\u00ee b\u00eean\u00ee, y\u00ea s\u00f4 \u00e2\u00f4leng\u00ea n\u00ee abez\u00f4a n\u00ee ayeke b\u00fbku t\u00ee d\u00efk\u00f6ng\u00f6 n\u00ee na y\u00e2ng\u00e2 t\u00ee k\u00f6d\u00f6r\u00f6 t\u00ee \u00e2la, ng\u00e2 na \u00e2waf\u00e4ng\u00f6-mb\u00eat\u00ef s\u00f4 al\u00eengbi t\u00ee z\u00eea nzara n\u00ee na b\u00ea t\u00ee \u00e2la. A l\u00eengbi t\u00ee wara s\u00f4 kw\u00ea na y\u00e2 t\u00ee pial\u00f6kua t\u00ee \u00eb.<\/span><\/p>\n<p><span style=\"font-weight: 400;\">Bib\u00ea s\u00f4 ayeke na g\u00fcnd\u00e2 t\u00ee pial\u00f6kua t\u00ee \u00eb ayeke t\u00ee m\u00e2i ndoto t\u00ee f\u00e4ng\u00f6-mb\u00ebt\u00ef na y\u00e2 t\u00ee \u00e2damb\u00ebt\u00ef t\u00ee k\u00f4zo kere s\u00f4 \u00eb soro n\u00ee, ngbanga t\u00ee s\u00f4, k\u00f4zo kere ayeke m\u00eengi n\u00ee g\u00ef \u00f4ko ng\u00fb t\u00ee lik\u00f4lo s\u00f4 m\u00eengi t\u00ee \u00e2ny\u00eelik\u00f4lo t\u00ee B\u00eaafr\u00eeka as\u00ef da\u00e4. K\u00fcnd\u00fc S\u00ceR\u00ceR\u00ce t\u00ee Ty\u00eaki s\u00f4 ayeke s\u00e2ra kua ngb\u00earey\u00ea ng\u00fb 10 na B\u00eaafr\u00eeka la\u00e2 aseka pial\u00f6kua s\u00f4 , s\u00ef lo yeke s\u00e2ra kua da\u00e4 mab\u00f4ko na mab\u00f4ko na \u00e2munz\u00fb-nzap\u00e4 t\u00ee Carmes. Na m\u00e4ng\u00f6 ter\u00ea na \u00e2bu\u00e4kod\u00eb t\u00ee Ty\u00eaki, S\u00ceR\u00ceR\u00ce agi l\u00eag\u00eb s\u00f4 ayeke nz\u00f6n\u00ee ah\u00f6n kw\u00ea t\u00ee tunge \u00e2waf\u00e4ng\u00f6-mb\u00ebt\u00ef t\u00ee B\u00eaafr\u00eeka.<\/span><\/p>\n<p><span style=\"font-weight: 400;\">\u00cb s\u00e2ra kua na nd\u00f6 t\u00ee \u00e2b\u00fbku t\u00ee \u00eb na \u00e2waf\u00e4ng\u00f6-mb\u00ebt\u00ef t\u00ee B\u00eaafr\u00eeka s\u00ef, t\u00ee kp\u00e2a n\u00ee, \u00e2la wara p\u00e4s\u00e4 t\u00ee fa mb\u00ebt\u00ef na y\u00e2ng\u00e2 t\u00ee k\u00f6d\u00f6r\u00f6 t\u00ee \u00e2la.<\/span><\/p>\n<p><strong>L\u00eag\u00eb s\u00f4 ayeke nz\u00f6n\u00ee ah\u00f6n kw\u00ea t\u00f6ngana nie?<\/strong><\/p>\n<p><span style=\"font-weight: 400;\">\u00c2zo agb\u00fb li t\u00ee \u00e2la m\u00eengi na nd\u00f6 t\u00ee pial\u00f6kua s\u00f4. \u00cb sepe n\u00ee na m\u00e4ng\u00f6-ter\u00ea na \u00e2waf\u00e4ng\u00f6-mb\u00ebt\u00ef t\u00ee B\u00eaafr\u00eeka t\u00eetene \u00eb h\u00eenga \u00e2y\u00ea s\u00f4 kw\u00ea d\u00f4ngbi t\u00ee f\u00e4ng\u00f6-mb\u00ebt\u00ef na B\u00eaafr\u00eeka abez\u00f4a. Mb\u00ean\u00ee ng\u00f4bo t\u00ee d\u00efk\u00f6ng\u00f6-mb\u00ebt\u00ef ayeke da\u00e4 k\u00f4zo n\u00ee na B\u00eaafr\u00eeka p\u00ebpe, s\u00ef \u00ea l\u00eengbi t\u00ee m\u00fb t\u00e4pand\u00eb n\u00ee t\u00ee s\u00e2ra na \u00e2t\u00ee \u00eb \u00e2b\u00fbku n\u00ee p\u00ebpe. \u00cb yeke b\u00e2a l\u00e2s\u00f4 y\u00ebng\u00f6 s\u00f4 \u00e2zo ay\u00ea na ng\u00f4bo t\u00ee \u00eb: \u00c2la h\u00fbnda n\u00ee abutuma ah\u00f6n li t\u00ee \u00eb.<\/span><\/p>\n<p><strong>F\u00e4ng\u00f6-y\u00ea na to-mb\u00ef-to na k\u00f4zo ndoto t\u00ee k\u00f4zo kere t\u00ee lik\u00f4lo<\/strong><\/p>\n<p><span style=\"font-weight: 400;\">Na nze t\u00ee Mvuka t\u00ee ng\u00fb 2015 na 2016, \u00e2wakua t\u00ee k\u00fcnd\u00fc S\u00ceR\u00ceR\u00ce ague na gb\u00e4t\u00e4 t\u00ee ngonda Boz\u00fbm, afa mb\u00ebt\u00ef na to-mb\u00ef-to na \u00e2waf\u00e4ng\u00f6-mb\u00ebt\u00ef t\u00ee \u00e2k\u00f4zo kere t\u00ee lik\u00f4lo t\u00ee \u00e2k\u00f6d\u00f6r\u00f6-k\u00f6m\u00e4nd\u00e2-k\u00f6t\u00e4 \u00fbse. Nd\u00e2 t\u00ee \u00e2k\u00e2p\u00e4 t\u00ee kua s\u00f4 ayeke t\u00ee z\u00ee l\u00ea t\u00ee \u00e2waf\u00e4ng\u00f6-mb\u00ebt\u00ef n\u00ee na nd\u00f6 t\u00ee y\u00ea s\u00f4 a \u00eeri n\u00ee &#8220;f\u00e4ng\u00f6-mb\u00ebt\u00ef na nd\u00e2 n\u00ee kw\u00ea&#8221; s\u00f4 ayeke kp\u00eangba s\u00e4r\u00e4ng\u00f6-kua mab\u00f4ko na mab\u00f4ko na \u00e2m\u00f4leng\u00ea n\u00ee na kod\u00ebl\u00eag\u00eb t\u00ee m\u00e4nd\u00e4ng\u00f6-mb\u00ebt\u00ef n\u00ee. Na m\u00fcng\u00f6 pek\u00f4 t\u00ee bib\u00ea t\u00ee &#8220;m\u00e4nd\u00e4ng\u00f6-y\u00ea na s\u00e4r\u00e4ng\u00f6-ngy\u00e2&#8221; s\u00f4 Comenius \u00a0avulanga n\u00ee, \u00eb yeke gi t\u00ee z\u00eengo na be ti \u00e2m\u00f4leng\u00ea n\u00ee nzara t\u00ee s\u00e4r\u00e4ng\u00f6-kua na ngy\u00e2, ng\u00e2 na ngy\u00e2 t\u00ee m\u00e4nd\u00e4ng\u00f6-y\u00ea. Na y\u00e2 t\u00ee k\u00e2p\u00e4 t\u00ee kua s\u00f4, \u00e2waf\u00e4ng\u00f6-y\u00ea t\u00ee S\u00ceR\u00ceR\u00ce na \u00e2waf\u00e4ng\u00f6-mb\u00ebt\u00ef n\u00ee awara l\u00eag\u00eb t\u00ee b\u00e2a s\u00f4 s\u00ef, na y\u00e2 t\u00ee k\u00f6d\u00f6r\u00f6 t\u00ee k\u00f6t\u00e4 y\u00ebr\u00eb, zo all\u00eengbi l\u00e2kw\u00ea t\u00ee fa mb\u00ebt\u00ef na \u00e2gb\u00e2k\u00fbr\u00fb t\u00ee f\u00e4ng\u00f6-y\u00ea s\u00f4 am\u00e2ngbi na \u00e2sop\u00eb t\u00ee f\u00e4ng\u00f6-y\u00ea t\u00ee fad\u00ebs\u00f4. \u00c2zo m\u00eengi ayeke h\u00fbnda na \u00eb l\u00e2s\u00f4 t\u00ee ngb\u00e2 na s\u00e4r\u00e4ng\u00f6 \u00e2k\u00e2p\u00e4 t\u00ee kua n\u00ee t\u00ee fa y\u00ea da\u00e4. E l\u00eengbi \u00e2nde t\u00ee fa y\u00ea na \u00e2waf\u00e4ng\u00f6-mb\u00ebt\u00ef \u00f4ke na ng\u00fb t\u00ee 2017 s\u00f4?<\/span><\/p>\n<p><img loading=\"lazy\" class=\"alignnone wp-image-2585\" src=\"https:\/\/siriri.org\/wp-content\/uploads\/2023\/02\/20220902_092811-768x576.jpg\" alt=\"\" width=\"600\" height=\"450\" srcset=\"https:\/\/siriri.org\/wp-content\/uploads\/2023\/02\/20220902_092811-768x576.jpg 768w, https:\/\/siriri.org\/wp-content\/uploads\/2023\/02\/20220902_092811-1920x1440.jpg 1920w, https:\/\/siriri.org\/wp-content\/uploads\/2023\/02\/20220902_092811-1536x1152.jpg 1536w, https:\/\/siriri.org\/wp-content\/uploads\/2023\/02\/20220902_092811-2048x1536.jpg 2048w, https:\/\/siriri.org\/wp-content\/uploads\/2023\/02\/20220902_092811-400x300.jpg 400w, https:\/\/siriri.org\/wp-content\/uploads\/2023\/02\/20220902_092811-300x225.jpg 300w\" sizes=\"(max-width: 600px) 100vw, 600px\" \/><\/p>\n<p><span style=\"font-weight: 400;\">\u00c2k\u00e2p\u00e4 t\u00ee kua n\u00ee af\u00f6 na nd\u00f6 t\u00ee b\u00fbkuyind\u00e4 t\u00ee f\u00e4ng\u00f6-y\u00ea s\u00f4 \u00eb leke n\u00ee g\u00ef nd\u00e2li t\u00ee \u00e2waf\u00e4ng\u00f6-mb\u00ebt\u00ef t\u00ee B\u00eaafr\u00eeka. B\u00fbkuyind\u00e4 s\u00f4 af\u00f6 na nd\u00f6 t\u00ee g\u00fcpand\u00eb usyo t\u00ee f\u00e4ng\u00f6-y\u00ea. Na y\u00e2 t\u00ee \u00e2k\u00e2p\u00e4 t\u00ee kua n\u00ee, \u00e2waf\u00e4ng\u00f6-mb\u00ebt\u00ef n\u00ee amanda t\u00ee m\u00e4 t\u00ebn\u00eb na d\u00ebng\u00ebng\u00f6-m\u00ea nzon\u00ee, t\u00ee h\u00fbnda ndo, t\u00ee m\u00e4 mb\u00eer\u00eemb\u00eer\u00ee nd\u00e2 t\u00ee \u00e2gb\u00e2s\u00fb s\u00f4 \u00e2la yeke d\u00eeko, t\u00ee s\u00e2ra \u00e2s\u00eang\u00ea gb\u00e2k\u00fbr\u00fb t\u00ee f\u00e4ng\u00f6 na y\u00ea, t\u00ee m\u00e2i na s\u00ebk\u00e4ng\u00f6-y\u00ea t\u00ee bib\u00ea t\u00ee \u00e2la.<\/span><\/p>\n<p><strong>Gbaralimo t\u00ee f\u00e4ng\u00f6-y\u00ea<\/strong><\/p>\n<p><span style=\"font-weight: 400;\">L\u00eag\u00eb \u00f4ko na \u00e2k\u00e2p\u00e4 t\u00ee kua s\u00f4, \u00eb yeke s\u00e2ra \u00e2gbaralimo t\u00ee f\u00e4ng\u00f6-y\u00ea na y\u00e2 t\u00ee \u00e2damb\u00ebt\u00ef. \u00c2kub\u00fbt\u00e4s\u00ebm\u00e4 gb\u00e2n\u00ee bal\u00eb-\u00f4ko na bal\u00eb-\u00f4ko awara \u00e2gbaralimo na y\u00e2 t\u00ee \u00e2nd\u00e2ngb\u00e2 ng\u00fb \u00fbse s\u00f4, nd\u00e2li t\u00ee kua t\u00ee \u00e2wakuaf\u00fbe t\u00ee Ty\u00eaki \u00fbse, David B\u00f6hm na Ji\u0159\u00ed Franta, s\u00f4 aleke \u00e2limo n\u00ee s\u00ef akpaka n\u00ee. \u00c2gbaralimo s\u00f4 adut\u00ef na s\u00ea t\u00ee \u00e2b\u00fbku t\u00ee lik\u00f4lo s\u00f4 at\u00eea, ng\u00e2 na \u00e2limo t\u00ee m\u00e4nd\u00e4ng\u00f6-y\u00ea.<\/span><\/p>\n<p><img loading=\"lazy\" class=\"alignnone wp-image-1059 size-large\" src=\"https:\/\/siriri.org\/wp-content\/uploads\/2017\/05\/494-1920x1278.jpg\" alt=\"\" width=\"640\" height=\"426\" srcset=\"https:\/\/siriri.org\/wp-content\/uploads\/2017\/05\/494-1920x1278.jpg 1920w, https:\/\/siriri.org\/wp-content\/uploads\/2017\/05\/494-768x511.jpg 768w, https:\/\/siriri.org\/wp-content\/uploads\/2017\/05\/494-150x100.jpg 150w, https:\/\/siriri.org\/wp-content\/uploads\/2017\/05\/494-200x133.jpg 200w, https:\/\/siriri.org\/wp-content\/uploads\/2017\/05\/494-250x166.jpg 250w, https:\/\/siriri.org\/wp-content\/uploads\/2017\/05\/494-300x200.jpg 300w\" sizes=\"(max-width: 640px) 100vw, 640px\" \/><\/p>\n<p><strong>Gb\u00e2 s\u00f4 agb\u00f4 Lafab\u00ebe t\u00ee m\u00e2i fin\u00ee, ng\u00e2 na mb\u00ebt\u00ef-ger\u00eapa ABC na S\u00e4ng\u00f6<\/strong><\/p>\n<p><span style=\"font-weight: 400;\">\u00c2waf\u00e4ng\u00f6-mb\u00ebt\u00ef s\u00f4 amanda fin\u00ee kod\u00ea n\u00ee s\u00f4, a m\u00fb na \u00e2t\u00e4s\u00ebm\u00e4 t\u00ee \u00e2la mben\u00ee gb\u00e2 t\u00ee f\u00e4ng\u00f6-y\u00ea, s\u00f4 agb\u00f4 Lafab\u00eae t\u00ee m\u00e2i fin\u00ee \u00f4ko, ng\u00e2 na \u00e2gb\u00e2 t\u00ee l\u00eas\u00fb. A m\u00fb na \u00e2ny\u00eelik\u00f4lo n\u00ee mb\u00ean\u00ee b\u00fbku-ger\u00eapa ABC na S\u00e4ng\u00f6. A pete s\u00fbk\u00f4 n\u00ee s\u00e2ki ok\u00fc awe, s\u00ef a k\u00e2ngbi n\u00ee ng\u00e2 na y\u00e2 t\u00ee \u00e2damb\u00ebt\u00ef 121 awe. \u00cb sepe ng\u00f4bo t\u00ee d\u00efk\u00f6ng\u00f6-mb\u00ebt\u00ef s\u00f4 na \u00e2waf\u00e4ng\u00f6-mb\u00ebt\u00ef t\u00ee B\u00eaafr\u00eeka na \u00e2wakuaf\u00fbe t\u00ee Ty\u00eaki. Nd\u00e2 t\u00ee ng\u00f4bo t\u00ee d\u00efk\u00f6ng\u00f6-mb\u00ebt\u00ef s\u00f4 ayeke t\u00ee gue na \u00e2m\u00f4leng\u00ea n\u00ee t\u00ee manda g\u00fcnd\u00e2 t\u00ee kod\u00eb t\u00ee d\u00efk\u00f6ng\u00f6-mb\u00ebt\u00ef. B\u00fbku-ger\u00eapa n\u00ee ayeke t\u00ee damb\u00ebt\u00ef n\u00ee, t\u00f6ngas\u00f4 s\u00ef \u00e2m\u00f4leng\u00ea n\u00ee amanda mb\u00ebt\u00ef na n\u00ee an\u00eenga.<\/span><\/p>\n<p><img loading=\"lazy\" class=\"size-full wp-image-1036\" src=\"https:\/\/siriri.org\/wp-content\/uploads\/2016\/08\/2-1.jpg\" alt=\"\" width=\"576\" height=\"432\" srcset=\"https:\/\/siriri.org\/wp-content\/uploads\/2016\/08\/2-1.jpg 576w, https:\/\/siriri.org\/wp-content\/uploads\/2016\/08\/2-1-400x300.jpg 400w, https:\/\/siriri.org\/wp-content\/uploads\/2016\/08\/2-1-300x225.jpg 300w\" sizes=\"(max-width: 576px) 100vw, 576px\" \/><\/p>\n<p><strong>\u00cb bez\u00f4a tung\u00eb t\u00ee \u00e2la s\u00ef \u00eb l\u00eengbi t\u00ee y\u00eada na gb\u00e2 t\u00ee \u00e2zo s\u00f4 as\u00e2ra nzara t\u00ee pial\u00f6 t\u00ee \u00eb na B\u00eaafr\u00eeka.<\/strong><\/p>\n<p><span style=\"font-weight: 400;\">Na nze t\u00ee Mvuka 2015, \u00e2waf\u00e4ng\u00f6-y\u00ea \u00fbse afa kua na \u00e2waf\u00e4ng\u00f6-mb\u00ebt\u00ef 25 t\u00ee mb\u00ean\u00ee damb\u00ebt\u00ee \u00f4ko t\u00ee Boz\u00fbm s\u00f4 \u00e2ny\u00eelik\u00f4lo 800 ayeke gue lik\u00f4lo da\u00e4. \u00c2k\u00f4zo \u00e2t\u00e4s\u00ebm\u00e4 ot\u00e2 (\u00e2ny\u00eelik\u00f4lo 150) t\u00ee yind\u00e4 n\u00ee awara t\u00ee tara n\u00ee \u00e2s\u00fbk\u00f4 80 t\u00ee k\u00f4zo vung\u00e4 t\u00ee b\u00fbku-ger\u00eapa ABC na S\u00e4ng\u00f6.<\/span><\/p>\n<p><span style=\"font-weight: 400;\">Na Mvuka 2016, \u00e2waf\u00e4ng\u00f6-y\u00ea bal\u00eb-\u00f4ko afa kua, na y\u00e2 t\u00ee mb\u00ean\u00ee k\u00e2p\u00e4kua, na \u00e2waf\u00e4ng\u00f6-mb\u00ebt\u00ef 130 s\u00f4 al\u00f6nd\u00f6 na \u00e2damb\u00ebt\u00ee 121 t\u00ee y\u00e2 t\u00ee \u00e2k\u00f6d\u00f6r\u00f6-k\u00f6m\u00e4nd\u00e2-k\u00f6t\u00e4 \u00fbse. S\u00f4 k\u00e2p\u00e4kua n\u00ee ah\u00fbnzi awe, \u00e2waf\u00e4ng\u00f6-mb\u00ebt\u00ef n\u00ee awara \u00e2y\u00ea t\u00ee kua t\u00ee f\u00e4ng\u00f6-y\u00ea t\u00f6ngana: \u00c2lafab\u00ebe t\u00ee m\u00e2i fin\u00ee 130, \u00e2gb\u00e2 t\u00ee \u00e2l\u00eas\u00fb 150, na \u00e2b\u00fbku-ger\u00eapa ABC na S\u00e4ng\u00f6 5.000. Pial\u00f6kua n\u00ee az\u00ee l\u00eag\u00eb na \u00e2ny\u00eelik\u00f4lo 12.890 t\u00ee wara nz\u00f6n\u00ee m\u00e4nd\u00e4ng\u00f6-mb\u00ebt\u00ef.<\/span><\/p>","protected":false},"excerpt":{"rendered":"<p class=\"qtranxs-available-languages-message qtranxs-available-languages-message-sg\">Sorry, this entry is only available in <a href=\"https:\/\/siriri.org\/cs\/wp-json\/wp\/v2\/pages\/1083\" class=\"qtranxs-available-language-link qtranxs-available-language-link-cs\" title=\"\u010cesky\">\u010cesky<\/a>, <a href=\"https:\/\/siriri.org\/fr\/wp-json\/wp\/v2\/pages\/1083\" class=\"qtranxs-available-language-link qtranxs-available-language-link-fr\" title=\"Fran\u00e7ais\">Fran\u00e7ais<\/a> and <a href=\"https:\/\/siriri.org\/en\/wp-json\/wp\/v2\/pages\/1083\" class=\"qtranxs-available-language-link qtranxs-available-language-link-en\" title=\"English\">English<\/a>.<\/p>\n","protected":false},"author":3,"featured_media":2587,"parent":0,"menu_order":8,"comment_status":"closed","ping_status":"closed","template":"page_skolahrou.php","meta":[],"_links":{"self":[{"href":"https:\/\/siriri.org\/sg\/wp-json\/wp\/v2\/pages\/1083"}],"collection":[{"href":"https:\/\/siriri.org\/sg\/wp-json\/wp\/v2\/pages"}],"about":[{"href":"https:\/\/siriri.org\/sg\/wp-json\/wp\/v2\/types\/page"}],"author":[{"embeddable":true,"href":"https:\/\/siriri.org\/sg\/wp-json\/wp\/v2\/users\/3"}],"replies":[{"embeddable":true,"href":"https:\/\/siriri.org\/sg\/wp-json\/wp\/v2\/comments?post=1083"}],"version-history":[{"count":102,"href":"https:\/\/siriri.org\/sg\/wp-json\/wp\/v2\/pages\/1083\/revisions"}],"predecessor-version":[{"id":4161,"href":"https:\/\/siriri.org\/sg\/wp-json\/wp\/v2\/pages\/1083\/revisions\/4161"}],"wp:featuredmedia":[{"embeddable":true,"href":"https:\/\/siriri.org\/sg\/wp-json\/wp\/v2\/media\/2587"}],"wp:attachment":[{"href":"https:\/\/siriri.org\/sg\/wp-json\/wp\/v2\/media?parent=1083"}],"curies":[{"name":"wp","href":"https:\/\/api.w.org\/{rel}","templated":true}]}}