{"id":994,"date":"2017-05-03T08:42:35","date_gmt":"2017-05-03T07:42:35","guid":{"rendered":"https:\/\/siriri.org\/?page_id=994"},"modified":"2022-06-20T16:04:26","modified_gmt":"2022-06-20T15:04:26","slug":"podporte-skola-hrou","status":"publish","type":"page","link":"https:\/\/siriri.org\/fr\/soutenir-apprende-en-jouant-en-rca\/","title":{"rendered":"Soutenir Apprendre en jouant en RCA"},"content":{"rendered":"<p>Les mat\u00e9riels didactiques sont pr\u00eats et les enseignants sont tr\u00e8s int\u00e9ress\u00e9s. Les contenus des formations sont \u00e9galement pr\u00eats. Pour \u00e9tendre notre programme \u00ab\u00a0cl\u00e9 en main\u00a0\u00bb \u00e0 d\u2019autres \u00e9coles, nous avons besoin de moyens financiers pour le r\u00e9aliser.<\/p>\n<p>&nbsp;<\/p>\n<p><strong>Co\u00fbts:<\/strong><\/p>\n<table>\n<tbody>\n<tr>\n<td><strong><span lang=\"cs-CZ\">1 syllabaire<\/span><\/strong><\/td>\n<td>&#8230;&#8230;<\/td>\n<td><strong><span lang=\"cs-CZ\">2,5 \u20ac<\/span><\/strong><\/td>\n<\/tr>\n<tr>\n<td><strong><span lang=\"cs-CZ\">Mat\u00e9riels didactiques pour une classe de 50 \u00e9l\u00e8ves<\/span><\/strong><\/td>\n<td>&#8230;&#8230;<\/td>\n<td><strong><span lang=\"cs-CZ\">99 \u20ac<\/span><\/strong><\/td>\n<\/tr>\n<tr>\n<td><strong><span lang=\"cs-CZ\">La formation de 15 enseignants centrafricains<\/span><\/strong><\/td>\n<td>&#8230;&#8230;<\/td>\n<td><strong><span lang=\"cs-CZ\">1 400 \u20ac<\/span><\/strong><\/td>\n<\/tr>\n<\/tbody>\n<\/table>\n<p>&nbsp;<\/p>\n<p><span lang=\"cs-CZ\">Nous pourrons offrir notre aide \u00e0 autant d\u2019\u00e9coles, d\u2019instituteurs et d\u2019\u00e9l\u00e8ves en RCA que nous aurons rassembl\u00e9 de fonds n\u00e9cessaires.<\/span><\/p>\n<p><span lang=\"cs-CZ\">Nous nous effor\u00e7ons de fabriquer en RCA ou dans les pays voisins le plus grand nombre de mat\u00e9riels. L\u2018impression des syllabaires a \u00e9t\u00e9 r\u00e9alis\u00e9e en 2016 par l\u2018imprimerie Macacos au Cameroun. Nous avons aussi besoin de transporter les mat\u00e9riels cr\u00e9\u00e9s \u00e0 Prague.<\/span><\/p>\n<p>&nbsp;<\/p>\n<h2 style=\"text-align: center;\">Compte du programme Apprendre en jouant en RCA : 636621\/5500.<\/h2>\n<p>&nbsp;<\/p>\n<p><strong><span lang=\"cs-CZ\">Vous souhaitez des informations compl\u00e9mentaires\u00a0?<\/span><\/strong><\/p>\n<p><span lang=\"cs-CZ\">N\u2019h\u00e9sitez pas \u00e0 contacter les auteurs de ce programme\u00a0:<\/span><\/p>\n<p><strong>Jana \u0160kubalov\u00e1<\/strong><\/p>\n<p><a href=\"mailto:jana.skubalova@siriri.org\">jana.skubalova@siriri.org<\/a><\/p>\n<ul>\n<li><span lang=\"cs-CZ\">Directrice de SIRIRI, o.p.s.. Elle a visit\u00e9 en 2022 le programme en RCA<\/span><span lang=\"cs-CZ\">.<\/span><\/li>\n<\/ul>\n<p>&nbsp;<\/p>\n<p><strong><span lang=\"cs-CZ\">Ludmila B\u00f6hmov\u00e1<\/span><\/strong><\/p>\n<p><a href=\"mailto:ludmila.bohmova@siriri.org\"><span lang=\"cs-CZ\">ludmila.bohmova@siriri.org<\/span><\/a><\/p>\n<ul>\n<li><span lang=\"cs-CZ\">Initiatrice du programme <\/span><span lang=\"cs-CZ\">\u00ab\u00a0Apprendre en jouant en RCA\u00a0\u00bb<\/span><span lang=\"cs-CZ\">, enseignante, co-fondatrice de SIRIRI o.p.s., formatrice dans le cadre des s\u00e9minaires propos\u00e9s aux enseignants centrafricains. Ludmila intervient en RCA depuis 2011.<\/span><\/li>\n<\/ul>\n<p><\/p>","protected":false},"excerpt":{"rendered":"<p>Les mat\u00e9riels didactiques sont pr\u00eats et les enseignants sont tr\u00e8s int\u00e9ress\u00e9s. Les contenus des formations sont \u00e9galement pr\u00eats. Pour \u00e9tendre notre programme \u00ab\u00a0cl\u00e9 en main\u00a0\u00bb \u00e0 d\u2019autres \u00e9coles, nous avons besoin de moyens financiers pour le r\u00e9aliser. &nbsp; Co\u00fbts: 1 syllabaire &#8230;&#8230; 2,5 \u20ac Mat\u00e9riels didactiques pour une classe de 50 \u00e9l\u00e8ves &#8230;&#8230; 99 \u20ac [&hellip;]<\/p>\n","protected":false},"author":3,"featured_media":0,"parent":0,"menu_order":10,"comment_status":"closed","ping_status":"closed","template":"page_full_skolahrou.php","meta":[],"_links":{"self":[{"href":"https:\/\/siriri.org\/fr\/wp-json\/wp\/v2\/pages\/994"}],"collection":[{"href":"https:\/\/siriri.org\/fr\/wp-json\/wp\/v2\/pages"}],"about":[{"href":"https:\/\/siriri.org\/fr\/wp-json\/wp\/v2\/types\/page"}],"author":[{"embeddable":true,"href":"https:\/\/siriri.org\/fr\/wp-json\/wp\/v2\/users\/3"}],"replies":[{"embeddable":true,"href":"https:\/\/siriri.org\/fr\/wp-json\/wp\/v2\/comments?post=994"}],"version-history":[{"count":15,"href":"https:\/\/siriri.org\/fr\/wp-json\/wp\/v2\/pages\/994\/revisions"}],"predecessor-version":[{"id":2114,"href":"https:\/\/siriri.org\/fr\/wp-json\/wp\/v2\/pages\/994\/revisions\/2114"}],"wp:attachment":[{"href":"https:\/\/siriri.org\/fr\/wp-json\/wp\/v2\/media?parent=994"}],"curies":[{"name":"wp","href":"https:\/\/api.w.org\/{rel}","templated":true}]}}