{"id":344,"date":"2016-09-01T09:47:11","date_gmt":"2016-09-01T08:47:11","guid":{"rendered":"https:\/\/siriri.org\/?page_id=344"},"modified":"2018-02-19T10:35:26","modified_gmt":"2018-02-19T09:35:26","slug":"klicove-pojmy","status":"publish","type":"page","link":"https:\/\/siriri.org\/fr\/klicove-pojmy\/","title":{"rendered":"\u00c9l\u00e9ments cl\u00e9"},"content":{"rendered":"<p><\/p>\n<h3><strong>D\u00e9veloppement durable<\/strong><\/h3>\n<p><span style=\"font-weight: 400;\">En R\u00e9publique centrafricaine, pays qui souffre depuis longtemps de la pauvret\u00e9, il ne s\u2019agit pas de fournir une aide humanitaire ponctuelle mais de permettre aux citoyens \u00abde se tenir sur leurs propres jambes \u00bb.<\/span><\/p>\n<h3><strong>R\u00e9ciprocit\u00e9<\/strong><\/h3>\n<p><span style=\"font-weight: 400;\">Ce travail nous passionne et nous r\u00e9jouit. Tout comme les citoyens tch\u00e8ques soutiennent des actions pour les citoyens de RCA, de m\u00eame les citoyens de RCA permettent aux citoyens tch\u00e8ques de comprendre que le monde ne s\u2019arr\u00eate pas \u00e0 leur porte. M\u00eame avec peu de moyens venant de R\u00e9publique tch\u00e8que, on peut r\u00e9aliser beaucoup de choses en R\u00e9publique centrafricaine.<\/span><\/p>\n<h3><strong>Association \u00e0 but non lucratif<\/strong><\/h3>\n<p><span style=\"font-weight: 400;\">M\u00eame si les membres de SIRIRI s\u2019efforcent d\u2019obtenir un maximum de fonds pour ses \u00a0projets, l\u2019argent r\u00e9colt\u00e9 ne sert pas \u00e0 enrichir les interm\u00e9diaires.<\/span><\/p>\n<h3><strong>Association a-politique<\/strong><\/h3>\n<p><span style=\"font-weight: 400;\">Bien que les experts soient d\u2019accord sur le fait que l\u2019aide au d\u00e9veloppement est une question politique, le projet de SIRIRI n\u2019est ni politique, ni li\u00e9 \u00e0 une quelconque institution politique.<\/span><\/p>\n<h3><strong>Association non-confessionnelle<\/strong><\/h3>\n<p><span style=\"font-weight: 400;\">Bien que SIRIRI collabore avec une mission chr\u00e9tienne, son but est de soutenir ceux qui en ont besoin et pas de faire du pros\u00e9lytisme.<\/span><\/p>\n<h3><strong>Transparence<\/strong><\/h3>\n<p><span style=\"font-weight: 400;\">C\u2019est pour nous une \u00e9vidence. Nous mesurons l\u2019importance du soutien des bailleurs de fonds et nous souhaitons pr\u00e9senter avec transparence nos projets, ind\u00e9pendamment les uns des autres. Pour cela nous pr\u00e9sentons des comptes certifi\u00e9s conformes dans nos rapports annuels.<\/span><\/p>\n<h3><strong>Un co\u00fbt faible<\/strong><\/h3>\n<p><span style=\"font-weight: 400;\">SIRIRI travaille en R\u00e9publique centrafricaine et est l\u2019une des petites associations qui y est engag\u00e9e (deux associations tch\u00e8ques aident actuellement en RCA, SIRIRI est la seule qui vise \u00e0 soutenir la R\u00e9publique centrafricaine) \u2013 elle est la seule \u00e0 agir dans son domaine. La situation \u00e9conomique en R\u00e9publique centrafricaine est tr\u00e8s mauvaise, deux tiers des habitants vivent avec moins de 1 dollar par jour. De vos dons SIRIRI ne garde rien pour elle, le co\u00fbt de son organisation est tr\u00e8s faible. Avec SIRIRI, vous pouvez aider beaucoup, m\u00eame en ne donnant qu\u2019un faible montant (par exemple avec le projet du centre pour orphelins, 1 350 czk vous permettent d\u2019offrir \u00e0 un enfant sa scolarit\u00e9, de quoi manger et des soins sur une dur\u00e9e d\u2019un an).<\/span><\/p>","protected":false},"excerpt":{"rendered":"<p>D\u00e9veloppement durable En R\u00e9publique centrafricaine, pays qui souffre depuis longtemps de la pauvret\u00e9, il ne s\u2019agit pas de fournir une aide humanitaire ponctuelle mais de permettre aux citoyens \u00abde se tenir sur leurs propres jambes \u00bb. R\u00e9ciprocit\u00e9 Ce travail nous passionne et nous r\u00e9jouit. Tout comme les citoyens tch\u00e8ques soutiennent des actions pour les citoyens [&hellip;]<\/p>\n","protected":false},"author":3,"featured_media":714,"parent":0,"menu_order":13,"comment_status":"closed","ping_status":"closed","template":"","meta":[],"_links":{"self":[{"href":"https:\/\/siriri.org\/fr\/wp-json\/wp\/v2\/pages\/344"}],"collection":[{"href":"https:\/\/siriri.org\/fr\/wp-json\/wp\/v2\/pages"}],"about":[{"href":"https:\/\/siriri.org\/fr\/wp-json\/wp\/v2\/types\/page"}],"author":[{"embeddable":true,"href":"https:\/\/siriri.org\/fr\/wp-json\/wp\/v2\/users\/3"}],"replies":[{"embeddable":true,"href":"https:\/\/siriri.org\/fr\/wp-json\/wp\/v2\/comments?post=344"}],"version-history":[{"count":7,"href":"https:\/\/siriri.org\/fr\/wp-json\/wp\/v2\/pages\/344\/revisions"}],"predecessor-version":[{"id":1332,"href":"https:\/\/siriri.org\/fr\/wp-json\/wp\/v2\/pages\/344\/revisions\/1332"}],"wp:featuredmedia":[{"embeddable":true,"href":"https:\/\/siriri.org\/fr\/wp-json\/wp\/v2\/media\/714"}],"wp:attachment":[{"href":"https:\/\/siriri.org\/fr\/wp-json\/wp\/v2\/media?parent=344"}],"curies":[{"name":"wp","href":"https:\/\/api.w.org\/{rel}","templated":true}]}}