{"id":235,"date":"2016-08-24T15:56:14","date_gmt":"2016-08-24T14:56:14","guid":{"rendered":"https:\/\/siriri.org\/?page_id=235"},"modified":"2018-02-19T10:30:54","modified_gmt":"2018-02-19T09:30:54","slug":"historie-sar","status":"publish","type":"page","link":"https:\/\/siriri.org\/fr\/historie-sar\/","title":{"rendered":"Histoire de la R\u00e9publique centrafricaine"},"content":{"rendered":"<p><span style=\"font-weight: 400;\">janvier 2017<\/span><\/p>\n<p><span style=\"font-weight: 400;\">Fermeture du camps de r\u00e9fugi\u00e9 de Mpoko pr\u00e8s de l\u2019a\u00e9roport de Bangui. 20 000 personnes install\u00e9es dans le camps doivent retourner \u00e0 l\u2019endroit d\u2019o\u00f9 elles avaient fui 4 ans auparavant ou dans le lieu de leur choix. Ni la s\u00e9curit\u00e9, ni la stabilit\u00e9 du pays ne sont assur\u00e9es.<\/span><\/p>\n<p><span style=\"font-weight: 400;\">17 novembre 2016<\/span><\/p>\n<p><span style=\"font-weight: 400;\">Conf\u00e9rence internationale pour la R\u00e9publique centrafricaine \u00e0 Bruxelles, en la pr\u00e9sence du Pr\u00e9sident de Centrafrique, \u00a0Faustin-Archange Touad\u00e9ra.<\/span><\/p>\n<p><span style=\"font-weight: 400;\">30 mars 2016<\/span><\/p>\n<p><span style=\"font-weight: 400;\">Election du nouveau Pr\u00e9sident de la R\u00e9publique centrafricaine, Faustin-Archange Touad\u00e9ra.<\/span><\/p>\n<p>&nbsp;<\/p>\n<p><span style=\"font-weight: 400;\">Mai 2015<\/span><\/p>\n<p><span style=\"font-weight: 400;\">Forum de Bangui et signature d\u2019un accord sur les modalit\u00e9s du programme de d\u00e9sarmement par les repr\u00e9sentant des anti-balaka et ex-s\u00e9l\u00e9ka<\/span><\/p>\n<p>&nbsp;<\/p>\n<p><span style=\"font-weight: 400;\">Janvier 2015<\/span><\/p>\n<p><span style=\"font-weight: 400;\">Initiative de r\u00e9conciliation nationale lanc\u00e9e par le gouvernement<\/span><\/p>\n<p>&nbsp;<\/p>\n<p><span style=\"font-weight: 400;\">Septembre 2014<\/span><\/p>\n<p><span style=\"font-weight: 400;\">La Minusca (mission multidimentionnelle int\u00e9gr\u00e9e de stabilisation des Nations unies en Centrafrique) remplace la Misca<\/span><\/p>\n<p>&nbsp;<\/p>\n<p><span style=\"font-weight: 400;\">juillet 2014<\/span><\/p>\n<p><span style=\"font-weight: 400;\">Accord de cessez le feu sign\u00e9 \u00e0 Brazzaville entre les diff\u00e9rents groupes arm\u00e9s<\/span><\/p>\n<p><span style=\"font-weight: 400;\">Janvier 2014<\/span><\/p>\n<p><span style=\"font-weight: 400;\">D\u00e9mission du Pr\u00e9sident Djotodia, \u00e9lection par le Parlement de Catherine SAMBA-PANZA. L\u2019ONU estime \u00e0 886 000 le nombre de personnes d\u00e9plac\u00e9es. Elle \u00e9voque un risque de g\u00e9nocide et une crise alimentaire majeure.<\/span><\/p>\n<p>&nbsp;<\/p>\n<p><span style=\"font-weight: 400;\">D\u00e9cembre 2013<\/span><\/p>\n<p><span style=\"font-weight: 400;\">D\u00e9but de l\u2019op\u00e9ration SANGARIS \u00a0pour appuyer les troupes de la mission internationale de soutien \u00e0 la Centrafrique sur fonds de conflits entre la S\u00e9l\u00e9ka et les anti-balaka. <\/span><\/p>\n<p>&nbsp;<\/p>\n<p><span style=\"font-weight: 400;\">Mars 2013<\/span><\/p>\n<p><span style=\"font-weight: 400;\">Entr\u00e9e des forces rebelles \u00e0 Bangui. Le Pr\u00e9sident Fran\u00e7ois BOZIZE quitte le pouvoir. Michel Djotodia s\u2019auto-proclame chef de l\u2019Etat<\/span><\/p>\n<p><span style=\"font-weight: 400;\">21 d\u00e9cembre 2012<\/span><\/p>\n<p><span style=\"font-weight: 400;\">Au sommet de la Communaut\u00e9 \u00e9conomique des \u00c9tats d\u2019Afrique centrale, d\u00e9cision de cr\u00e9er une force multi-ethnique, la FOMAC (force multinationale de l\u2019Afrique centrale).<\/span><\/p>\n<p><span style=\"font-weight: 400;\">12 d\u00e9cembre 2012<\/span><\/p>\n<p><span style=\"font-weight: 400;\">Naissance de la coalition rebelle de la S\u00e9l\u00e9ka<\/span><\/p>\n<p><span style=\"font-weight: 400;\">12 juin 2011<\/span><\/p>\n<p><span style=\"font-weight: 400;\">Le gouvernement et les rebelles du CPJP (convention des patriotes pour la justice et la paix) signent un accord de cessez le feu<\/span><\/p>\n<p><span style=\"font-weight: 400;\">23 janvier 2011<\/span><\/p>\n<p><span style=\"font-weight: 400;\">R\u00e9\u00e9lection de Boziz\u00e9 en tant que Pr\u00e9sident de la R\u00e9publique<\/span><\/p>\n<p><span style=\"font-weight: 400;\">1er d\u00e9cembre 2010<\/span><\/p>\n<p><span style=\"font-weight: 400;\">R\u00e9habilitation de Jean B\u00e9del Bokassa \u00e0 l\u2019occasion du 50\u00e8me anniversaire de l\u2019ind\u00e9pendance du pays<\/span><\/p>\n<p><span style=\"font-weight: 400;\">Novembre 2010<\/span><\/p>\n<p><span style=\"font-weight: 400;\">Jean-Pierre Bemba est jug\u00e9 pour crime lors du putsch de Patass\u00e9 dans les ann\u00e9es 2002 2003 par le tribunal p\u00e9nal international<\/span><\/p>\n<p><span style=\"font-weight: 400;\">Octobre 2010<\/span><\/p>\n<p><span style=\"font-weight: 400;\">La R\u00e9publique Centrafricaine rejoint la R\u00e9publique d\u00e9mocratique du Congo, l\u2019Ouganda et le Sud Soudan dans leur lutte contre l\u2019Arm\u00e9e de r\u00e9sistance du Seigneur<\/span><\/p>\n<p><span style=\"font-weight: 400;\">Mai 2010<\/span><\/p>\n<p><span style=\"font-weight: 400;\">Fin de l\u2019op\u00e9ration \u00a0MINURCAT (Mission des Nations Unie en R\u00e9publique centrafricaine et au Tchad)<\/span><\/p>\n<p><span style=\"font-weight: 400;\">F\u00e9vrier 2010<\/span><\/p>\n<p><span style=\"font-weight: 400;\">Des groupes internationaux de d\u00e9fense des droits de l\u2019homme demandent une enqu\u00eate sur les tortures et le meurtre du chef des rebelles Charles Massi<\/span><\/p>\n<p><span style=\"font-weight: 400;\">30 octobre 2009<\/span><\/p>\n<p><span style=\"font-weight: 400;\">Retour de l\u2019ancien Pr\u00e9sident Patass\u00e9 d\u2019exil du Togo<\/span><\/p>\n<p><span style=\"font-weight: 400;\">21 ao\u00fbt 2009<\/span><\/p>\n<p><span style=\"font-weight: 400;\">Le Pr\u00e9sident Boziz\u00e9 fonde le parti Kwa Na Kwa (Le travail, rien que le travail, en sango)<\/span><\/p>\n<p><span style=\"font-weight: 400;\">Juin 2009<\/span><\/p>\n<p><span style=\"font-weight: 400;\">Nouvelle inondation \u00e0 Bangui, 11 000 personnes se trouvent sans abri<\/span><\/p>\n<p><span style=\"font-weight: 400;\">F\u00e9vrier 2009<\/span><\/p>\n<p><span style=\"font-weight: 400;\">Nouvelle incursion de l\u2019Arm\u00e9e de r\u00e9sistance du Seigneur depuis l\u2019Ouganda<\/span><\/p>\n<p><span style=\"font-weight: 400;\">29 septembre 2008<\/span><\/p>\n<p><span style=\"font-weight: 400;\">Amnistie g\u00e9n\u00e9rale pour les prisonniers incarc\u00e9r\u00e9s depuis 1999<\/span><\/p>\n<p><span style=\"font-weight: 400;\">9 mai 2008<\/span><\/p>\n<p><span style=\"font-weight: 400;\">Signature \u00e0 Bangui d\u2019un nouvel accord de paix entre les forces gouvernementales et les rebelles<\/span><\/p>\n<p><span style=\"font-weight: 400;\">F\u00e9vrier 2008<\/span><\/p>\n<p><span style=\"font-weight: 400;\">Incursion en R\u00e9publique Centrafricaine de l\u2019Arm\u00e9e de r\u00e9sistance du Seigneur de Joseph Kony depuis sa base en Ouganda<\/span><\/p>\n<p>&nbsp;<\/p>\n<p><span style=\"font-weight: 400;\">Septembre 2007<\/span><\/p>\n<p><span style=\"font-weight: 400;\">Op\u00e9ration de la Mission des Nations unies en RCA et au Tchad<\/span><\/p>\n<p>&nbsp;<\/p>\n<p><span style=\"font-weight: 400;\">Mai 2007<\/span><\/p>\n<p><span style=\"font-weight: 400;\">Le tribunal p\u00e9nal international annonce qu\u2019il entame une enqu\u00eate sur le putsch manqu\u00e9 de 2002-2003 contre le pr\u00e9sident Patass\u00e9<\/span><\/p>\n<p>&nbsp;<\/p>\n<p><span style=\"font-weight: 400;\">3 f\u00e9vrier 2007<\/span><\/p>\n<p><span style=\"font-weight: 400;\">Signature d\u2019un accord de paix entre les forces gouvernementales et les rebelles<\/span><\/p>\n<p>&nbsp;<\/p>\n<p><span style=\"font-weight: 400;\">30 novembre 2006<\/span><\/p>\n<p><span style=\"font-weight: 400;\">Deux villes d\u00e9tenues par les rebelles sont bombard\u00e9es par l\u2019arm\u00e9e fran\u00e7aise<\/span><\/p>\n<p>&nbsp;<\/p>\n<p><span style=\"font-weight: 400;\">30 octobre 2006<\/span><\/p>\n<p><span style=\"font-weight: 400;\">Birao au Nord Est du pays est occup\u00e9e par les rebelles<\/span><\/p>\n<p><span style=\"font-weight: 400;\">29 ao\u00fbt 2006<\/span><\/p>\n<p><span style=\"font-weight: 400;\">L\u2019ancien Pr\u00e9sident Patass\u00e9 est condamn\u00e9 \u00e0 20 ans de travaux forc\u00e9s par contumace (il vit en exil au Togo)<\/span><\/p>\n<p><span style=\"font-weight: 400;\">Juin 2006<\/span><\/p>\n<p><span style=\"font-weight: 400;\">Les attaques de rebelles alors que l\u2019ONU est pr\u00e9sente dans le pays ont tu\u00e9 33 personnes<\/span><\/p>\n<p><span style=\"font-weight: 400;\">Ao\u00fbt 2005<\/span><\/p>\n<p><span style=\"font-weight: 400;\">Inondation \u00e0 Bangui qui laisse 22 500 personnes sans abri<\/span><\/p>\n<p><span style=\"font-weight: 400;\">Juin 2005<\/span><\/p>\n<p><span style=\"font-weight: 400;\">Conflit au nord du pays, des milliers de personnes fuient vers le Tchad voisin<\/span><\/p>\n<p><span style=\"font-weight: 400;\">8 mai 2005<\/span><\/p>\n<p><span style=\"font-weight: 400;\">Le g\u00e9n\u00e9ral Boziz\u00e9 remporte les \u00e9lections pr\u00e9sidentielles<\/span><\/p>\n<p><span style=\"font-weight: 400;\">5 d\u00e9cembre 2004<\/span><\/p>\n<p><span style=\"font-weight: 400;\">Adoption de la nouvelle constitution par r\u00e9f\u00e9rendum<\/span><\/p>\n<p><span style=\"font-weight: 400;\">15 mars 2003<\/span><\/p>\n<p><span style=\"font-weight: 400;\">Coup d\u2019\u00c9tat du g\u00e9n\u00e9ral Boziz\u00e9, profitant de l\u2019absence du pays du Pr\u00e9sident Patass\u00e9 et qui se proclame imm\u00e9diatement chef de l\u2019Etat<\/span><\/p>\n<p><span style=\"font-weight: 400;\">4 juillet 2002<\/span><\/p>\n<p><span style=\"font-weight: 400;\">Catastrophe a\u00e9rienne du Boeing 707 congolais Prestige Airlines \u00e0 Bangui (20 morts)<\/span><\/p>\n<p><span style=\"font-weight: 400;\">Juillet 2001<\/span><\/p>\n<p><span style=\"font-weight: 400;\">Envoi en R\u00e9publique centrafricaine d\u2019un repr\u00e9sentant sp\u00e9cial des Nations unie \u00e0 l\u2019initiative de Kofi Annan pour parlementer entre les forces gouvernementales et les rebelles<\/span><\/p>\n<p><span style=\"font-weight: 400;\">28 mai 2001<\/span><\/p>\n<p><span style=\"font-weight: 400;\">Tentative de coup d\u2019\u00c9tat dirig\u00e9 par l\u2019ancien Pr\u00e9sident Kolingba; \u00a0r\u00e9pression des putschistes par l\u2019arm\u00e9e centrafricaine, soutenue par des libyens arm\u00e9es de Libye et des rebelles de RDC (20 morts)<\/span><\/p>\n<p><span style=\"font-weight: 400;\">Mars 2001<\/span><\/p>\n<p><span style=\"font-weight: 400;\">D\u00e9but d\u2019un diff\u00e9rend entre la R\u00e9publique centrafricaine et le Cameroun<\/span><\/p>\n<p><span style=\"font-weight: 400;\">20 ao\u00fbt 2000<\/span><\/p>\n<p><span style=\"font-weight: 400;\">Assassinat de l\u2019Ambassadeur de Libye \u00e0 Bangui alors que Patass\u00e9 est en visite d\u2019\u00c9tat en Libye<\/span><\/p>\n<p><span style=\"font-weight: 400;\">F\u00e9vrier 2000<\/span><\/p>\n<p><span style=\"font-weight: 400;\">Fin de l\u2019op\u00e9ration Minurca<\/span><\/p>\n<p><span style=\"font-weight: 400;\">19 septembre 1999<\/span><\/p>\n<p><span style=\"font-weight: 400;\">Ange-F\u00e9lix Patass\u00e9 \u00e0 nouveau \u00e9lu Pr\u00e9sident<\/span><\/p>\n<p><span style=\"font-weight: 400;\">Avril 1998<\/span><\/p>\n<p><span style=\"font-weight: 400;\">La MISAB est remplac\u00e9e par la mission de l\u2019ONU d\u00e9nomm\u00e9e Minurca (Mission des Nations unies en R\u00e9publique centrafricaine)<\/span><\/p>\n<p><span style=\"font-weight: 400;\">12 f\u00e9vrier 199<\/span><\/p>\n<p><span style=\"font-weight: 400;\">L\u2019intervention de l\u2019arm\u00e9e fran\u00e7aise au printemps 1996 est remplac\u00e9e par la MISAB (mission de surveillance des accords de Bangui, force inter-africaine)<\/span><\/p>\n<p><span style=\"font-weight: 400;\">Novembre 1996<\/span><\/p>\n<p><span style=\"font-weight: 400;\">Nouveaux heurts au sein de l\u2019arm\u00e9e<\/span><\/p>\n<p><span style=\"font-weight: 400;\">3 ou 4 novembre 1996<\/span><\/p>\n<p><span style=\"font-weight: 400;\">D\u00e9c\u00e8s de Jean B\u00e9del Bokassa (graci\u00e9 en 1993)<\/span><\/p>\n<p><span style=\"font-weight: 400;\">Avril mai 1996<\/span><\/p>\n<p><span style=\"font-weight: 400;\">Mutinerie dans l&rsquo;arm\u00e9e en raison du non paiement des salaires, une gr\u00e8ve est r\u00e9prim\u00e9e, la France intervient<\/span><\/p>\n<p><span style=\"font-weight: 400;\">12 janvier 1994<\/span><\/p>\n<p><span style=\"font-weight: 400;\">D\u00e9valuation du franc centrafricain (CFA)<\/span><\/p>\n<p>&nbsp;<\/p>\n<p><span style=\"font-weight: 400;\">19 septembre 1993<\/span><\/p>\n<p><span style=\"font-weight: 400;\">Ange-F\u00e9lix Patass\u00e9 remporte les \u00e9lections pr\u00e9sidentielles (apr\u00e8s les \u00e9lections de 1992, annul\u00e9es en raison de nombreuses irr\u00e9gularit\u00e9s); Kolingba fait lib\u00e9rer des milliers d&rsquo;opposants politiques, y compris l&rsquo;ex-Pr\u00e9sident Bokassa<\/span><\/p>\n<p><span style=\"font-weight: 400;\">1991<\/span><\/p>\n<p><span style=\"font-weight: 400;\">Nouvelle interdiction des partis politiques<\/span><\/p>\n<p><span style=\"font-weight: 400;\">Juillet 1989<\/span><\/p>\n<p><span style=\"font-weight: 400;\">Les repr\u00e9sentants du B\u00e9nin, agissant \u00e0 la demande de Kolingba arr\u00eatent et renvoient des repr\u00e9sentants politiques centrafricains; \u00e0 leur arriv\u00e9e en RCA, ils sont arr\u00eat\u00e9s<\/span><\/p>\n<p><span style=\"font-weight: 400;\">12 juin 1987<\/span><\/p>\n<p><span style=\"font-weight: 400;\">Bokassa est condamn\u00e9 une deuxi\u00e8me fois \u00e0 la peine de mort, sur le fonds de 14 chefs d\u2019accusation (d\u00e9tournement de fonds et assassinat) ; un an plus tard sa peine est transform\u00e9e en peine de prison \u00e0 vie, puis de 10 ans de privation de libert\u00e9<\/span><\/p>\n<p><span style=\"font-weight: 400;\">6-7 f\u00e9vrier1987<\/span><\/p>\n<p><span style=\"font-weight: 400;\">Cr\u00e9ation du rassemblement d\u00e9mocratique centrafricain<\/span><\/p>\n<p><span style=\"font-weight: 400;\">29 novembre 1986<\/span><\/p>\n<p><span style=\"font-weight: 400;\">\u00c9lections pr\u00e9sidentielles remport\u00e9es par Andr\u00e9 Kolingba<\/span><\/p>\n<p><span style=\"font-weight: 400;\">21 novembre 1986<\/span><\/p>\n<p><span style=\"font-weight: 400;\">R\u00e9f\u00e9rendum sur la nouvelle constitution<\/span><\/p>\n<p><span style=\"font-weight: 400;\">24 octobre 1986<\/span><\/p>\n<p><span style=\"font-weight: 400;\">Retour de Jean B\u00e9del Bokassa de son asile en C\u00f4te d\u2019Ivoire et en France. Il est arr\u00eat\u00e9, \u00e9tant accus\u00e9 de d\u00e9tournement de fonds et de cannibalisme, puis condamn\u00e9 \u00e0 mort, peine qui ne sera jamais ex\u00e9cut\u00e9e.<\/span><\/p>\n<p><span style=\"font-weight: 400;\">21 septembre 1985<\/span><\/p>\n<p><span style=\"font-weight: 400;\">Fin du CMRN et formation d\u2019un nouveau gouvernement par le g\u00e9n\u00e9ral Andr\u00e9 Kolingba<\/span><\/p>\n<p><span style=\"font-weight: 400;\">14 ao\u00fbt 1985<\/span><\/p>\n<p><span style=\"font-weight: 400;\">Visite du Pape Jean-Paul II<\/span><\/p>\n<p><span style=\"font-weight: 400;\">3 mars 1982<\/span><\/p>\n<p><span style=\"font-weight: 400;\">Ange-F\u00e9lix Patass\u00e9 tente de reconqu\u00e9rir le pays<\/span><\/p>\n<p><span style=\"font-weight: 400;\">1 septembre 1981<\/span><\/p>\n<p><span style=\"font-weight: 400;\">Chute de Dacko, coup d\u2019\u00c9tat militaire d\u2019Andr\u00e9 Kolingba (vraisemblablement soutenu par la France et Dacko lui-m\u00eame ); le pays est dirig\u00e9 par le Comit\u00e9 militaire de redressement national (CMRN)<\/span><\/p>\n<p><span style=\"font-weight: 400;\">15 mars 1981<\/span><\/p>\n<p><span style=\"font-weight: 400;\">\u00c9lections officielles qui portent David Dacko au pouvoir<\/span><\/p>\n<p><span style=\"font-weight: 400;\">24 d\u00e9cembre 1980<\/span><\/p>\n<p><span style=\"font-weight: 400;\">Jean B\u00e9del Bokassa est condamn\u00e9 \u00e0 mort par contumace<\/span><\/p>\n<p><span style=\"font-weight: 400;\">20 mars 1980<\/span><\/p>\n<p><span style=\"font-weight: 400;\">Le MESAN devient l\u2019Union d\u00e9mocratique centrafricaine, d\u00e9clar\u00e9 seul parti autoris\u00e9 dans le pays.<\/span><\/p>\n<p><span style=\"font-weight: 400;\">20-21 septembre 1979<\/span><\/p>\n<p><span style=\"font-weight: 400;\">Intervention fran\u00e7aise, \u00a0op\u00e9ration Barracuda qui renverse l\u2019Empereur Bokassa I., David Dacko est appel\u00e9 \u00e0 diriger le pays<\/span><\/p>\n<p><span style=\"font-weight: 400;\">18-19 septembre 1979<\/span><\/p>\n<p><span style=\"font-weight: 400;\">R\u00e9pression sanglante d\u2019une manifestation de lyc\u00e9ens, plusieurs centaines de morts. La France n\u2019est pas intervenue<\/span><\/p>\n<p><span style=\"font-weight: 400;\">Mai 1979<\/span><\/p>\n<p><span style=\"font-weight: 400;\">La France renonce \u00e0 soutenir Bokassa apr\u00e8s une information transmise par les m\u00e9dia internationaux \u00a0selon laquelle des enfants ont \u00e9t\u00e9 tu\u00e9 par des soldats de l\u2019arm\u00e9e<\/span><\/p>\n<p><span style=\"font-weight: 400;\">4 d\u00e9cembre 1977<\/span><\/p>\n<p><span style=\"font-weight: 400;\">Sacre du mar\u00e9chal Bokassa qui devient Empereur sous le nom de Bokassa 1er. l\u2019ensemble des d\u00e9penses de la c\u00e9l\u00e9bration repr\u00e9sente un quart du budget de l\u2019\u00c9tat ; deux journalistes am\u00e9ricains sont arr\u00eat\u00e9s en Centrafrique et les \u00c9tats Unis rappellent leur ambassadeur.<\/span><\/p>\n<p><span style=\"font-weight: 400;\">4 d\u00e9cembre 1976<\/span><\/p>\n<p><span style=\"font-weight: 400;\">Pendant un congr\u00e8s extraordinaire du MESAN, la Centrafrique est d\u00e9clar\u00e9e Empire<\/span><\/p>\n<p><span style=\"font-weight: 400;\">3 f\u00e9vrier 1976<\/span><\/p>\n<p><span style=\"font-weight: 400;\">Tentative d\u2019assassinat du Mar\u00e9chal Bokassa<\/span><\/p>\n<p><span style=\"font-weight: 400;\">Mars 1975<\/span><\/p>\n<p><span style=\"font-weight: 400;\">Tentative de renouer des relations diplomatiques et \u00e9conomique par une visite du chef de l\u2019Etat fran\u00e7ais, Val\u00e9ry Giscard d\u2019Estaing<\/span><\/p>\n<p><span style=\"font-weight: 400;\">Novembre 1974<\/span><\/p>\n<p><span style=\"font-weight: 400;\">Tentative de putsch par le g\u00e9n\u00e9ral Martin Lingoupou<\/span><\/p>\n<p><span style=\"font-weight: 400;\">20 mai 1974<\/span><\/p>\n<p><span style=\"font-weight: 400;\">Promotion de Bokassa du rang de colonel \u00e0 mar\u00e9chal<\/span><\/p>\n<p><span style=\"font-weight: 400;\">10 mai 1974<\/span><\/p>\n<p><span style=\"font-weight: 400;\">Nationalisation des firmes et entreprises priv\u00e9es<\/span><\/p>\n<p><span style=\"font-weight: 400;\">2 mars \u00a01972<\/span><\/p>\n<p><span style=\"font-weight: 400;\">Jean B\u00e9del Bokassa se d\u00e9clare pr\u00e9sident \u00e0 vie<\/span><\/p>\n<p><span style=\"font-weight: 400;\">30 ao\u00fbt 1970<\/span><\/p>\n<p><span style=\"font-weight: 400;\">R\u00e9forme agraire<\/span><\/p>\n<p><span style=\"font-weight: 400;\">11 avril 1969<\/span><\/p>\n<p><span style=\"font-weight: 400;\">Tentative de coup d\u2019\u00c9tat du colonel Alexandre Banzy<\/span><\/p>\n<p><span style=\"font-weight: 400;\">1er janvier 1966<\/span><\/p>\n<p><span style=\"font-weight: 400;\">Dacko est \u00e9cart\u00e9 du pouvoir; mise en place par Bokassa d\u2019un gouvernement militaire dont il prend la t\u00eate<\/span><\/p>\n<p><span style=\"font-weight: 400;\">31 d\u00e9cembre 1965<\/span><\/p>\n<p><span style=\"font-weight: 400;\">Le colonel Jean B\u00e9del Bokassa prend le pouvoir<\/span><\/p>\n<p><span style=\"font-weight: 400;\">5 janvier 1964<\/span><\/p>\n<p><span style=\"font-weight: 400;\">David Dacko, candidat unique, est \u00e9lu Pr\u00e9sident de la R\u00e9publique<\/span><\/p>\n<p><span style=\"font-weight: 400;\">novembre 1962<\/span><\/p>\n<p><span style=\"font-weight: 400;\">Instauration d\u2019un parti unique, le Mouvement de l\u2019\u00e9volution sociale de l\u2019Afrique noire \u00a0(MESAN)<\/span><\/p>\n<p><span style=\"font-weight: 400;\">f\u00e9vrier 1960<\/span><\/p>\n<p><span style=\"font-weight: 400;\">Interdiction du Mouvement pour la \u00a0lib\u00e9ration du peuple centrafricain, dont le chef est emprisonn\u00e9<\/span><\/p>\n<p><span style=\"font-weight: 400;\">17 novembre 1960<\/span><\/p>\n<p><span style=\"font-weight: 400;\">Choix de la R\u00e9publique comme syst\u00e8me \u00e9tatique. David Dacko est \u00e9lu premier pr\u00e9sident de l\u2019assembl\u00e9e nationale<\/span><\/p>\n<p><span style=\"font-weight: 400;\">13 ao\u00fbt 1960<\/span><\/p>\n<p><span style=\"font-weight: 400;\">Proclamation de l\u2019ind\u00e9pendance de la R\u00e9publique Centrafricaine<\/span><\/p>","protected":false},"excerpt":{"rendered":"<p>janvier 2017 Fermeture du camps de r\u00e9fugi\u00e9 de Mpoko pr\u00e8s de l\u2019a\u00e9roport de Bangui. 20 000 personnes install\u00e9es dans le camps doivent retourner \u00e0 l\u2019endroit d\u2019o\u00f9 elles avaient fui 4 ans auparavant ou dans le lieu de leur choix. Ni la s\u00e9curit\u00e9, ni la stabilit\u00e9 du pays ne sont assur\u00e9es. 17 novembre 2016 Conf\u00e9rence internationale [&hellip;]<\/p>\n","protected":false},"author":3,"featured_media":20,"parent":0,"menu_order":15,"comment_status":"closed","ping_status":"closed","template":"","meta":[],"_links":{"self":[{"href":"https:\/\/siriri.org\/fr\/wp-json\/wp\/v2\/pages\/235"}],"collection":[{"href":"https:\/\/siriri.org\/fr\/wp-json\/wp\/v2\/pages"}],"about":[{"href":"https:\/\/siriri.org\/fr\/wp-json\/wp\/v2\/types\/page"}],"author":[{"embeddable":true,"href":"https:\/\/siriri.org\/fr\/wp-json\/wp\/v2\/users\/3"}],"replies":[{"embeddable":true,"href":"https:\/\/siriri.org\/fr\/wp-json\/wp\/v2\/comments?post=235"}],"version-history":[{"count":8,"href":"https:\/\/siriri.org\/fr\/wp-json\/wp\/v2\/pages\/235\/revisions"}],"predecessor-version":[{"id":1331,"href":"https:\/\/siriri.org\/fr\/wp-json\/wp\/v2\/pages\/235\/revisions\/1331"}],"wp:featuredmedia":[{"embeddable":true,"href":"https:\/\/siriri.org\/fr\/wp-json\/wp\/v2\/media\/20"}],"wp:attachment":[{"href":"https:\/\/siriri.org\/fr\/wp-json\/wp\/v2\/media?parent=235"}],"curies":[{"name":"wp","href":"https:\/\/api.w.org\/{rel}","templated":true}]}}