{"id":223,"date":"2016-08-24T15:51:03","date_gmt":"2016-08-24T14:51:03","guid":{"rendered":"https:\/\/siriri.org\/?page_id=223"},"modified":"2018-02-22T10:17:26","modified_gmt":"2018-02-22T09:17:26","slug":"podporuji-nas","status":"publish","type":"page","link":"https:\/\/siriri.org\/fr\/podporuji-nas\/","title":{"rendered":"Ils nous soutiennent"},"content":{"rendered":"<p><span style=\"font-weight: 400;\">SIRIRI a rencontr\u00e9 plusieurs personnalit\u00e9s pour leur pr\u00e9senter ses actions et activit\u00e9s. Toutes ces personnalit\u00e9s ont \u00e9t\u00e9 impressionn\u00e9es par le travail de l\u2019organisation et ont manifest\u00e9 leur soutien \u00e0 SIRIRI en quelques lignes. Vous pouvez lire ci-dessous leurs paroles de soutien.<\/span><\/p>","protected":false},"excerpt":{"rendered":"<p>SIRIRI a rencontr\u00e9 plusieurs personnalit\u00e9s pour leur pr\u00e9senter ses actions et activit\u00e9s. Toutes ces personnalit\u00e9s ont \u00e9t\u00e9 impressionn\u00e9es par le travail de l\u2019organisation et ont manifest\u00e9 leur soutien \u00e0 SIRIRI en quelques lignes. Vous pouvez lire ci-dessous leurs paroles de soutien.<\/p>\n","protected":false},"author":3,"featured_media":538,"parent":0,"menu_order":7,"comment_status":"closed","ping_status":"closed","template":"page_references.php","meta":[],"_links":{"self":[{"href":"https:\/\/siriri.org\/fr\/wp-json\/wp\/v2\/pages\/223"}],"collection":[{"href":"https:\/\/siriri.org\/fr\/wp-json\/wp\/v2\/pages"}],"about":[{"href":"https:\/\/siriri.org\/fr\/wp-json\/wp\/v2\/types\/page"}],"author":[{"embeddable":true,"href":"https:\/\/siriri.org\/fr\/wp-json\/wp\/v2\/users\/3"}],"replies":[{"embeddable":true,"href":"https:\/\/siriri.org\/fr\/wp-json\/wp\/v2\/comments?post=223"}],"version-history":[{"count":6,"href":"https:\/\/siriri.org\/fr\/wp-json\/wp\/v2\/pages\/223\/revisions"}],"predecessor-version":[{"id":1342,"href":"https:\/\/siriri.org\/fr\/wp-json\/wp\/v2\/pages\/223\/revisions\/1342"}],"wp:featuredmedia":[{"embeddable":true,"href":"https:\/\/siriri.org\/fr\/wp-json\/wp\/v2\/media\/538"}],"wp:attachment":[{"href":"https:\/\/siriri.org\/fr\/wp-json\/wp\/v2\/media?parent=223"}],"curies":[{"name":"wp","href":"https:\/\/api.w.org\/{rel}","templated":true}]}}