{"id":220,"date":"2016-08-24T15:49:32","date_gmt":"2016-08-24T14:49:32","guid":{"rendered":"https:\/\/siriri.org\/?page_id=220"},"modified":"2023-06-07T14:05:20","modified_gmt":"2023-06-07T13:05:20","slug":"podekovani","status":"publish","type":"page","link":"https:\/\/siriri.org\/fr\/remerciements\/","title":{"rendered":"Remerciements"},"content":{"rendered":"<p class=\"qtranxs-available-languages-message qtranxs-available-languages-message-fr\">D\u00e9sol\u00e9, cet article est seulement disponible en <a href=\"https:\/\/siriri.org\/cs\/wp-json\/wp\/v2\/pages\/220\" class=\"qtranxs-available-language-link qtranxs-available-language-link-cs\" title=\"\u010cesky\">Tch\u00e8que<\/a>.<\/p>","protected":false},"excerpt":{"rendered":"<p>D\u00e9sol\u00e9, cet article est seulement disponible en Tch\u00e8que.<\/p>\n","protected":false},"author":3,"featured_media":648,"parent":0,"menu_order":6,"comment_status":"closed","ping_status":"closed","template":"","meta":[],"_links":{"self":[{"href":"https:\/\/siriri.org\/fr\/wp-json\/wp\/v2\/pages\/220"}],"collection":[{"href":"https:\/\/siriri.org\/fr\/wp-json\/wp\/v2\/pages"}],"about":[{"href":"https:\/\/siriri.org\/fr\/wp-json\/wp\/v2\/types\/page"}],"author":[{"embeddable":true,"href":"https:\/\/siriri.org\/fr\/wp-json\/wp\/v2\/users\/3"}],"replies":[{"embeddable":true,"href":"https:\/\/siriri.org\/fr\/wp-json\/wp\/v2\/comments?post=220"}],"version-history":[{"count":6,"href":"https:\/\/siriri.org\/fr\/wp-json\/wp\/v2\/pages\/220\/revisions"}],"predecessor-version":[{"id":731,"href":"https:\/\/siriri.org\/fr\/wp-json\/wp\/v2\/pages\/220\/revisions\/731"}],"wp:featuredmedia":[{"embeddable":true,"href":"https:\/\/siriri.org\/fr\/wp-json\/wp\/v2\/media\/648"}],"wp:attachment":[{"href":"https:\/\/siriri.org\/fr\/wp-json\/wp\/v2\/media?parent=220"}],"curies":[{"name":"wp","href":"https:\/\/api.w.org\/{rel}","templated":true}]}}