{"id":217,"date":"2016-08-24T15:47:47","date_gmt":"2016-08-24T14:47:47","guid":{"rendered":"https:\/\/siriri.org\/?page_id=217"},"modified":"2018-03-02T21:23:37","modified_gmt":"2018-03-02T20:23:37","slug":"partnerske-organizace","status":"publish","type":"page","link":"https:\/\/siriri.org\/fr\/partnerske-organizace\/","title":{"rendered":"Les associations et institutions partenaires"},"content":{"rendered":"<p><\/p>\n<h3><b>Le principal partenaire de SIRIRI &#8211; les missionnaires<\/b><\/h3>\n<p>La pierre angulaire du travail de SIRIRI est le travail avec les organisation partenaires au sein de la RCA. La mission de l\u2019Ordre des carmes d\u00e9chaux pr\u00e9sente en RCA depuis d\u00e9j\u00e0 trente ans est un partenaire privil\u00e9gi\u00e9 de SIRIRI. Elle a une exp\u00e9rience que ne poss\u00e8de aucune autre institution ou organisation non gouvernementale. Une grande partie des organisations \u00e9trang\u00e8res qui soutiennent le d\u00e9veloppement de la RCA ont quitt\u00e9 le pays en raison des conflits arm\u00e9s de ces derni\u00e8res ann\u00e9es, la mission \u00e9tant l\u2019une des rares organisations \u00e0 rester sur place.<\/p>\n<p>Les missionnaires donnent \u00e0 SIRIRI des informations sur les besoins en cours et informent sur la situation sur place qu\u2019ils connaissent tr\u00e8s bien. De plus, ils supervisent \u00e9galement l&rsquo;utilisation de l&rsquo;aide &#8211; afin que les les dons n\u2019aillent pas juste \u201cquelque part\u201d mais bien dans les mains de personnes responsables. Pour SIRIRI, la pr\u00e9sence des missionnaires est un avantage, ces derniers ayant un impact sur la communaut\u00e9 locale, une connaissance des conditions sur le terrain et de la situation au jour le jour.<\/p>\n<h3><b>FoRS \u2013 Forum tch\u00e8que pour la coop\u00e9ration au d\u00e9veloppement<\/b><\/h3>\n<p><span style=\"font-weight: 400;\">Le forum tch\u00e8que pour la coop\u00e9ration au d\u00e9veloppement est une plateforme qui r\u00e9unit pr\u00e8s de quarante organisations travaillant dans le domaine de la coop\u00e9ration au d\u00e9veloppement et de l\u2019aide humanitaire.<\/span><\/p>\n<p><span style=\"font-weight: 400;\">SIRIRI a \u00e9t\u00e9 invit\u00e9 par le FoRS en janvier 2007 en tant qu&rsquo;organisation observatrice. En mai \u00a02010, elle est devenue membre \u00e0 part enti\u00e8re de l\u2019association.<\/span><\/p>\n<p><a href=\"http:\/\/www.fors.cz\">www.fors.cz<\/a><\/p>\n<p><a href=\"http:\/\/www.fors.cz\"><img loading=\"lazy\" class=\"wp-image-671 aligncenter\" src=\"https:\/\/siriri.org\/wp-content\/uploads\/2016\/08\/fors.jpg\" alt=\"fors\" width=\"200\" height=\"125\" srcset=\"https:\/\/siriri.org\/wp-content\/uploads\/2016\/08\/fors.jpg 720w, https:\/\/siriri.org\/wp-content\/uploads\/2016\/08\/fors-300x187.jpg 300w\" sizes=\"(max-width: 200px) 100vw, 200px\" \/><\/a><\/p>\n<h3><b>Darujspravne.cz, \u201cdonnecorrectement.cz\u201d<\/b><\/h3>\n<p><span style=\"font-weight: 400;\">Darujspravne.cz et le seul et unique projet de son genre en R\u00e9publique tch\u00e8que.\u00a0<\/span><span style=\"font-weight: 400;\">L\u2019ambition du Forum des donateurs et de donner \u00e0 chacun le mode d\u2019emploi pour \u00eatre un bon donateur responsable.\u00a0<\/span><span style=\"font-weight: 400;\">Le projet darujspravne.cz examine et recommande les organisations \u00e0 but non lucratif. Ce projet ne sollicite pas d\u2019argent de votre part mais vous permet de choisir et vous donne l\u2019assurance que vous donnez correctement. Donc si vous choisissez une ONG labellis\u00e9e \u201cdarujspravne.cz\u201d, vous ne pouvez pas vous tromper.<\/span><\/p>\n<p><span style=\"font-weight: 400;\">Le Forum des donateurs est la seule association de R\u00e9publique tch\u00e8que qui garantit les dons. Dans le secteur des dons, le Forum des donateurs travaille avec succ\u00e8s depuis environ 12 ans.\u00a0<\/span><span style=\"font-weight: 400;\">Parmi nos projet, DMS \u2013 D\u00e1rcovsk\u00e1 SMS fait partie des projets labellis\u00e9s, est un projet qui a permis de r\u00e9colter plus de 250 millions de couronnes.\u00a0<\/span><span style=\"font-weight: 400;\">Le Forum des donateurs travaille avec l\u2019association des fondations, l\u2019association des fonds de dotation et le club des donateurs d\u2019entreprise.<\/span><\/p>\n<p><a href=\"http:\/\/Darujspravne.cz\">www.darujspravne.cz<\/a><\/p>\n<p><a href=\"http:\/\/Darujspravne.cz\"><img loading=\"lazy\" class=\"size-full wp-image-672 aligncenter\" src=\"https:\/\/siriri.org\/wp-content\/uploads\/2016\/08\/daruj-spr\u00e1vn\u011b.png\" alt=\"daruj-spravne\" width=\"270\" height=\"130\" \/><\/a><\/p>\n<h3><b>Chambre de commerce franco-tch\u00e8que<\/b><\/h3>\n<p><span style=\"font-weight: 400;\">La chambre de commerce franco-tch\u00e8que fond\u00e9e en mars 1996 est une plateforme pour le d\u00e9veloppement de la communaut\u00e9 franco-tch\u00e8que, des affaires et des relations entre les deux pays tout en \u00e9tant partisane de l\u2019id\u00e9e d\u2019une Europe unie. Depuis septembre 2016 SIRIRI est un membre associ\u00e9 de la chambre de commerce.<\/span><\/p>\n<p><a style=\"font-size: 16px;\" href=\"http:\/\/www.ccft-fcok.cz\/cz\/\">www.ccft-fcok.cz\/cz<\/a><\/p>\n<p><a href=\"http:\/\/www.ccft-fcok.cz\/cz\/\"><img loading=\"lazy\" class=\"wp-image-674 aligncenter\" src=\"https:\/\/siriri.org\/wp-content\/uploads\/2016\/08\/francouzsko-\u010desk\u00e1-obchodn\u00ed-komora-768x215.png\" alt=\"francouzsko-ceska-obchodni-komora\" width=\"250\" height=\"70\" srcset=\"https:\/\/siriri.org\/wp-content\/uploads\/2016\/08\/francouzsko-\u010desk\u00e1-obchodn\u00ed-komora-768x215.png 768w, https:\/\/siriri.org\/wp-content\/uploads\/2016\/08\/francouzsko-\u010desk\u00e1-obchodn\u00ed-komora-300x84.png 300w, https:\/\/siriri.org\/wp-content\/uploads\/2016\/08\/francouzsko-\u010desk\u00e1-obchodn\u00ed-komora.png 1181w\" sizes=\"(max-width: 250px) 100vw, 250px\" \/><\/a><\/p>\n<h3><b>Le Minist\u00e8re des affaires \u00e9trang\u00e8res tch\u00e8ques et l\u2019agence tch\u00e8que pour le d\u00e9veloppement<\/b><\/h3>\n<p><span style=\"font-weight: 400;\">SIRIRI est soutenue par l&rsquo;Agence tch\u00e8que de d\u00e9veloppement et le minist\u00e8re des Affaires \u00e9trang\u00e8res dans le cadre du programme de coop\u00e9ration pour le d\u00e9veloppement international.<\/span><\/p>\n<p><img loading=\"lazy\" class=\"wp-image-585 aligncenter\" src=\"https:\/\/siriri.org\/wp-content\/uploads\/2016\/08\/\u010cr-pom\u00e1h\u00e1-768x273.jpg\" alt=\"crdc_p\" width=\"250\" height=\"89\" srcset=\"https:\/\/siriri.org\/wp-content\/uploads\/2016\/08\/\u010cr-pom\u00e1h\u00e1-768x273.jpg 768w, https:\/\/siriri.org\/wp-content\/uploads\/2016\/08\/\u010cr-pom\u00e1h\u00e1-300x107.jpg 300w, https:\/\/siriri.org\/wp-content\/uploads\/2016\/08\/\u010cr-pom\u00e1h\u00e1.jpg 1441w\" sizes=\"(max-width: 250px) 100vw, 250px\" \/><\/p>","protected":false},"excerpt":{"rendered":"<p>Le principal partenaire de SIRIRI &#8211; les missionnaires La pierre angulaire du travail de SIRIRI est le travail avec les organisation partenaires au sein de la RCA. La mission de l\u2019Ordre des carmes d\u00e9chaux pr\u00e9sente en RCA depuis d\u00e9j\u00e0 trente ans est un partenaire privil\u00e9gi\u00e9 de SIRIRI. Elle a une exp\u00e9rience que ne poss\u00e8de aucune [&hellip;]<\/p>\n","protected":false},"author":3,"featured_media":686,"parent":0,"menu_order":5,"comment_status":"closed","ping_status":"closed","template":"","meta":[],"_links":{"self":[{"href":"https:\/\/siriri.org\/fr\/wp-json\/wp\/v2\/pages\/217"}],"collection":[{"href":"https:\/\/siriri.org\/fr\/wp-json\/wp\/v2\/pages"}],"about":[{"href":"https:\/\/siriri.org\/fr\/wp-json\/wp\/v2\/types\/page"}],"author":[{"embeddable":true,"href":"https:\/\/siriri.org\/fr\/wp-json\/wp\/v2\/users\/3"}],"replies":[{"embeddable":true,"href":"https:\/\/siriri.org\/fr\/wp-json\/wp\/v2\/comments?post=217"}],"version-history":[{"count":8,"href":"https:\/\/siriri.org\/fr\/wp-json\/wp\/v2\/pages\/217\/revisions"}],"predecessor-version":[{"id":1341,"href":"https:\/\/siriri.org\/fr\/wp-json\/wp\/v2\/pages\/217\/revisions\/1341"}],"wp:featuredmedia":[{"embeddable":true,"href":"https:\/\/siriri.org\/fr\/wp-json\/wp\/v2\/media\/686"}],"wp:attachment":[{"href":"https:\/\/siriri.org\/fr\/wp-json\/wp\/v2\/media?parent=217"}],"curies":[{"name":"wp","href":"https:\/\/api.w.org\/{rel}","templated":true}]}}