{"id":115,"date":"2016-07-31T17:30:24","date_gmt":"2016-07-31T16:30:24","guid":{"rendered":"https:\/\/siriri.org\/?page_id=115"},"modified":"2022-01-20T10:41:14","modified_gmt":"2022-01-20T09:41:14","slug":"tym-siriri","status":"publish","type":"page","link":"https:\/\/siriri.org\/fr\/tym-siriri\/","title":{"rendered":"L\u2019\u00e9quipe de SIRIRI"},"content":{"rendered":"<p><span style=\"font-weight: 400;\">SIRIRI a \u00e9t\u00e9 fond\u00e9e par six personnes.\u00a0<\/span><span style=\"font-weight: 400;\">L\u2019activit\u00e9 de SIRIRI est dirig\u00e9e par un conseil d\u2019administration tripartite, et contr\u00f4l\u00e9e par un conseil de surveillance tripartite.<\/span><span style=\"font-weight: 400;\">L\u2019\u00e9quipe ex\u00e9cutive rassemble un directeur, une assistante, un coordinateur relations publiques et un coordinateur pour la lev\u00e9e de fonds. Tous travaillent en collaboration \u00e9troite avec une \u00e9quipe de b\u00e9n\u00e9voles.<\/span><\/p>\n<p><span style=\"font-weight: 400;\">Une vingtaine de personnes participent aux activit\u00e9s de l\u2019organisation d\u2019int\u00e9r\u00eat public SIRIRI. La plupart d\u2019entre elles sont des b\u00e9n\u00e9voles, les salari\u00e9s repr\u00e9sentent 3,25 temps plein. Certains membres de l\u2019\u00e9quipe s\u2019occupent depuis longtemps de la coordination de domaines concrets. Les autres interviennent dans diff\u00e9rentes activit\u00e9s et mettent \u00e0 disposition leur travail et \u00e9nergie pour mener les actions et projets du moment.<\/span><\/p>\n<p><span style=\"font-weight: 400;\">Vous souhaiter rejoindre l\u2019\u00e9quipe de b\u00e9n\u00e9vole de SIRIRI? Ecrivez-nous \u00e0 l\u2019adresse siriri@siriri.org.<\/span><\/p>","protected":false},"excerpt":{"rendered":"<p>SIRIRI a \u00e9t\u00e9 fond\u00e9e par six personnes.\u00a0L\u2019activit\u00e9 de SIRIRI est dirig\u00e9e par un conseil d\u2019administration tripartite, et contr\u00f4l\u00e9e par un conseil de surveillance tripartite.L\u2019\u00e9quipe ex\u00e9cutive rassemble un directeur, une assistante, un coordinateur relations publiques et un coordinateur pour la lev\u00e9e de fonds. Tous travaillent en collaboration \u00e9troite avec une \u00e9quipe de b\u00e9n\u00e9voles. Une vingtaine de [&hellip;]<\/p>\n","protected":false},"author":3,"featured_media":730,"parent":0,"menu_order":3,"comment_status":"closed","ping_status":"closed","template":"page_team.php","meta":[],"_links":{"self":[{"href":"https:\/\/siriri.org\/fr\/wp-json\/wp\/v2\/pages\/115"}],"collection":[{"href":"https:\/\/siriri.org\/fr\/wp-json\/wp\/v2\/pages"}],"about":[{"href":"https:\/\/siriri.org\/fr\/wp-json\/wp\/v2\/types\/page"}],"author":[{"embeddable":true,"href":"https:\/\/siriri.org\/fr\/wp-json\/wp\/v2\/users\/3"}],"replies":[{"embeddable":true,"href":"https:\/\/siriri.org\/fr\/wp-json\/wp\/v2\/comments?post=115"}],"version-history":[{"count":15,"href":"https:\/\/siriri.org\/fr\/wp-json\/wp\/v2\/pages\/115\/revisions"}],"predecessor-version":[{"id":2044,"href":"https:\/\/siriri.org\/fr\/wp-json\/wp\/v2\/pages\/115\/revisions\/2044"}],"wp:featuredmedia":[{"embeddable":true,"href":"https:\/\/siriri.org\/fr\/wp-json\/wp\/v2\/media\/730"}],"wp:attachment":[{"href":"https:\/\/siriri.org\/fr\/wp-json\/wp\/v2\/media?parent=115"}],"curies":[{"name":"wp","href":"https:\/\/api.w.org\/{rel}","templated":true}]}}